{"id":1035,"date":"2015-04-01T14:18:15","date_gmt":"2015-04-01T14:18:15","guid":{"rendered":"http:\/\/kolumbuscigars.com\/?page_id=1035"},"modified":"2016-03-13T19:50:42","modified_gmt":"2016-03-13T19:50:42","slug":"bienvenido","status":"publish","type":"page","link":"https:\/\/www.kolumbuscigars.com\/es\/bienvenido\/","title":{"rendered":"BIENVENIDO"},"content":{"rendered":"<p style=\"text-align: left;\"><img decoding=\"async\" loading=\"lazy\" class=\"alignright wp-image-972\" src=\"https:\/\/www.kolumbuscigars.com\/wp-content\/uploads\/2015\/03\/kolumbus-nao2-300x169.jpg\" alt=\"kolumbus-nao2\" width=\"450\" height=\"253\" srcset=\"https:\/\/www.kolumbuscigars.com\/wp-content\/uploads\/2015\/03\/kolumbus-nao2-300x169.jpg 300w, https:\/\/www.kolumbuscigars.com\/wp-content\/uploads\/2015\/03\/kolumbus-nao2-600x338.jpg 600w, https:\/\/www.kolumbuscigars.com\/wp-content\/uploads\/2015\/03\/kolumbus-nao2.jpg 670w\" sizes=\"(max-width: 450px) 100vw, 450px\" \/>La fuerza que impulsa <span style=\"color: #917b4c;\"><strong>KOLUMBUS<\/strong><\/span> es la pasi\u00f3n que nos hace disfrutar de los peque\u00f1os placeres en plenitud, deleit\u00e1ndonos en cada instante como si fuera el \u00faltimo.<\/p>\n<p>El lujo es un estilo de vida pero tambi\u00e9n una actitud; las decisiones que adoptamos definen nuestra personalidad y c\u00f3mo queremos enfrentarnos a la vida.<\/p>\n<p>Cuando hablamos de puros, queremos ofrecer una experiencia que despierte los sentidos, que reconforte, invite al disfrute y nos haga descubrir los matices presentes en la simplicidad m\u00e1s pura. Un recuerdo que perdurar\u00e1 para siempre en nuestra memoria.<\/p>\n<p>Tal y como hizo el almirante Christoph Kolumbus, viajamos por todo el mundo buscando el mejor puro, aquel que reuniera equilibrio, intensidad y exquisitez. Hallamos nuestro para\u00edso en la isla de La Palma y ahora queremos compartir nuestro secreto con\u00a0usted.<\/p>\n<p>Las hojas empleadas en los puros artesanales de La Palma son cuidadosamente seleccionadas por expertos locales y su proceso de elaboraci\u00f3n es completamente manual, siguiendo m\u00e9todos que cuentan con siglos de antig\u00fcedad. Esto los hace \u00fanicos a nivel de aroma y sabor.<\/p>\n","protected":false},"excerpt":{"rendered":"<p>La fuerza que impulsa KOLUMBUS es la pasi\u00f3n que nos hace disfrutar de los peque\u00f1os placeres en plenitud, deleit\u00e1ndonos en cada instante como si fuera el \u00faltimo. El lujo es un estilo de vida pero tambi\u00e9n una actitud; las decisiones que adoptamos definen nuestra personalidad y c\u00f3mo queremos enfrentarnos a la vida. Cuando hablamos de [&hellip;]<\/p>\n","protected":false},"author":1,"featured_media":0,"parent":0,"menu_order":0,"comment_status":"closed","ping_status":"closed","template":"","meta":[],"yoast_head":"<!-- This site is optimized with the Yoast SEO plugin v20.5 - https:\/\/yoast.com\/wordpress\/plugins\/seo\/ -->\n<title>BIENVENIDO - KOLUMBUS Cigars<\/title>\n<meta name=\"robots\" content=\"index, follow, max-snippet:-1, max-image-preview:large, max-video-preview:-1\" \/>\n<link rel=\"canonical\" href=\"https:\/\/www.kolumbuscigars.com\/es\/bienvenido\/\" \/>\n<meta property=\"og:locale\" content=\"es_ES\" \/>\n<meta property=\"og:type\" content=\"article\" \/>\n<meta property=\"og:title\" content=\"BIENVENIDO - KOLUMBUS Cigars\" \/>\n<meta property=\"og:description\" content=\"La fuerza que impulsa KOLUMBUS es la pasi\u00f3n que nos hace disfrutar de los peque\u00f1os placeres en plenitud, deleit\u00e1ndonos en cada instante como si fuera el \u00faltimo. El lujo es un estilo de vida pero tambi\u00e9n una actitud; las decisiones que adoptamos definen nuestra personalidad y c\u00f3mo queremos enfrentarnos a la vida. Cuando hablamos de [&hellip;]\" \/>\n<meta property=\"og:url\" content=\"https:\/\/www.kolumbuscigars.com\/es\/bienvenido\/\" \/>\n<meta property=\"og:site_name\" content=\"KOLUMBUS Cigars\" \/>\n<meta property=\"article:modified_time\" content=\"2016-03-13T19:50:42+00:00\" \/>\n<meta property=\"og:image\" content=\"https:\/\/www.kolumbuscigars.com\/wp-content\/uploads\/2015\/03\/kolumbus-nao2-300x169.jpg\" \/>\n<meta name=\"twitter:card\" content=\"summary_large_image\" \/>\n<meta name=\"twitter:label1\" content=\"Tiempo de lectura\" \/>\n\t<meta name=\"twitter:data1\" content=\"1 minuto\" \/>\n<script type=\"application\/ld+json\" class=\"yoast-schema-graph\">{\"@context\":\"https:\/\/schema.org\",\"@graph\":[{\"@type\":\"WebPage\",\"@id\":\"https:\/\/www.kolumbuscigars.com\/es\/bienvenido\/\",\"url\":\"https:\/\/www.kolumbuscigars.com\/es\/bienvenido\/\",\"name\":\"BIENVENIDO - KOLUMBUS Cigars\",\"isPartOf\":{\"@id\":\"https:\/\/www.kolumbuscigars.com\/#website\"},\"datePublished\":\"2015-04-01T14:18:15+00:00\",\"dateModified\":\"2016-03-13T19:50:42+00:00\",\"breadcrumb\":{\"@id\":\"https:\/\/www.kolumbuscigars.com\/es\/bienvenido\/#breadcrumb\"},\"inLanguage\":\"es\",\"potentialAction\":[{\"@type\":\"ReadAction\",\"target\":[\"https:\/\/www.kolumbuscigars.com\/es\/bienvenido\/\"]}]},{\"@type\":\"BreadcrumbList\",\"@id\":\"https:\/\/www.kolumbuscigars.com\/es\/bienvenido\/#breadcrumb\",\"itemListElement\":[{\"@type\":\"ListItem\",\"position\":1,\"name\":\"Home\",\"item\":\"https:\/\/www.kolumbuscigars.com\/es\/\"},{\"@type\":\"ListItem\",\"position\":2,\"name\":\"BIENVENIDO\"}]},{\"@type\":\"WebSite\",\"@id\":\"https:\/\/www.kolumbuscigars.com\/#website\",\"url\":\"https:\/\/www.kolumbuscigars.com\/\",\"name\":\"KOLUMBUS Cigars\",\"description\":\"Premium Cigars From La Palma\",\"potentialAction\":[{\"@type\":\"SearchAction\",\"target\":{\"@type\":\"EntryPoint\",\"urlTemplate\":\"https:\/\/www.kolumbuscigars.com\/?s={search_term_string}\"},\"query-input\":\"required name=search_term_string\"}],\"inLanguage\":\"es\"}]}<\/script>\n<!-- \/ Yoast SEO plugin. -->","yoast_head_json":{"title":"BIENVENIDO - KOLUMBUS Cigars","robots":{"index":"index","follow":"follow","max-snippet":"max-snippet:-1","max-image-preview":"max-image-preview:large","max-video-preview":"max-video-preview:-1"},"canonical":"https:\/\/www.kolumbuscigars.com\/es\/bienvenido\/","og_locale":"es_ES","og_type":"article","og_title":"BIENVENIDO - KOLUMBUS Cigars","og_description":"La fuerza que impulsa KOLUMBUS es la pasi\u00f3n que nos hace disfrutar de los peque\u00f1os placeres en plenitud, deleit\u00e1ndonos en cada instante como si fuera el \u00faltimo. El lujo es un estilo de vida pero tambi\u00e9n una actitud; las decisiones que adoptamos definen nuestra personalidad y c\u00f3mo queremos enfrentarnos a la vida. Cuando hablamos de [&hellip;]","og_url":"https:\/\/www.kolumbuscigars.com\/es\/bienvenido\/","og_site_name":"KOLUMBUS Cigars","article_modified_time":"2016-03-13T19:50:42+00:00","og_image":[{"url":"https:\/\/www.kolumbuscigars.com\/wp-content\/uploads\/2015\/03\/kolumbus-nao2-300x169.jpg"}],"twitter_card":"summary_large_image","twitter_misc":{"Tiempo de lectura":"1 minuto"},"schema":{"@context":"https:\/\/schema.org","@graph":[{"@type":"WebPage","@id":"https:\/\/www.kolumbuscigars.com\/es\/bienvenido\/","url":"https:\/\/www.kolumbuscigars.com\/es\/bienvenido\/","name":"BIENVENIDO - KOLUMBUS Cigars","isPartOf":{"@id":"https:\/\/www.kolumbuscigars.com\/#website"},"datePublished":"2015-04-01T14:18:15+00:00","dateModified":"2016-03-13T19:50:42+00:00","breadcrumb":{"@id":"https:\/\/www.kolumbuscigars.com\/es\/bienvenido\/#breadcrumb"},"inLanguage":"es","potentialAction":[{"@type":"ReadAction","target":["https:\/\/www.kolumbuscigars.com\/es\/bienvenido\/"]}]},{"@type":"BreadcrumbList","@id":"https:\/\/www.kolumbuscigars.com\/es\/bienvenido\/#breadcrumb","itemListElement":[{"@type":"ListItem","position":1,"name":"Home","item":"https:\/\/www.kolumbuscigars.com\/es\/"},{"@type":"ListItem","position":2,"name":"BIENVENIDO"}]},{"@type":"WebSite","@id":"https:\/\/www.kolumbuscigars.com\/#website","url":"https:\/\/www.kolumbuscigars.com\/","name":"KOLUMBUS Cigars","description":"Premium Cigars From La Palma","potentialAction":[{"@type":"SearchAction","target":{"@type":"EntryPoint","urlTemplate":"https:\/\/www.kolumbuscigars.com\/?s={search_term_string}"},"query-input":"required name=search_term_string"}],"inLanguage":"es"}]}},"_links":{"self":[{"href":"https:\/\/www.kolumbuscigars.com\/es\/wp-json\/wp\/v2\/pages\/1035"}],"collection":[{"href":"https:\/\/www.kolumbuscigars.com\/es\/wp-json\/wp\/v2\/pages"}],"about":[{"href":"https:\/\/www.kolumbuscigars.com\/es\/wp-json\/wp\/v2\/types\/page"}],"author":[{"embeddable":true,"href":"https:\/\/www.kolumbuscigars.com\/es\/wp-json\/wp\/v2\/users\/1"}],"replies":[{"embeddable":true,"href":"https:\/\/www.kolumbuscigars.com\/es\/wp-json\/wp\/v2\/comments?post=1035"}],"version-history":[{"count":16,"href":"https:\/\/www.kolumbuscigars.com\/es\/wp-json\/wp\/v2\/pages\/1035\/revisions"}],"predecessor-version":[{"id":3278,"href":"https:\/\/www.kolumbuscigars.com\/es\/wp-json\/wp\/v2\/pages\/1035\/revisions\/3278"}],"wp:attachment":[{"href":"https:\/\/www.kolumbuscigars.com\/es\/wp-json\/wp\/v2\/media?parent=1035"}],"curies":[{"name":"wp","href":"https:\/\/api.w.org\/{rel}","templated":true}]}}