{"id":1048,"date":"2015-04-01T14:29:06","date_gmt":"2015-04-01T14:29:06","guid":{"rendered":"http:\/\/kolumbuscigars.com\/?page_id=1048"},"modified":"2019-10-03T15:11:10","modified_gmt":"2019-10-03T15:11:10","slug":"el-puro-palmero","status":"publish","type":"page","link":"https:\/\/www.kolumbuscigars.com\/es\/el-puro-palmero\/","title":{"rendered":"EL PURO PALMERO"},"content":{"rendered":"<p>Trescientos a\u00f1os de experiencia avalan la calidad del puro canario y su indiscutible posici\u00f3n entre los mejores del mundo. En este reconocimiento confluyen factores como la materia prima, el talento de aquellos que saben componer una liga armoniosa y la sabidur\u00eda adquirida y heredada por los artesanos del puro.<\/p>\n<p>Los canarios perfeccionaron la cosecha del tabaco y torcido en Cuba, cuando se produjo una migraci\u00f3n masiva en el siglo XIX hacia la isla caribe\u00f1a para cubrir la necesidad de mano de obra que exist\u00eda en el sector.<\/p>\n<p>Con el retorno de los emigrados tras la p\u00e9rdida de las \u00faltimas colonias espa\u00f1olas en 1898, comenzaron a proliferar campos de cultivo y f\u00e1bricas y con ellas las primeras marcas de cigarros puros. El tabaco gener\u00f3 en Canarias una gran actividad industrial y laboral, principalmente en La Palma, Tenerife y Gran Canaria, empleando entre seis mil y diez mil personas.<\/p>\n<h3><strong>La Palma y los puros, un matrimonio perfecto<\/strong><\/h3>\n<p><img decoding=\"async\" loading=\"lazy\" class=\"alignleft wp-image-3990\" src=\"https:\/\/www.kolumbuscigars.com\/wp-content\/uploads\/2015\/02\/kolumbus-La_Palma-300x152.jpg\" alt=\"kolumbus-La_Palma\" width=\"420\" height=\"213\" srcset=\"https:\/\/www.kolumbuscigars.com\/wp-content\/uploads\/2015\/02\/kolumbus-La_Palma-300x152.jpg 300w, https:\/\/www.kolumbuscigars.com\/wp-content\/uploads\/2015\/02\/kolumbus-La_Palma-768x390.jpg 768w, https:\/\/www.kolumbuscigars.com\/wp-content\/uploads\/2015\/02\/kolumbus-La_Palma.jpg 1024w, https:\/\/www.kolumbuscigars.com\/wp-content\/uploads\/2015\/02\/kolumbus-La_Palma-600x305.jpg 600w\" sizes=\"(max-width: 420px) 100vw, 420px\" \/>Estas f\u00e1bricas y chinchales florecieron con mucha fuerza en el paisaje de La Palma, ya que la mayor\u00eda de emigrantes que partieron a Cuba proced\u00edan de la isla. Los indianos \u2013por este apelativo eran conocidos\u2013 compraron las fincas de los terratenientes palmeros arruinados por la crisis de la cochinilla en la d\u00e9cada de 1870 para cultivar tabaco y poner en pr\u00e1ctica los conocimientos adquiridos al otro lado del Atl\u00e1ntico.<\/p>\n<p>El tabaco se cosecha en las f\u00e9rtiles tierras de Bre\u00f1a Alta, Bre\u00f1a Baja, Santa Cruz de La Palma, Mazo, El Paso y Los Llanos de Aridane. Para acreditar su denominaci\u00f3n de origen, el puro palmero cuenta con un sello oficial de garant\u00eda de calidad.<\/p>\n<p>Los puros palmeros son el resultado de la combinaci\u00f3n de los mejores tabacos creados en un proceso largo y artesanal, siguiendo una vasta tradici\u00f3n en el cultivo y torcido. Cuentan en su ligada con hoja de Bre\u00f1a, caracterizada por su aroma intenso, por su sabor floral, sus notas a romero, y sus recuerdos a frutos rojos y nuez moscada. Estas caracter\u00edsticas vienen definidas por la propia naturaleza y la tierra volc\u00e1nica donde crecen las plantas de tabaco en La Palma.<\/p>\n<div id=\"attachment_4121\" style=\"width: 300px\" class=\"wp-caption alignright\"><img aria-describedby=\"caption-attachment-4121\" decoding=\"async\" loading=\"lazy\" class=\"wp-image-4121\" src=\"https:\/\/www.kolumbuscigars.com\/wp-content\/uploads\/2017\/02\/kolumbus-leaves.jpg\" alt=\"kolumbus-leaves\" width=\"290\" height=\"243\" srcset=\"https:\/\/www.kolumbuscigars.com\/wp-content\/uploads\/2017\/02\/kolumbus-leaves.jpg 643w, https:\/\/www.kolumbuscigars.com\/wp-content\/uploads\/2017\/02\/kolumbus-leaves-300x251.jpg 300w, https:\/\/www.kolumbuscigars.com\/wp-content\/uploads\/2017\/02\/kolumbus-leaves-600x503.jpg 600w\" sizes=\"(max-width: 290px) 100vw, 290px\" \/><p id=\"caption-attachment-4121\" class=\"wp-caption-text\">Hojas secas de Bre\u00f1a.<\/p><\/div>\n<p>La elaboraci\u00f3n de los puros ha tra\u00eddo consigo otros valores intangibles, como ciertos vocablos empleados por residentes que describen el tama\u00f1o y la forma de los puros. Por ejemplo, los nuncios son los puros grandes y gruesos o los panetelas son aquellos delgados y largos. Y es que la isla bonita es hoy la tierra con el mayor cultivo de tabaco que existe al sur de los Pirineos.<\/p>\n<p>El verde de las plantaciones de tabaco inunda el paisaje de La Palma en noviembre y diciembre. Con esta explosi\u00f3n de color da comienzo el proceso de producci\u00f3n que concluye con la fermentaci\u00f3n de las hojas para pasar entonces a las manos de expertos artesanos, que con mimo y pericia ensamblan y dan forma a uno de los mayores placeres que existen en el mundo. Tal y como dijo el c\u00e9lebre cosechero Augusto Gonz\u00e1lez:<\/p>\n<h5><em>\u201cEl mejor tabaco del mundo est\u00e1 en Pinar del R\u00edo y en La Palma; as\u00ed se ha dicho, se dice y se dir\u00e1\u201d.<\/em><\/h5>\n","protected":false},"excerpt":{"rendered":"<p>Trescientos a\u00f1os de experiencia avalan la calidad del puro canario y su indiscutible posici\u00f3n entre los mejores del mundo. En este reconocimiento confluyen factores como la materia prima, el talento de aquellos que saben componer una liga armoniosa y la sabidur\u00eda adquirida y heredada por los artesanos del puro. Los canarios perfeccionaron la cosecha del [&hellip;]<\/p>\n","protected":false},"author":1,"featured_media":0,"parent":0,"menu_order":0,"comment_status":"closed","ping_status":"closed","template":"","meta":[],"yoast_head":"<!-- This site is optimized with the Yoast SEO plugin v20.5 - https:\/\/yoast.com\/wordpress\/plugins\/seo\/ -->\n<title>EL PURO PALMERO - KOLUMBUS Cigars<\/title>\n<meta name=\"robots\" content=\"index, follow, max-snippet:-1, max-image-preview:large, max-video-preview:-1\" \/>\n<link rel=\"canonical\" href=\"https:\/\/www.kolumbuscigars.com\/es\/el-puro-palmero\/\" \/>\n<meta property=\"og:locale\" content=\"es_ES\" \/>\n<meta property=\"og:type\" content=\"article\" \/>\n<meta property=\"og:title\" content=\"EL PURO PALMERO - KOLUMBUS Cigars\" \/>\n<meta property=\"og:description\" content=\"Trescientos a\u00f1os de experiencia avalan la calidad del puro canario y su indiscutible posici\u00f3n entre los mejores del mundo. En este reconocimiento confluyen factores como la materia prima, el talento de aquellos que saben componer una liga armoniosa y la sabidur\u00eda adquirida y heredada por los artesanos del puro. Los canarios perfeccionaron la cosecha del [&hellip;]\" \/>\n<meta property=\"og:url\" content=\"https:\/\/www.kolumbuscigars.com\/es\/el-puro-palmero\/\" \/>\n<meta property=\"og:site_name\" content=\"KOLUMBUS Cigars\" \/>\n<meta property=\"article:modified_time\" content=\"2019-10-03T15:11:10+00:00\" \/>\n<meta property=\"og:image\" content=\"https:\/\/www.kolumbuscigars.com\/wp-content\/uploads\/2015\/02\/kolumbus-La_Palma-300x152.jpg\" \/>\n<meta name=\"twitter:card\" content=\"summary_large_image\" \/>\n<meta name=\"twitter:label1\" content=\"Tiempo de lectura\" \/>\n\t<meta name=\"twitter:data1\" content=\"3 minutos\" \/>\n<script type=\"application\/ld+json\" class=\"yoast-schema-graph\">{\"@context\":\"https:\/\/schema.org\",\"@graph\":[{\"@type\":\"WebPage\",\"@id\":\"https:\/\/www.kolumbuscigars.com\/es\/el-puro-palmero\/\",\"url\":\"https:\/\/www.kolumbuscigars.com\/es\/el-puro-palmero\/\",\"name\":\"EL PURO PALMERO - KOLUMBUS Cigars\",\"isPartOf\":{\"@id\":\"https:\/\/www.kolumbuscigars.com\/#website\"},\"datePublished\":\"2015-04-01T14:29:06+00:00\",\"dateModified\":\"2019-10-03T15:11:10+00:00\",\"breadcrumb\":{\"@id\":\"https:\/\/www.kolumbuscigars.com\/es\/el-puro-palmero\/#breadcrumb\"},\"inLanguage\":\"es\",\"potentialAction\":[{\"@type\":\"ReadAction\",\"target\":[\"https:\/\/www.kolumbuscigars.com\/es\/el-puro-palmero\/\"]}]},{\"@type\":\"BreadcrumbList\",\"@id\":\"https:\/\/www.kolumbuscigars.com\/es\/el-puro-palmero\/#breadcrumb\",\"itemListElement\":[{\"@type\":\"ListItem\",\"position\":1,\"name\":\"Home\",\"item\":\"https:\/\/www.kolumbuscigars.com\/es\/\"},{\"@type\":\"ListItem\",\"position\":2,\"name\":\"EL PURO PALMERO\"}]},{\"@type\":\"WebSite\",\"@id\":\"https:\/\/www.kolumbuscigars.com\/#website\",\"url\":\"https:\/\/www.kolumbuscigars.com\/\",\"name\":\"KOLUMBUS Cigars\",\"description\":\"Premium Cigars From La Palma\",\"potentialAction\":[{\"@type\":\"SearchAction\",\"target\":{\"@type\":\"EntryPoint\",\"urlTemplate\":\"https:\/\/www.kolumbuscigars.com\/?s={search_term_string}\"},\"query-input\":\"required name=search_term_string\"}],\"inLanguage\":\"es\"}]}<\/script>\n<!-- \/ Yoast SEO plugin. -->","yoast_head_json":{"title":"EL PURO PALMERO - KOLUMBUS Cigars","robots":{"index":"index","follow":"follow","max-snippet":"max-snippet:-1","max-image-preview":"max-image-preview:large","max-video-preview":"max-video-preview:-1"},"canonical":"https:\/\/www.kolumbuscigars.com\/es\/el-puro-palmero\/","og_locale":"es_ES","og_type":"article","og_title":"EL PURO PALMERO - KOLUMBUS Cigars","og_description":"Trescientos a\u00f1os de experiencia avalan la calidad del puro canario y su indiscutible posici\u00f3n entre los mejores del mundo. En este reconocimiento confluyen factores como la materia prima, el talento de aquellos que saben componer una liga armoniosa y la sabidur\u00eda adquirida y heredada por los artesanos del puro. Los canarios perfeccionaron la cosecha del [&hellip;]","og_url":"https:\/\/www.kolumbuscigars.com\/es\/el-puro-palmero\/","og_site_name":"KOLUMBUS Cigars","article_modified_time":"2019-10-03T15:11:10+00:00","og_image":[{"url":"https:\/\/www.kolumbuscigars.com\/wp-content\/uploads\/2015\/02\/kolumbus-La_Palma-300x152.jpg"}],"twitter_card":"summary_large_image","twitter_misc":{"Tiempo de lectura":"3 minutos"},"schema":{"@context":"https:\/\/schema.org","@graph":[{"@type":"WebPage","@id":"https:\/\/www.kolumbuscigars.com\/es\/el-puro-palmero\/","url":"https:\/\/www.kolumbuscigars.com\/es\/el-puro-palmero\/","name":"EL PURO PALMERO - KOLUMBUS Cigars","isPartOf":{"@id":"https:\/\/www.kolumbuscigars.com\/#website"},"datePublished":"2015-04-01T14:29:06+00:00","dateModified":"2019-10-03T15:11:10+00:00","breadcrumb":{"@id":"https:\/\/www.kolumbuscigars.com\/es\/el-puro-palmero\/#breadcrumb"},"inLanguage":"es","potentialAction":[{"@type":"ReadAction","target":["https:\/\/www.kolumbuscigars.com\/es\/el-puro-palmero\/"]}]},{"@type":"BreadcrumbList","@id":"https:\/\/www.kolumbuscigars.com\/es\/el-puro-palmero\/#breadcrumb","itemListElement":[{"@type":"ListItem","position":1,"name":"Home","item":"https:\/\/www.kolumbuscigars.com\/es\/"},{"@type":"ListItem","position":2,"name":"EL PURO PALMERO"}]},{"@type":"WebSite","@id":"https:\/\/www.kolumbuscigars.com\/#website","url":"https:\/\/www.kolumbuscigars.com\/","name":"KOLUMBUS Cigars","description":"Premium Cigars From La Palma","potentialAction":[{"@type":"SearchAction","target":{"@type":"EntryPoint","urlTemplate":"https:\/\/www.kolumbuscigars.com\/?s={search_term_string}"},"query-input":"required name=search_term_string"}],"inLanguage":"es"}]}},"_links":{"self":[{"href":"https:\/\/www.kolumbuscigars.com\/es\/wp-json\/wp\/v2\/pages\/1048"}],"collection":[{"href":"https:\/\/www.kolumbuscigars.com\/es\/wp-json\/wp\/v2\/pages"}],"about":[{"href":"https:\/\/www.kolumbuscigars.com\/es\/wp-json\/wp\/v2\/types\/page"}],"author":[{"embeddable":true,"href":"https:\/\/www.kolumbuscigars.com\/es\/wp-json\/wp\/v2\/users\/1"}],"replies":[{"embeddable":true,"href":"https:\/\/www.kolumbuscigars.com\/es\/wp-json\/wp\/v2\/comments?post=1048"}],"version-history":[{"count":38,"href":"https:\/\/www.kolumbuscigars.com\/es\/wp-json\/wp\/v2\/pages\/1048\/revisions"}],"predecessor-version":[{"id":76539,"href":"https:\/\/www.kolumbuscigars.com\/es\/wp-json\/wp\/v2\/pages\/1048\/revisions\/76539"}],"wp:attachment":[{"href":"https:\/\/www.kolumbuscigars.com\/es\/wp-json\/wp\/v2\/media?parent=1048"}],"curies":[{"name":"wp","href":"https:\/\/api.w.org\/{rel}","templated":true}]}}