{"id":1057,"date":"2015-04-01T14:34:22","date_gmt":"2015-04-01T14:34:22","guid":{"rendered":"http:\/\/kolumbuscigars.com\/?page_id=1057"},"modified":"2017-01-05T16:10:55","modified_gmt":"2017-01-05T16:10:55","slug":"historia","status":"publish","type":"page","link":"https:\/\/www.kolumbuscigars.com\/es\/historia\/","title":{"rendered":"HISTORIA"},"content":{"rendered":"<p>La historia de <span style=\"color: #917b4c;\"><strong>KOLUMBUS<\/strong><\/span> est\u00e1 estrechamente ligada a las gestas logradas por Christoph Kolumbus allende los mares. De hecho, la presentaci\u00f3n oficial tuvo lugar el 12 de octubre de 2014, fecha en la que se conmemor\u00f3 el 522 aniversario del descubrimiento de Am\u00e9rica por parte del almirante.<\/p>\n<p>Su esp\u00edritu audaz y valiente pervive en nosotros, por eso hemos decidido hacer de nuestra pasi\u00f3n nuestra profesi\u00f3n. Las haza\u00f1as de Kolumbus han viajado a trav\u00e9s de los siglos para crear un puro intenso y equilibrado; un legado que perdura gracias a <span style=\"color: #917b4c;\"><strong>KOLUMBUS<\/strong>.<\/span><br \/>\n<BR><\/p>\n<h3><strong>Christoph Kolumbus,\u00a0un gran aficionado a los puros<\/strong><\/h3>\n<p><em>\u201cEl 28 de octubre de 1492, cuando Christoph Kolumbus desembarc\u00f3 en la bah\u00eda cubana de Bariay creyendo que hab\u00eda llegado a Las Indias, su mayor curiosidad fue encontrarse con unos ind\u00edgenas que portaban en sus labios unos rollos encendidos de hojas secas que desped\u00edan un humo azul y arom\u00e1tico. \u00c9stos los empleaban para aliviar dolencias, curar enfermedades de la piel y celebrar sus ceremonias rituales.<\/em><\/p>\n<p><em><img decoding=\"async\" loading=\"lazy\" class=\" size-full wp-image-1158 alignright\" src=\"http:\/\/kolumbuscigars.com\/wp-content\/uploads\/2015\/02\/kolumbus-indigenous.jpg\" alt=\"kolumbus-indigenous\" width=\"450\" height=\"318\" srcset=\"https:\/\/www.kolumbuscigars.com\/wp-content\/uploads\/2015\/02\/kolumbus-indigenous.jpg 450w, https:\/\/www.kolumbuscigars.com\/wp-content\/uploads\/2015\/02\/kolumbus-indigenous-300x212.jpg 300w\" sizes=\"(max-width: 450px) 100vw, 450px\" \/>A su regreso a Espa\u00f1a, el Almirante de la Mar Oc\u00e9ana llev\u00f3 consigo un cargamento de hojas y tizones que hab\u00eda recibido como regalo. Y es que Kolumbus fue un amante de los cigarros, pero tuvo que llevarlo en secreto debido a las repercusiones de la Inquisici\u00f3n, que consideraba que s\u00f3lo el diablo pod\u00eda dar a un hombre el poder de sacar humo por la boca.<\/em><\/p>\n<p><em>En sucesivos viajes al Nuevo Mundo, teniendo que pasar siempre por las Islas Canarias, esparci\u00f3 en la isla de La Palma numerosas semillas de la planta de tabaco para que brotasen en sus verdes laderas de median\u00edas. Gracias a la acci\u00f3n de los fuertes vientos alisios propios del lugar y a que dispone de un clima muy similar al de Cuba, se dio paso a una nueva era con la producci\u00f3n del puro palmero hasta nuestros d\u00edas.\u00bb<\/em><br \/>\n<BR><\/p>\n<h3><strong>El v\u00ednculo entre las Islas Canarias y Cuba<\/strong><\/h3>\n<p>El intercambio comercial entre el Viejo y Nuevo Mundo continu\u00f3 a\u00f1os despu\u00e9s del glorioso descubrimiento realizado por Kolumbus. Gracias a su posici\u00f3n estrat\u00e9gica en el Atl\u00e1ntico, las Islas Canarias fueron parada y fonda para los barcos que navegaban hacia las Indias Occidentales. Tantas idas y venidas convirtieron a los canarios en \u00e1vidos viajeros y a Cuba en el destino ideal. En los albores del siglo XIX, la isla caribe\u00f1a era el productor de tabaco m\u00e1s relevante del mundo, empleando a buena parte de los 120.000 canarios que decidieron cambiar de isla en busca de prosperidad. Para poder cubrir la demanda y dada la necesidad de contar con nueva mano de obra, las autoridades locales expidieron licencias a los reci\u00e9n llegados para que pudieran plantar tabaco y comenzar as\u00ed a elaborar puros de forma artesanal.<\/p>\n<p><img decoding=\"async\" loading=\"lazy\" class=\"alignleft wp-image-3904\" src=\"http:\/\/kolumbuscigars.com\/wp-content\/uploads\/2015\/02\/kolumbus-emigrants.jpg\" alt=\"\" width=\"450\" height=\"316\" srcset=\"https:\/\/www.kolumbuscigars.com\/wp-content\/uploads\/2015\/02\/kolumbus-emigrants.jpg 640w, https:\/\/www.kolumbuscigars.com\/wp-content\/uploads\/2015\/02\/kolumbus-emigrants-300x211.jpg 300w, https:\/\/www.kolumbuscigars.com\/wp-content\/uploads\/2015\/02\/kolumbus-emigrants-600x422.jpg 600w\" sizes=\"(max-width: 450px) 100vw, 450px\" \/>Aunque existen documentos que acreditan que ya por 1723 se produc\u00eda tabaco en las Canarias, el aprendizaje se materializ\u00f3 y perfeccion\u00f3 en Cuba. Cuando la isla se independiz\u00f3 de Espa\u00f1a en 1898, los canarios regresaron a su tierra y con ellos el arte de elaborar puros. La climatolog\u00eda de La Palma y Tenerife hizo que se habilitaran zonas de cultivo para el tabaco y que los chinchales prosperaran, situando a las Canarias en el mapa de los aficionados a los puros incluso cuando el vapor sustituy\u00f3 a la navegaci\u00f3n a vela y ya no era necesario pernoctar en las islas.<\/p>\n<p>La dedicaci\u00f3n, entrega y destreza de los canarios han convertido a sus vitolas en un arte y tradici\u00f3n cuyo legado perdura con <span style=\"color: #917b4c;\"><strong>KOLUMBUS<\/strong><\/span>, un puro premium \u00fanico y exclusivo, elaborado totalmente a mano en La Palma. Est\u00e1 compuesto por una rigurosa selecci\u00f3n de tripas largas de tabaco palmero 100% natural, a\u00f1ejado en c\u00e1maras de cedro espa\u00f1ol y encapado con el mayor de los cuidados. Su aroma y su sabor, su fortaleza y su quemado parejo hacen de <span style=\"color: #917b4c;\"><strong>KOLUMBUS<\/strong><\/span> uno de los mejores puros artesanos del mundo.<\/p>\n","protected":false},"excerpt":{"rendered":"<p>La historia de KOLUMBUS est\u00e1 estrechamente ligada a las gestas logradas por Christoph Kolumbus allende los mares. De hecho, la presentaci\u00f3n oficial tuvo lugar el 12 de octubre de 2014, fecha en la que se conmemor\u00f3 el 522 aniversario del descubrimiento de Am\u00e9rica por parte del almirante. Su esp\u00edritu audaz y valiente pervive en nosotros, [&hellip;]<\/p>\n","protected":false},"author":1,"featured_media":0,"parent":0,"menu_order":0,"comment_status":"closed","ping_status":"closed","template":"","meta":[],"yoast_head":"<!-- This site is optimized with the Yoast SEO plugin v20.5 - https:\/\/yoast.com\/wordpress\/plugins\/seo\/ -->\n<title>HISTORIA - KOLUMBUS Cigars<\/title>\n<meta name=\"robots\" content=\"index, follow, max-snippet:-1, max-image-preview:large, max-video-preview:-1\" \/>\n<link rel=\"canonical\" href=\"https:\/\/www.kolumbuscigars.com\/es\/historia\/\" \/>\n<meta property=\"og:locale\" content=\"es_ES\" \/>\n<meta property=\"og:type\" content=\"article\" \/>\n<meta property=\"og:title\" content=\"HISTORIA - KOLUMBUS Cigars\" \/>\n<meta property=\"og:description\" content=\"La historia de KOLUMBUS est\u00e1 estrechamente ligada a las gestas logradas por Christoph Kolumbus allende los mares. De hecho, la presentaci\u00f3n oficial tuvo lugar el 12 de octubre de 2014, fecha en la que se conmemor\u00f3 el 522 aniversario del descubrimiento de Am\u00e9rica por parte del almirante. Su esp\u00edritu audaz y valiente pervive en nosotros, [&hellip;]\" \/>\n<meta property=\"og:url\" content=\"https:\/\/www.kolumbuscigars.com\/es\/historia\/\" \/>\n<meta property=\"og:site_name\" content=\"KOLUMBUS Cigars\" \/>\n<meta property=\"article:modified_time\" content=\"2017-01-05T16:10:55+00:00\" \/>\n<meta property=\"og:image\" content=\"http:\/\/kolumbuscigars.com\/wp-content\/uploads\/2015\/02\/kolumbus-indigenous.jpg\" \/>\n<meta name=\"twitter:card\" content=\"summary_large_image\" \/>\n<meta name=\"twitter:label1\" content=\"Tiempo de lectura\" \/>\n\t<meta name=\"twitter:data1\" content=\"3 minutos\" \/>\n<script type=\"application\/ld+json\" class=\"yoast-schema-graph\">{\"@context\":\"https:\/\/schema.org\",\"@graph\":[{\"@type\":\"WebPage\",\"@id\":\"https:\/\/www.kolumbuscigars.com\/es\/historia\/\",\"url\":\"https:\/\/www.kolumbuscigars.com\/es\/historia\/\",\"name\":\"HISTORIA - KOLUMBUS Cigars\",\"isPartOf\":{\"@id\":\"https:\/\/www.kolumbuscigars.com\/#website\"},\"datePublished\":\"2015-04-01T14:34:22+00:00\",\"dateModified\":\"2017-01-05T16:10:55+00:00\",\"breadcrumb\":{\"@id\":\"https:\/\/www.kolumbuscigars.com\/es\/historia\/#breadcrumb\"},\"inLanguage\":\"es\",\"potentialAction\":[{\"@type\":\"ReadAction\",\"target\":[\"https:\/\/www.kolumbuscigars.com\/es\/historia\/\"]}]},{\"@type\":\"BreadcrumbList\",\"@id\":\"https:\/\/www.kolumbuscigars.com\/es\/historia\/#breadcrumb\",\"itemListElement\":[{\"@type\":\"ListItem\",\"position\":1,\"name\":\"Home\",\"item\":\"https:\/\/www.kolumbuscigars.com\/es\/\"},{\"@type\":\"ListItem\",\"position\":2,\"name\":\"HISTORIA\"}]},{\"@type\":\"WebSite\",\"@id\":\"https:\/\/www.kolumbuscigars.com\/#website\",\"url\":\"https:\/\/www.kolumbuscigars.com\/\",\"name\":\"KOLUMBUS Cigars\",\"description\":\"Premium Cigars From La Palma\",\"potentialAction\":[{\"@type\":\"SearchAction\",\"target\":{\"@type\":\"EntryPoint\",\"urlTemplate\":\"https:\/\/www.kolumbuscigars.com\/?s={search_term_string}\"},\"query-input\":\"required name=search_term_string\"}],\"inLanguage\":\"es\"}]}<\/script>\n<!-- \/ Yoast SEO plugin. -->","yoast_head_json":{"title":"HISTORIA - KOLUMBUS Cigars","robots":{"index":"index","follow":"follow","max-snippet":"max-snippet:-1","max-image-preview":"max-image-preview:large","max-video-preview":"max-video-preview:-1"},"canonical":"https:\/\/www.kolumbuscigars.com\/es\/historia\/","og_locale":"es_ES","og_type":"article","og_title":"HISTORIA - KOLUMBUS Cigars","og_description":"La historia de KOLUMBUS est\u00e1 estrechamente ligada a las gestas logradas por Christoph Kolumbus allende los mares. De hecho, la presentaci\u00f3n oficial tuvo lugar el 12 de octubre de 2014, fecha en la que se conmemor\u00f3 el 522 aniversario del descubrimiento de Am\u00e9rica por parte del almirante. Su esp\u00edritu audaz y valiente pervive en nosotros, [&hellip;]","og_url":"https:\/\/www.kolumbuscigars.com\/es\/historia\/","og_site_name":"KOLUMBUS Cigars","article_modified_time":"2017-01-05T16:10:55+00:00","og_image":[{"url":"http:\/\/kolumbuscigars.com\/wp-content\/uploads\/2015\/02\/kolumbus-indigenous.jpg"}],"twitter_card":"summary_large_image","twitter_misc":{"Tiempo de lectura":"3 minutos"},"schema":{"@context":"https:\/\/schema.org","@graph":[{"@type":"WebPage","@id":"https:\/\/www.kolumbuscigars.com\/es\/historia\/","url":"https:\/\/www.kolumbuscigars.com\/es\/historia\/","name":"HISTORIA - KOLUMBUS Cigars","isPartOf":{"@id":"https:\/\/www.kolumbuscigars.com\/#website"},"datePublished":"2015-04-01T14:34:22+00:00","dateModified":"2017-01-05T16:10:55+00:00","breadcrumb":{"@id":"https:\/\/www.kolumbuscigars.com\/es\/historia\/#breadcrumb"},"inLanguage":"es","potentialAction":[{"@type":"ReadAction","target":["https:\/\/www.kolumbuscigars.com\/es\/historia\/"]}]},{"@type":"BreadcrumbList","@id":"https:\/\/www.kolumbuscigars.com\/es\/historia\/#breadcrumb","itemListElement":[{"@type":"ListItem","position":1,"name":"Home","item":"https:\/\/www.kolumbuscigars.com\/es\/"},{"@type":"ListItem","position":2,"name":"HISTORIA"}]},{"@type":"WebSite","@id":"https:\/\/www.kolumbuscigars.com\/#website","url":"https:\/\/www.kolumbuscigars.com\/","name":"KOLUMBUS Cigars","description":"Premium Cigars From La Palma","potentialAction":[{"@type":"SearchAction","target":{"@type":"EntryPoint","urlTemplate":"https:\/\/www.kolumbuscigars.com\/?s={search_term_string}"},"query-input":"required name=search_term_string"}],"inLanguage":"es"}]}},"_links":{"self":[{"href":"https:\/\/www.kolumbuscigars.com\/es\/wp-json\/wp\/v2\/pages\/1057"}],"collection":[{"href":"https:\/\/www.kolumbuscigars.com\/es\/wp-json\/wp\/v2\/pages"}],"about":[{"href":"https:\/\/www.kolumbuscigars.com\/es\/wp-json\/wp\/v2\/types\/page"}],"author":[{"embeddable":true,"href":"https:\/\/www.kolumbuscigars.com\/es\/wp-json\/wp\/v2\/users\/1"}],"replies":[{"embeddable":true,"href":"https:\/\/www.kolumbuscigars.com\/es\/wp-json\/wp\/v2\/comments?post=1057"}],"version-history":[{"count":24,"href":"https:\/\/www.kolumbuscigars.com\/es\/wp-json\/wp\/v2\/pages\/1057\/revisions"}],"predecessor-version":[{"id":4027,"href":"https:\/\/www.kolumbuscigars.com\/es\/wp-json\/wp\/v2\/pages\/1057\/revisions\/4027"}],"wp:attachment":[{"href":"https:\/\/www.kolumbuscigars.com\/es\/wp-json\/wp\/v2\/media?parent=1057"}],"curies":[{"name":"wp","href":"https:\/\/api.w.org\/{rel}","templated":true}]}}