{"id":1062,"date":"2015-04-01T14:35:30","date_gmt":"2015-04-01T14:35:30","guid":{"rendered":"http:\/\/kolumbuscigars.com\/?page_id=1062"},"modified":"2016-02-18T15:38:02","modified_gmt":"2016-02-18T15:38:02","slug":"como-disfrutar","status":"publish","type":"page","link":"https:\/\/www.kolumbuscigars.com\/es\/como-disfrutar\/","title":{"rendered":"C\u00d3MO DISFRUTAR"},"content":{"rendered":"<p class=\"p1\">Para un mayor disfrute de su puro\u00a0<span style=\"color: #917b4c;\"><strong>KOLUMBUS<\/strong><\/span>, recomendamos seguir los siguientes pasos:<\/p>\n<div class=\"panel-group yourcustomclass\" id=\"oscitas-accordion-0\">        <div class=\"panel panel-default\">\n            <div class=\"panel-heading\">\n              <h4 class=\"panel-title\">\n                <a class=\"accordion-toggle collapsed\" data-toggle=\"collapse\"\n                data-parent=\"#oscitas-accordion-0\"\n                href=\"#details-0-0\">\n                C\u00f3mo conservarlo\n                <\/a>\n              <\/h4>\n            <\/div>\n            <div id=\"details-0-0\" class=\"panel-collapse collapse in\">\n              <div class=\"panel-body\"><img decoding=\"async\" loading=\"lazy\" class=\"alignright wp-image-624 size-full\" src=\"http:\/\/kolumbuscigars.com\/wp-content\/uploads\/2015\/02\/kolumbus-store.jpg\" alt=\"kolumbus-store\" width=\"372\" height=\"487\" srcset=\"https:\/\/www.kolumbuscigars.com\/wp-content\/uploads\/2015\/02\/kolumbus-store.jpg 372w, https:\/\/www.kolumbuscigars.com\/wp-content\/uploads\/2015\/02\/kolumbus-store-229x300.jpg 229w\" sizes=\"(max-width: 372px) 100vw, 372px\" \/><\/p>\n<p>Conserve sus puros\u00a0<span style=\"color: #917b4c;\"><strong>KOLUMBUS<\/strong><\/span>\u00a0en un humidor de cedro espa\u00f1ol, a una temperatura constante de 16-18\u00b0C (61-65\u00b0F), y a una humedad relativa de 65-70%. No los coloque en el frigor\u00edfico, ya que pueden secarse y absorber aromas desagradables.<\/p>\n<h4><span style=\"color: #917b4c;\">Antes de encenderlo<\/span><\/h4>\n<p>Antes del encendido palpe suavemente el puro, hu\u00e9lalo y d\u00e9jese envolver por su aroma. Es recomendable encenderlo primero antes de cortarlo, para potenciar el aroma y el sabor de las primeras bocanadas.<\/p>\n<ol>\n<li>Si utiliza cerillas largas de cedro, espere a que el f\u00f3sforo se consuma antes de encender su puro.<\/li>\n<li>Si emplea un encendedor, es recomendable que sea\u00a0de gas butano.\u00a0Nunca use cirios o mecheros de gasolina, pues su sabor se ver\u00e1 alterado\u00a0y\u00a0dar\u00e1 un sabor desagradable a la\u00a0fumada.<\/li>\n<li>La forma m\u00e1s correcta de\u00a0encender un puro es mediante l\u00e1minas de madera de cedro espa\u00f1ol.\u00a0Es, adem\u00e1s, una manera muy elegante y tradicional.<\/li>\n<\/ol>\n<p><\/div>\n            <\/div>\n        <\/div>        <div class=\"panel panel-default\">\n            <div class=\"panel-heading\">\n              <h4 class=\"panel-title\">\n                <a class=\"accordion-toggle collapsed\" data-toggle=\"collapse\"\n                data-parent=\"#oscitas-accordion-0\"\n                href=\"#details-0-1\">\n                C\u00f3mo encenderlo\n                <\/a>\n              <\/h4>\n            <\/div>\n            <div id=\"details-0-1\" class=\"panel-collapse collapse \">\n              <div class=\"panel-body\"><\/p>\n<ol>\n<li><img decoding=\"async\" loading=\"lazy\" class=\"alignright wp-image-625 size-medium\" src=\"http:\/\/kolumbuscigars.com\/wp-content\/uploads\/2015\/02\/kolumbus-light-300x232.jpg\" alt=\"kolumbus-light\" width=\"300\" height=\"232\" srcset=\"https:\/\/www.kolumbuscigars.com\/wp-content\/uploads\/2015\/02\/kolumbus-light-300x232.jpg 300w, https:\/\/www.kolumbuscigars.com\/wp-content\/uploads\/2015\/02\/kolumbus-light-600x464.jpg 600w, https:\/\/www.kolumbuscigars.com\/wp-content\/uploads\/2015\/02\/kolumbus-light.jpg 677w\" sizes=\"(max-width: 300px) 100vw, 300px\" \/>Para un encendido correcto y uniforme, precaliente el pie\u00a0del puro coloc\u00e1ndolo a una inclinaci\u00f3n de 45\u00b0, y haci\u00e9ndolo girar hasta que se forme una diminuta\u00a0corona gris alrededor de la capa. No permita que la llama toque el cigarro.<\/li>\n<li>Con el puro en la boca, y\u00a0aspirando mientras repite el proceso, g\u00edrelo lentamente en un \u00e1ngulo por encima de la llama, sin dejar que \u00e9sta toque el pie.\u00a0Recuerde que debe girar lentamente el cigarro para establecer una quemada uniforme.<\/li>\n<li>Una vez prendido, ret\u00edreselo de la boca y compruebe que se haya encendido correctamente. Si la quemada es irregular, repita el paso anterior en el lado apropiado para igualarla.\u00a0Tambi\u00e9n puede soplar suavemente para intensificar el calor en la dicha zona, dar un par de caladas, y esperar un minuto antes de continuar con la fumada. Este peque\u00f1o retraso permite al cigarro la oportunidad de estabilizarse y corregir su quemada.<\/li>\n<\/ol>\n<p>Si se le apaga el puro, tan s\u00f3lo golp\u00e9elo\u00a0con delicadeza para eliminar la ceniza, sople suavemente a trav\u00e9s de la cabeza para limpiar las asperezas provocadas por el humo anterior, y vuelva a repetir los pasos indicados para su\u00a0encendido.<\/p>\n<p><\/div>\n            <\/div>\n        <\/div>        <div class=\"panel panel-default\">\n            <div class=\"panel-heading\">\n              <h4 class=\"panel-title\">\n                <a class=\"accordion-toggle collapsed\" data-toggle=\"collapse\"\n                data-parent=\"#oscitas-accordion-0\"\n                href=\"#details-0-2\">\n                C\u00f3mo cortarlo\n                <\/a>\n              <\/h4>\n            <\/div>\n            <div id=\"details-0-2\" class=\"panel-collapse collapse \">\n              <div class=\"panel-body\"><img decoding=\"async\" loading=\"lazy\" class=\"alignright wp-image-618 size-medium\" src=\"http:\/\/kolumbuscigars.com\/wp-content\/uploads\/2015\/02\/kolumbus-cut-300x288.jpg\" alt=\"kolumbus-cut\" width=\"300\" height=\"288\" srcset=\"https:\/\/www.kolumbuscigars.com\/wp-content\/uploads\/2015\/02\/kolumbus-cut-300x288.jpg 300w, https:\/\/www.kolumbuscigars.com\/wp-content\/uploads\/2015\/02\/kolumbus-cut.jpg 440w\" sizes=\"(max-width: 300px) 100vw, 300px\" \/><\/p>\n<p style=\"text-align: left;\">En primer lugar, para hacer un corte limpio es muy importante contar con un cortapuros de calidad, como\u00a0los de doble hoja. Un corte hecho con la herramienta adecuada y en el lugar correcto disminuir\u00e1 la probabilidad de romper la capa del cigarro, lo que puede hacer que su\u00a0fumada sea desagradable.<\/p>\n<p style=\"text-align: left;\">En la parte inicial del cigarro se encuentra\u00a0la perilla, una pieza circular de hoja de tabaco adherida a la cabeza, que sirve para mantenerla unida a la envoltura. Este remate se coloca durante el proceso de torcido a mano para evitar que se deshilache la capa y se seque.<\/p>\n<p>Para asegurarnos un corte limpio y evitar que se rompa la envoltura, debemos cortar cuidadosamente la cabeza\u00a0como m\u00e1ximo\u00a03 mm desde el extremo. Para obtener un\u00a0mejor resultado, procure que el corte sea limpio,\u00a0r\u00e1pido y en\u00e9rgico.<\/p>\n<p class=\"note\" style=\"text-align: left;\"><div class=\"well   \"><span style=\"color: #917b4c;\">Marque la zona de corte y h\u00e1galo r\u00e1pidamente. Aseg\u00farese que las cuchillas est\u00e9n afiladas, de manera que no haya desgarro. Cortar su cigarro correctamente significar\u00e1 que tendr\u00e1 una mejor fumada.<\/span><\/div>\n<p><\/div>\n            <\/div>\n        <\/div>        <div class=\"panel panel-default\">\n            <div class=\"panel-heading\">\n              <h4 class=\"panel-title\">\n                <a class=\"accordion-toggle collapsed\" data-toggle=\"collapse\"\n                data-parent=\"#oscitas-accordion-0\"\n                href=\"#details-0-3\">\n                C\u00f3mo sujetarlo\n                <\/a>\n              <\/h4>\n            <\/div>\n            <div id=\"details-0-3\" class=\"panel-collapse collapse \">\n              <div class=\"panel-body\"> <img decoding=\"async\" loading=\"lazy\" class=\"alignright wp-image-620\" src=\"http:\/\/kolumbuscigars.com\/wp-content\/uploads\/2015\/02\/kolumbus-hold.jpg\" alt=\"kolumbus-hold\" width=\"300\" height=\"412\" srcset=\"https:\/\/www.kolumbuscigars.com\/wp-content\/uploads\/2015\/02\/kolumbus-hold.jpg 497w, https:\/\/www.kolumbuscigars.com\/wp-content\/uploads\/2015\/02\/kolumbus-hold-219x300.jpg 219w\" sizes=\"(max-width: 300px) 100vw, 300px\" \/><\/p>\n<p style=\"text-align: left;\">Sostener un puro no es como sostener un cigarrillo, aunque muchos intentan sujetarlos del mismo modo. Un cigarro no se sostiene\u00a0entre el dedo \u00edndice y medio como un cigarrillo, sino\u00a0que se sujeta\u00a0con los\u00a0dedos \u00edndice y pulgar, siempre en paralelo al suelo.<\/p>\n<h4><span style=\"color: #917b4c;\">La anilla<\/span><\/h4>\n<p>Muchos se han preguntado si se deber\u00eda quitar la anilla del puro. Es realmente una decisi\u00f3n personal, pero habr\u00eda que contemplar que en ciertos lugares se considera grosero dar publicidad de la marca que se\u00a0est\u00e1 fumando, a menos que alguien le est\u00e9 invitando al cigarro. Aunque no es recomendable quitar la anilla, si decide hacerlo\u00a0espere hasta que haya fumado unos minutos. El calor de la combusti\u00f3n har\u00e1 que la cola\u00a0pierda\u00a0adhesividad y sea\u00a0m\u00e1s f\u00e1cil quitar la anilla del puro sin que se rompa su\u00a0delicada capa.<\/p>\n<p><\/div>\n            <\/div>\n        <\/div>        <div class=\"panel panel-default\">\n            <div class=\"panel-heading\">\n              <h4 class=\"panel-title\">\n                <a class=\"accordion-toggle collapsed\" data-toggle=\"collapse\"\n                data-parent=\"#oscitas-accordion-0\"\n                href=\"#details-0-4\">\n                C\u00f3mo saborearlo\n                <\/a>\n              <\/h4>\n            <\/div>\n            <div id=\"details-0-4\" class=\"panel-collapse collapse \">\n              <div class=\"panel-body\"><img decoding=\"async\" loading=\"lazy\" class=\"alignright wp-image-621\" src=\"http:\/\/kolumbuscigars.com\/wp-content\/uploads\/2015\/02\/kolumbus-enjoy.jpg\" alt=\"kolumbus-enjoy\" width=\"300\" height=\"309\" srcset=\"https:\/\/www.kolumbuscigars.com\/wp-content\/uploads\/2015\/02\/kolumbus-enjoy.jpg 583w, https:\/\/www.kolumbuscigars.com\/wp-content\/uploads\/2015\/02\/kolumbus-enjoy-292x300.jpg 292w\" sizes=\"(max-width: 300px) 100vw, 300px\" \/><\/p>\n<h4><span style=\"color: #917b4c;\">D\u00e9se tiempo<\/span><\/h4>\n<p style=\"text-align: left;\">Primero y ante todo, disfrute de sus puros con moderaci\u00f3n y valore el\u00a0tiempo que tenga\u00a0para su\u00a0deleite. Si usted dispone de mucho de tiempo, puede que desee encenderse un Robusto o un Pir\u00e1mide<b>\u00a0<\/b>de\u00a0<strong><span style=\"color: #917b4c;\">KOLUMBUS<\/span><\/strong>, que son generalmente m\u00e1s grandes y gruesos, y le durar\u00e1n m\u00e1s tiempo. El Pir\u00e1mide, con un generoso\u00a0cepo, suele durar m\u00e1s de una hora. Si no dispone de mucho tiempo, elija\u00a0un formato m\u00e1s peque\u00f1o, como cualquiera de los Robustitos<strong>\u00a0<\/strong>de\u00a0<span style=\"color: #917b4c;\"><strong>KOLUMBUS<\/strong><\/span>. Otra opci\u00f3n es\u00a0la de elegir\u00a0un cigarro de tama\u00f1o medio\u00a0para el d\u00eda y por la noche elegir un cigarro de mayor tama\u00f1o.<\/p>\n<p>Para apreciarlo a la perfecci\u00f3n\u00a0no debe inhalarse el humo, tan solo mant\u00e9ngalo durante\u00a0unos segundos en la boca; s\u00f3lo as\u00ed podr\u00e1\u00a0apreciar su sabor y sus caracter\u00edsticas organol\u00e9pticas \u00fanicas. Por otro lado, hay que destacar que la inhalaci\u00f3n repetida sobrecalentar\u00e1 el cigarro.<\/p>\n<h4><span style=\"color: #917b4c;\">D\u00f3nde disfrutarlo<\/span><\/h4>\n<p style=\"text-align: left;\">Algunas opciones para disfrutar de su cigarro elegido son:<\/p>\n<ol>\n<li>En un sal\u00f3n de fumadores, club o restaurante.<\/li>\n<li>Sentado y tranquilo en el exterior de su casa. O tal vez tenga la suerte de tener un &#8216;sal\u00f3n de fumadores&#8217; creado para su propio uso.<\/li>\n<li>La mejor manera es junto a una agradable\u00a0conversaci\u00f3n con la familia y\/o los amigos,\u00a0tras\u00a0una buena cena u\u00a0ocasi\u00f3n especial. Y m\u00e1s a\u00fan,\u00a0si\u00a0dispone de\u00a0una bonita terraza.<\/li>\n<\/ol>\n<p>Ahora, decida qu\u00e9 bebida le gustar\u00eda tomar mientras disfruta de su puro. Algunas de nuestras sugerencias son\u00a0un buen whisky de malta\u00a0o un ron a\u00f1ejo con hielo, o bien una copa de vino (tinto o blanco).<\/p>\n<p><\/div>\n            <\/div>\n        <\/div>        <div class=\"panel panel-default\">\n            <div class=\"panel-heading\">\n              <h4 class=\"panel-title\">\n                <a class=\"accordion-toggle collapsed\" data-toggle=\"collapse\"\n                data-parent=\"#oscitas-accordion-0\"\n                href=\"#details-0-5\">\n                C\u00f3mo tirar la ceniza\n                <\/a>\n              <\/h4>\n            <\/div>\n            <div id=\"details-0-5\" class=\"panel-collapse collapse \">\n              <div class=\"panel-body\"> <img decoding=\"async\" loading=\"lazy\" class=\"alignright wp-image-622 size-medium\" src=\"http:\/\/kolumbuscigars.com\/wp-content\/uploads\/2015\/02\/kolumbus-ash-300x176.jpg\" alt=\"kolumbus-ash\" width=\"300\" height=\"176\" srcset=\"https:\/\/www.kolumbuscigars.com\/wp-content\/uploads\/2015\/02\/kolumbus-ash-300x176.jpg 300w, https:\/\/www.kolumbuscigars.com\/wp-content\/uploads\/2015\/02\/kolumbus-ash-600x353.jpg 600w, https:\/\/www.kolumbuscigars.com\/wp-content\/uploads\/2015\/02\/kolumbus-ash.jpg 651w\" sizes=\"(max-width: 300px) 100vw, 300px\" \/><\/p>\n<p>No golpee nunca el puro, la ceniza permite que arda\u00a0a la temperatura correcta. Espere al menos\u00a0a que haya 2 cm de ceniza, no m\u00e1s. De lo contrario, se obstruir\u00e1 el flujo de aire y la combusti\u00f3n ser\u00e1 irregular. Col\u00f3quelo sobre el\u00a0cenicero y apriete el extremo\u00a0final del cigarro\u00a0con mucha suavidad mientras lo va girando\u00a0lentamente.<\/p>\n<p><\/div>\n            <\/div>\n        <\/div>        <div class=\"panel panel-default\">\n            <div class=\"panel-heading\">\n              <h4 class=\"panel-title\">\n                <a class=\"accordion-toggle collapsed\" data-toggle=\"collapse\"\n                data-parent=\"#oscitas-accordion-0\"\n                href=\"#details-0-6\">\n                C\u00f3mo apagarlo\n                <\/a>\n              <\/h4>\n            <\/div>\n            <div id=\"details-0-6\" class=\"panel-collapse collapse \">\n              <div class=\"panel-body\"><img decoding=\"async\" loading=\"lazy\" class=\"alignright wp-image-626 size-full\" src=\"http:\/\/kolumbuscigars.com\/wp-content\/uploads\/2015\/02\/kolumbus-finish.jpg\" alt=\"kolumbus-finish\" width=\"164\" height=\"301\" srcset=\"https:\/\/www.kolumbuscigars.com\/wp-content\/uploads\/2015\/02\/kolumbus-finish.jpg 164w, https:\/\/www.kolumbuscigars.com\/wp-content\/uploads\/2015\/02\/kolumbus-finish-163x300.jpg 163w\" sizes=\"(max-width: 164px) 100vw, 164px\" \/><\/p>\n<p style=\"text-align: left;\">D\u00e9jese llevar por el concierto de aromas y sabores, y del\u00e9itese con el\u00a0placer del \u00faltimo tercio. Cuando decida que ha llegado el momento final, nunca aplaste el puro contra\u00a0el cenicero. En su lugar, dele un final digno coloc\u00e1ndolo sobre\u00a0el cenicero y dejando que se apague\u00a0por s\u00ed solo. Y ret\u00edrelo pronto para evitar impregnar el ambiente con el olor tenaz de tabaco fr\u00edo.<\/p>\n<p><\/div>\n            <\/div>\n        <\/div><\/div>\n<p>*Para ver el infogr\u00e1fico, <a href=\"http:\/\/kolumbuscigars.com\/wp-content\/uploads\/2015\/06\/Infographic-HowToEnjoy-es.pdf\" target=\"_blank\">clique aqu\u00ed<\/a>.<\/p>\n","protected":false},"excerpt":{"rendered":"<p>Para un mayor disfrute de su puro\u00a0KOLUMBUS, recomendamos seguir los siguientes pasos: *Para ver el infogr\u00e1fico, clique aqu\u00ed.<\/p>\n","protected":false},"author":1,"featured_media":0,"parent":0,"menu_order":0,"comment_status":"closed","ping_status":"closed","template":"","meta":[],"yoast_head":"<!-- This site is optimized with the Yoast SEO plugin v20.5 - https:\/\/yoast.com\/wordpress\/plugins\/seo\/ -->\n<title>C\u00d3MO DISFRUTAR - KOLUMBUS Cigars<\/title>\n<meta name=\"robots\" content=\"index, follow, max-snippet:-1, max-image-preview:large, max-video-preview:-1\" \/>\n<link rel=\"canonical\" href=\"https:\/\/www.kolumbuscigars.com\/es\/como-disfrutar\/\" \/>\n<meta property=\"og:locale\" content=\"es_ES\" \/>\n<meta property=\"og:type\" content=\"article\" \/>\n<meta property=\"og:title\" content=\"C\u00d3MO DISFRUTAR - KOLUMBUS Cigars\" \/>\n<meta property=\"og:description\" content=\"Para un mayor disfrute de su puro\u00a0KOLUMBUS, recomendamos seguir los siguientes pasos: *Para ver el infogr\u00e1fico, clique aqu\u00ed.\" \/>\n<meta property=\"og:url\" content=\"https:\/\/www.kolumbuscigars.com\/es\/como-disfrutar\/\" \/>\n<meta property=\"og:site_name\" content=\"KOLUMBUS Cigars\" \/>\n<meta property=\"article:modified_time\" content=\"2016-02-18T15:38:02+00:00\" \/>\n<meta property=\"og:image\" content=\"http:\/\/kolumbuscigars.com\/wp-content\/uploads\/2015\/02\/kolumbus-store.jpg\" \/>\n<meta name=\"twitter:card\" content=\"summary_large_image\" \/>\n<meta name=\"twitter:label1\" content=\"Tiempo de lectura\" \/>\n\t<meta name=\"twitter:data1\" content=\"6 minutos\" \/>\n<script type=\"application\/ld+json\" class=\"yoast-schema-graph\">{\"@context\":\"https:\/\/schema.org\",\"@graph\":[{\"@type\":\"WebPage\",\"@id\":\"https:\/\/www.kolumbuscigars.com\/es\/como-disfrutar\/\",\"url\":\"https:\/\/www.kolumbuscigars.com\/es\/como-disfrutar\/\",\"name\":\"C\u00d3MO DISFRUTAR - KOLUMBUS Cigars\",\"isPartOf\":{\"@id\":\"https:\/\/www.kolumbuscigars.com\/#website\"},\"datePublished\":\"2015-04-01T14:35:30+00:00\",\"dateModified\":\"2016-02-18T15:38:02+00:00\",\"breadcrumb\":{\"@id\":\"https:\/\/www.kolumbuscigars.com\/es\/como-disfrutar\/#breadcrumb\"},\"inLanguage\":\"es\",\"potentialAction\":[{\"@type\":\"ReadAction\",\"target\":[\"https:\/\/www.kolumbuscigars.com\/es\/como-disfrutar\/\"]}]},{\"@type\":\"BreadcrumbList\",\"@id\":\"https:\/\/www.kolumbuscigars.com\/es\/como-disfrutar\/#breadcrumb\",\"itemListElement\":[{\"@type\":\"ListItem\",\"position\":1,\"name\":\"Home\",\"item\":\"https:\/\/www.kolumbuscigars.com\/es\/\"},{\"@type\":\"ListItem\",\"position\":2,\"name\":\"C\u00d3MO DISFRUTAR\"}]},{\"@type\":\"WebSite\",\"@id\":\"https:\/\/www.kolumbuscigars.com\/#website\",\"url\":\"https:\/\/www.kolumbuscigars.com\/\",\"name\":\"KOLUMBUS Cigars\",\"description\":\"Premium Cigars From La Palma\",\"potentialAction\":[{\"@type\":\"SearchAction\",\"target\":{\"@type\":\"EntryPoint\",\"urlTemplate\":\"https:\/\/www.kolumbuscigars.com\/?s={search_term_string}\"},\"query-input\":\"required name=search_term_string\"}],\"inLanguage\":\"es\"}]}<\/script>\n<!-- \/ Yoast SEO plugin. -->","yoast_head_json":{"title":"C\u00d3MO DISFRUTAR - KOLUMBUS Cigars","robots":{"index":"index","follow":"follow","max-snippet":"max-snippet:-1","max-image-preview":"max-image-preview:large","max-video-preview":"max-video-preview:-1"},"canonical":"https:\/\/www.kolumbuscigars.com\/es\/como-disfrutar\/","og_locale":"es_ES","og_type":"article","og_title":"C\u00d3MO DISFRUTAR - KOLUMBUS Cigars","og_description":"Para un mayor disfrute de su puro\u00a0KOLUMBUS, recomendamos seguir los siguientes pasos: *Para ver el infogr\u00e1fico, clique aqu\u00ed.","og_url":"https:\/\/www.kolumbuscigars.com\/es\/como-disfrutar\/","og_site_name":"KOLUMBUS Cigars","article_modified_time":"2016-02-18T15:38:02+00:00","og_image":[{"url":"http:\/\/kolumbuscigars.com\/wp-content\/uploads\/2015\/02\/kolumbus-store.jpg"}],"twitter_card":"summary_large_image","twitter_misc":{"Tiempo de lectura":"6 minutos"},"schema":{"@context":"https:\/\/schema.org","@graph":[{"@type":"WebPage","@id":"https:\/\/www.kolumbuscigars.com\/es\/como-disfrutar\/","url":"https:\/\/www.kolumbuscigars.com\/es\/como-disfrutar\/","name":"C\u00d3MO DISFRUTAR - KOLUMBUS Cigars","isPartOf":{"@id":"https:\/\/www.kolumbuscigars.com\/#website"},"datePublished":"2015-04-01T14:35:30+00:00","dateModified":"2016-02-18T15:38:02+00:00","breadcrumb":{"@id":"https:\/\/www.kolumbuscigars.com\/es\/como-disfrutar\/#breadcrumb"},"inLanguage":"es","potentialAction":[{"@type":"ReadAction","target":["https:\/\/www.kolumbuscigars.com\/es\/como-disfrutar\/"]}]},{"@type":"BreadcrumbList","@id":"https:\/\/www.kolumbuscigars.com\/es\/como-disfrutar\/#breadcrumb","itemListElement":[{"@type":"ListItem","position":1,"name":"Home","item":"https:\/\/www.kolumbuscigars.com\/es\/"},{"@type":"ListItem","position":2,"name":"C\u00d3MO DISFRUTAR"}]},{"@type":"WebSite","@id":"https:\/\/www.kolumbuscigars.com\/#website","url":"https:\/\/www.kolumbuscigars.com\/","name":"KOLUMBUS Cigars","description":"Premium Cigars From La Palma","potentialAction":[{"@type":"SearchAction","target":{"@type":"EntryPoint","urlTemplate":"https:\/\/www.kolumbuscigars.com\/?s={search_term_string}"},"query-input":"required name=search_term_string"}],"inLanguage":"es"}]}},"_links":{"self":[{"href":"https:\/\/www.kolumbuscigars.com\/es\/wp-json\/wp\/v2\/pages\/1062"}],"collection":[{"href":"https:\/\/www.kolumbuscigars.com\/es\/wp-json\/wp\/v2\/pages"}],"about":[{"href":"https:\/\/www.kolumbuscigars.com\/es\/wp-json\/wp\/v2\/types\/page"}],"author":[{"embeddable":true,"href":"https:\/\/www.kolumbuscigars.com\/es\/wp-json\/wp\/v2\/users\/1"}],"replies":[{"embeddable":true,"href":"https:\/\/www.kolumbuscigars.com\/es\/wp-json\/wp\/v2\/comments?post=1062"}],"version-history":[{"count":32,"href":"https:\/\/www.kolumbuscigars.com\/es\/wp-json\/wp\/v2\/pages\/1062\/revisions"}],"predecessor-version":[{"id":3130,"href":"https:\/\/www.kolumbuscigars.com\/es\/wp-json\/wp\/v2\/pages\/1062\/revisions\/3130"}],"wp:attachment":[{"href":"https:\/\/www.kolumbuscigars.com\/es\/wp-json\/wp\/v2\/media?parent=1062"}],"curies":[{"name":"wp","href":"https:\/\/api.w.org\/{rel}","templated":true}]}}