{"id":1068,"date":"2015-04-01T14:37:46","date_gmt":"2015-04-01T14:37:46","guid":{"rendered":"http:\/\/kolumbuscigars.com\/?page_id=1068"},"modified":"2019-04-25T17:50:10","modified_gmt":"2019-04-25T17:50:10","slug":"pago-y-envio","status":"publish","type":"page","link":"https:\/\/www.kolumbuscigars.com\/es\/pago-y-envio\/","title":{"rendered":"PAGO Y ENV\u00cdO"},"content":{"rendered":"<h3>General<\/h3>\n<p>\u2022 Para comprar en este sitio web, usted debe ser mayor de 18 a\u00f1os.<br \/>\n<span style=\"line-height: 1.5;\">\u2022 Enviamos sus pedidos en todo el mundo, a la direcci\u00f3n que usted nos indique. Las entregas se efect\u00faan en un plazo de 7\u00a0a 10 d\u00edas laborables, dependiendo del pa\u00eds de destino. No entregamos a apartados de correos.<br \/>\n<span style=\"line-height: 1.5;\">\u2022 <\/span>No nos hacemos\u00a0responsables de las demoras que puedan ocasionarse debido a retenciones por parte de las autoridades aduaneras del pa\u00eds destino.<\/span><\/p>\n<h3>Devoluci\u00f3n<\/h3>\n<p>Si no queda satisfecho con las condiciones en las que ha recibido su pedido, puede devolvernos\u00a0el paquete. Una vez que lo hayamos recibido en su caja original, le haremos un nuevo env\u00edo o le reembolsaremos su dinero (a excepci\u00f3n de los gastos del env\u00edo devuelto). Por favor, env\u00edenos con antelaci\u00f3n\u00a0un correo electr\u00f3nico\u00a0a <a href=\"mailto:info@kolumbus.co.uk\">info@kolumbus.co.uk<\/a> para una mayor velocidad en la respuesta.<\/p>\n<h3>Moneda<\/h3>\n<p>Todos los precios que aparecen en esta p\u00e1gina web vienen reflejados en Euros (\u20ac), y el precio de los productos as\u00ed como\u00a0los gastos de env\u00edo deben ser pagados en su totalidad.<\/p>\n<h3>Impuestos y tasas<\/h3>\n<p>Todos nuestros productos est\u00e1n sujetos a impuestos en Reino Unido. Cualquier obligaci\u00f3n local en el pa\u00eds de destino de pagar impuestos adicionales es\u00a0responsabilidad del cliente.<\/p>\n<h3>Pagos<\/h3>\n<p>Aceptamos Visa, MasterCard, American Express, Maestro, Solo y Visa Electron.<\/p>\n<p><a href=\"http:\/\/kolumbuscigars.com\/wp-content\/uploads\/2015\/03\/kolumbus-creditcards.jpg\"><img decoding=\"async\" loading=\"lazy\" class=\"alignnone size-full wp-image-1154\" src=\"http:\/\/kolumbuscigars.com\/wp-content\/uploads\/2015\/03\/kolumbus-creditcards.jpg\" alt=\"kolumbus-creditcards\" width=\"283\" height=\"84\" \/><\/a><\/p>\n","protected":false},"excerpt":{"rendered":"<p>General \u2022 Para comprar en este sitio web, usted debe ser mayor de 18 a\u00f1os. \u2022 Enviamos sus pedidos en todo el mundo, a la direcci\u00f3n que usted nos indique. Las entregas se efect\u00faan en un plazo de 7\u00a0a 10 d\u00edas laborables, dependiendo del pa\u00eds de destino. No entregamos a apartados de correos. \u2022 No [&hellip;]<\/p>\n","protected":false},"author":1,"featured_media":0,"parent":0,"menu_order":0,"comment_status":"closed","ping_status":"closed","template":"","meta":[],"yoast_head":"<!-- This site is optimized with the Yoast SEO plugin v20.5 - https:\/\/yoast.com\/wordpress\/plugins\/seo\/ -->\n<title>PAGO Y ENV\u00cdO - KOLUMBUS Cigars<\/title>\n<meta name=\"robots\" content=\"index, follow, max-snippet:-1, max-image-preview:large, max-video-preview:-1\" \/>\n<link rel=\"canonical\" href=\"https:\/\/www.kolumbuscigars.com\/es\/pago-y-envio\/\" \/>\n<meta property=\"og:locale\" content=\"es_ES\" \/>\n<meta property=\"og:type\" content=\"article\" \/>\n<meta property=\"og:title\" content=\"PAGO Y ENV\u00cdO - KOLUMBUS Cigars\" \/>\n<meta property=\"og:description\" content=\"General \u2022 Para comprar en este sitio web, usted debe ser mayor de 18 a\u00f1os. \u2022 Enviamos sus pedidos en todo el mundo, a la direcci\u00f3n que usted nos indique. Las entregas se efect\u00faan en un plazo de 7\u00a0a 10 d\u00edas laborables, dependiendo del pa\u00eds de destino. No entregamos a apartados de correos. \u2022 No [&hellip;]\" \/>\n<meta property=\"og:url\" content=\"https:\/\/www.kolumbuscigars.com\/es\/pago-y-envio\/\" \/>\n<meta property=\"og:site_name\" content=\"KOLUMBUS Cigars\" \/>\n<meta property=\"article:modified_time\" content=\"2019-04-25T17:50:10+00:00\" \/>\n<meta property=\"og:image\" content=\"http:\/\/kolumbuscigars.com\/wp-content\/uploads\/2015\/03\/kolumbus-creditcards.jpg\" \/>\n<meta name=\"twitter:card\" content=\"summary_large_image\" \/>\n<meta name=\"twitter:label1\" content=\"Tiempo de lectura\" \/>\n\t<meta name=\"twitter:data1\" content=\"1 minuto\" \/>\n<script type=\"application\/ld+json\" class=\"yoast-schema-graph\">{\"@context\":\"https:\/\/schema.org\",\"@graph\":[{\"@type\":\"WebPage\",\"@id\":\"https:\/\/www.kolumbuscigars.com\/es\/pago-y-envio\/\",\"url\":\"https:\/\/www.kolumbuscigars.com\/es\/pago-y-envio\/\",\"name\":\"PAGO Y ENV\u00cdO - KOLUMBUS Cigars\",\"isPartOf\":{\"@id\":\"https:\/\/www.kolumbuscigars.com\/#website\"},\"datePublished\":\"2015-04-01T14:37:46+00:00\",\"dateModified\":\"2019-04-25T17:50:10+00:00\",\"breadcrumb\":{\"@id\":\"https:\/\/www.kolumbuscigars.com\/es\/pago-y-envio\/#breadcrumb\"},\"inLanguage\":\"es\",\"potentialAction\":[{\"@type\":\"ReadAction\",\"target\":[\"https:\/\/www.kolumbuscigars.com\/es\/pago-y-envio\/\"]}]},{\"@type\":\"BreadcrumbList\",\"@id\":\"https:\/\/www.kolumbuscigars.com\/es\/pago-y-envio\/#breadcrumb\",\"itemListElement\":[{\"@type\":\"ListItem\",\"position\":1,\"name\":\"Home\",\"item\":\"https:\/\/www.kolumbuscigars.com\/es\/\"},{\"@type\":\"ListItem\",\"position\":2,\"name\":\"PAGO Y ENV\u00cdO\"}]},{\"@type\":\"WebSite\",\"@id\":\"https:\/\/www.kolumbuscigars.com\/#website\",\"url\":\"https:\/\/www.kolumbuscigars.com\/\",\"name\":\"KOLUMBUS Cigars\",\"description\":\"Premium Cigars From La Palma\",\"potentialAction\":[{\"@type\":\"SearchAction\",\"target\":{\"@type\":\"EntryPoint\",\"urlTemplate\":\"https:\/\/www.kolumbuscigars.com\/?s={search_term_string}\"},\"query-input\":\"required name=search_term_string\"}],\"inLanguage\":\"es\"}]}<\/script>\n<!-- \/ Yoast SEO plugin. -->","yoast_head_json":{"title":"PAGO Y ENV\u00cdO - KOLUMBUS Cigars","robots":{"index":"index","follow":"follow","max-snippet":"max-snippet:-1","max-image-preview":"max-image-preview:large","max-video-preview":"max-video-preview:-1"},"canonical":"https:\/\/www.kolumbuscigars.com\/es\/pago-y-envio\/","og_locale":"es_ES","og_type":"article","og_title":"PAGO Y ENV\u00cdO - KOLUMBUS Cigars","og_description":"General \u2022 Para comprar en este sitio web, usted debe ser mayor de 18 a\u00f1os. \u2022 Enviamos sus pedidos en todo el mundo, a la direcci\u00f3n que usted nos indique. Las entregas se efect\u00faan en un plazo de 7\u00a0a 10 d\u00edas laborables, dependiendo del pa\u00eds de destino. No entregamos a apartados de correos. \u2022 No [&hellip;]","og_url":"https:\/\/www.kolumbuscigars.com\/es\/pago-y-envio\/","og_site_name":"KOLUMBUS Cigars","article_modified_time":"2019-04-25T17:50:10+00:00","og_image":[{"url":"http:\/\/kolumbuscigars.com\/wp-content\/uploads\/2015\/03\/kolumbus-creditcards.jpg"}],"twitter_card":"summary_large_image","twitter_misc":{"Tiempo de lectura":"1 minuto"},"schema":{"@context":"https:\/\/schema.org","@graph":[{"@type":"WebPage","@id":"https:\/\/www.kolumbuscigars.com\/es\/pago-y-envio\/","url":"https:\/\/www.kolumbuscigars.com\/es\/pago-y-envio\/","name":"PAGO Y ENV\u00cdO - KOLUMBUS Cigars","isPartOf":{"@id":"https:\/\/www.kolumbuscigars.com\/#website"},"datePublished":"2015-04-01T14:37:46+00:00","dateModified":"2019-04-25T17:50:10+00:00","breadcrumb":{"@id":"https:\/\/www.kolumbuscigars.com\/es\/pago-y-envio\/#breadcrumb"},"inLanguage":"es","potentialAction":[{"@type":"ReadAction","target":["https:\/\/www.kolumbuscigars.com\/es\/pago-y-envio\/"]}]},{"@type":"BreadcrumbList","@id":"https:\/\/www.kolumbuscigars.com\/es\/pago-y-envio\/#breadcrumb","itemListElement":[{"@type":"ListItem","position":1,"name":"Home","item":"https:\/\/www.kolumbuscigars.com\/es\/"},{"@type":"ListItem","position":2,"name":"PAGO Y ENV\u00cdO"}]},{"@type":"WebSite","@id":"https:\/\/www.kolumbuscigars.com\/#website","url":"https:\/\/www.kolumbuscigars.com\/","name":"KOLUMBUS Cigars","description":"Premium Cigars From La Palma","potentialAction":[{"@type":"SearchAction","target":{"@type":"EntryPoint","urlTemplate":"https:\/\/www.kolumbuscigars.com\/?s={search_term_string}"},"query-input":"required name=search_term_string"}],"inLanguage":"es"}]}},"_links":{"self":[{"href":"https:\/\/www.kolumbuscigars.com\/es\/wp-json\/wp\/v2\/pages\/1068"}],"collection":[{"href":"https:\/\/www.kolumbuscigars.com\/es\/wp-json\/wp\/v2\/pages"}],"about":[{"href":"https:\/\/www.kolumbuscigars.com\/es\/wp-json\/wp\/v2\/types\/page"}],"author":[{"embeddable":true,"href":"https:\/\/www.kolumbuscigars.com\/es\/wp-json\/wp\/v2\/users\/1"}],"replies":[{"embeddable":true,"href":"https:\/\/www.kolumbuscigars.com\/es\/wp-json\/wp\/v2\/comments?post=1068"}],"version-history":[{"count":31,"href":"https:\/\/www.kolumbuscigars.com\/es\/wp-json\/wp\/v2\/pages\/1068\/revisions"}],"predecessor-version":[{"id":76510,"href":"https:\/\/www.kolumbuscigars.com\/es\/wp-json\/wp\/v2\/pages\/1068\/revisions\/76510"}],"wp:attachment":[{"href":"https:\/\/www.kolumbuscigars.com\/es\/wp-json\/wp\/v2\/media?parent=1068"}],"curies":[{"name":"wp","href":"https:\/\/api.w.org\/{rel}","templated":true}]}}