{"id":1075,"date":"2015-04-01T14:38:53","date_gmt":"2015-04-01T14:38:53","guid":{"rendered":"http:\/\/kolumbuscigars.com\/?page_id=1075"},"modified":"2019-04-25T17:50:49","modified_gmt":"2019-04-25T17:50:49","slug":"politica-de-privacidad","status":"publish","type":"page","link":"https:\/\/www.kolumbuscigars.com\/es\/politica-de-privacidad\/","title":{"rendered":"POL\u00cdTICA DE PRIVACIDAD"},"content":{"rendered":"<h3>1. Informaci\u00f3n sobre nosotros<\/h3>\n<p>Kolumbus Ltd. (\u00abnosotros\u00bb) est\u00e1 registrada en Reino Unido con el n\u00famero de Registro Mercantil 8968940 y domicilio social en Suite 5, 95 Wilton Road, London, SW1V 1BZ.<\/p>\n<p>A fin de respetar las leyes sobre privacidad de datos, nosotros seremos los responsables del tratamiento de cualquier informaci\u00f3n personal que usted pueda enviar a nuestro sitio web. Sin embargo, en determinadas circunstancias, terceras partes podr\u00edan convertirse en responsables del tratamiento de datos de dicha informaci\u00f3n. Por favor, consulte la secci\u00f3n 6 de esta Pol\u00edtica de Privacidad que aparece a continuaci\u00f3n para m\u00e1s informaci\u00f3n.<\/p>\n<p>Nos comprometemos a proteger y respetar su privacidad. Esta Pol\u00edtica de Privacidad (junto con los T\u00e9rminos y Condiciones de uso del sitio web de KOLUMBUS) y cualquier otro documento al que se haga referencia en ella regulan nuestro uso de la informaci\u00f3n recopilada acerca de su persona. Por favor, lea detenidamente lo siguiente para comprender nuestros puntos de vista y nuestras pr\u00e1cticas con respecto a sus datos personales y a la forma en que los tratamos.<\/p>\n<p>Para asegurar la seguridad y confidencialidad de sus datos personales que recogemos y procesamos, utilizamos redes de datos protegidas, entre otros, por contrase\u00f1a y cortafuegos est\u00e1ndar del sector. Durante el manejo de sus datos personales tomamos medidas dise\u00f1adas de forma razonable para protegerlos contra p\u00e9rdidas, uso indebido, acceso no autorizado, publicaci\u00f3n, alteraci\u00f3n o destrucci\u00f3n. Por favor, tenga en cuenta que si nos comunicamos por correo electr\u00f3nico no podremos garantizar la seguridad de los datos; por favor, env\u00edenos un correo postal en lugar de un correo electr\u00f3nico si la informaci\u00f3n que desea proporcionarnos es confidencial.<\/p>\n<h3>2. Su consentimiento<\/h3>\n<p>AL UTILIZAR NUESTRO SITIO WEB ACEPTA LA RECOPILACI\u00d3N Y EL USO DE SU INFORMACI\u00d3N TAL Y COMO SE ESTABLECE EN ESTA POL\u00cdTICA DE PRIVACIDAD.<\/p>\n<p>Por favor, abandone nuestro sitio web de inmediato si no acepta esta Pol\u00edtica de Privacidad, y si no tiene la edad legal para el consumo de tabaco en el pa\u00eds u otro territorio en el que est\u00e9 emplazado, o si usted accede a nuestro sitio web en un pa\u00eds u otro territorio en el que el uso de nuestro sitio web no est\u00e9 permitido.<\/p>\n<h3>3. Datos que recogemos de usted<\/h3>\n<p>En nuestro sitio web no se recoge informaci\u00f3n personal (informaci\u00f3n que permita su identificaci\u00f3n, como nombre, direcci\u00f3n, n\u00famero de tel\u00e9fono, direcci\u00f3n de correo electr\u00f3nico, fecha de nacimiento, etc.) a menos que haya proporcionado esta informaci\u00f3n de forma voluntaria (es decir, introduciendo la informaci\u00f3n en nuestro formulario de contacto, al solicitar nuestro bolet\u00edn, etc.) y haya dado su consentimiento para dicha recogida o a menos que esto se encuentre en conformidad con los requerimientos legales.<\/p>\n<p>Recogemos la informaci\u00f3n personal que usted facilita en el momento de registrarse en nuestro bolet\u00edn o en nuestra secci\u00f3n \u00abMi cuenta\u00bb o al suscribirse en cualquier otro servicio ofertado en nuestro sitio web, incluyendo, entre otros, listas de correo electr\u00f3nico, concursos u otros servicios solicitados. Normalmente, esta informaci\u00f3n personal incluye su nombre y su direcci\u00f3n de correo electr\u00f3nico, aunque de vez en cuando alguno de los servicios que proporcionamos podr\u00eda hacer necesario solicitarle m\u00e1s informaci\u00f3n.<\/p>\n<p>Si contacta con nosotros (es decir, al introducir su informaci\u00f3n de contacto y su solicitud en nuestro formulario de contacto), podr\u00edamos mantener un registro de esta correspondencia.<\/p>\n<p>Registramos el pa\u00eds u otro territorio en el que est\u00e9 ubicado o desde el que est\u00e9 accediendo a nuestro sitio web y su fecha de nacimiento, que requerimos para asegurarnos de que no accede a nuestra p\u00e1gina web si no tiene la edad legal para consumir tabaco en el pa\u00eds u otro territorio en el que est\u00e9 ubicado o desde el que est\u00e9 accediendo a nuestra p\u00e1gina web.<\/p>\n<p>En la mayor\u00eda de los casos podr\u00e1 visitar nuestro sitio web sin revelar ninguna informaci\u00f3n personal.\u00a0 Aparte de los casos antes descritos, solo recogemos y utilizamos datos an\u00f3nimos que no contienen informaci\u00f3n personal con fines estad\u00edsticos y para mejorar su navegaci\u00f3n y su experiencia en nuestro sitio web.\u00a0 Normalmente, esto incluye los detalles de su visita como p.\u00a0ej. datos de tr\u00e1fico, datos de emplazamiento, weblogs u otros datos de comunicaci\u00f3n. Nuestro servidor de Internet podr\u00eda adem\u00e1s mantener un registro del n\u00famero de visitantes de nuestro sitio web, las p\u00e1ginas que visitaron, el tiempo de permanencia en ellas, etc. Estos datos estad\u00edsticos acerca de sus acciones y patrones de navegaci\u00f3n no le identifican personalmente.<\/p>\n<h3>4. D\u00f3nde guardamos sus datos personales<\/h3>\n<p>Por lo general, sus datos personales se guardan en nuestro servidor en Inglaterra.<\/p>\n<p>Si se suscribe a nuestro bolet\u00edn, estar\u00e1 consintiendo la transferencia de sus datos personales al servidor de nuestro proveedor\u00a0de servicios, 1&amp;1 Internet Ltd., que almacena sus datos por encargo nuestro.<\/p>\n<h3>5. Nuestro uso de su informaci\u00f3n<\/h3>\n<p>Los datos que usted facilita se utilizan:<\/p>\n<p>&#8211; Para garantizar que el contenido de nuestra p\u00e1gina web se presente de la forma m\u00e1s efectiva para usted y para su dispositivo.<\/p>\n<p>&#8211; Para garantizar que no acceda a nuestra p\u00e1gina web si no cuenta con la edad legal para el consumo de tabaco en el pa\u00eds o territorio en el que est\u00e9 situado o desde el que est\u00e9 accediendo a nuestro sitio web.<\/p>\n<p>&#8211; Para analizar las visitas de nuestra web de forma an\u00f3nima a fin de mejorarla para todos los visitantes.<\/p>\n<p>&#8211; Para proporcionarle la informaci\u00f3n que nos solicite o que creamos que podr\u00eda interesarle siempre que haya aceptado que contactemos con usted con tal fin.<\/p>\n<p>&#8211; Para proporcionarle un acceso personalizado a nuestro sitio web (secci\u00f3n \u00abMi cuenta\u00bb).<\/p>\n<p>Los datos que facilite solo se recoger\u00e1n, procesar\u00e1n y utilizar\u00e1n para los prop\u00f3sitos descritos m\u00e1s arriba, salvo en caso de que la recogida, el procesamiento y el uso de los datos sirvan a un prop\u00f3sito adicional relacionado directamente con el prop\u00f3sito original por el que se recogieron los datos.<\/p>\n<h3>6. Revelaci\u00f3n de su informaci\u00f3n<\/h3>\n<p>Sus datos personales no se vender\u00e1n, compartir\u00e1n ni revelar\u00e1n o transferir\u00e1n de otro modo a terceros salvo de la forma prevista en esta secci\u00f3n de nuestra Pol\u00edtica de Privacidad.<\/p>\n<p>Si se suscribe a nuestro bolet\u00edn, estar\u00e1 consintiendo la transferencia de sus datos personales al servidor de nuestro proveedor\u00a0de servicios, 1&amp;1 Internet Ltd., que almacena sus datos por encargo nuestro.<\/p>\n<h3>7. Cookies<\/h3>\n<p>Una cookie es un archivo de texto muy peque\u00f1o que incluye a menudo un identificador \u00fanico de car\u00e1cter an\u00f3nimo. Cuando visita un sitio web, el dispositivo de dicho sitio pide permiso a su dispositivo para guardar este archivo en una parte de su disco duro dise\u00f1ada espec\u00edficamente para las cookies. La informaci\u00f3n recogida a trav\u00e9s de las cookies y los registros de servidor web podr\u00edan incluir la fecha y la hora de las visitas, las p\u00e1ginas visitadas, el tiempo en que se permaneci\u00f3 en nuestro sitio web, etc.<\/p>\n<p>Si sigue utilizando nuestro sitio web, estar\u00e1 aceptando nuestro uso de cookies descrito en esta secci\u00f3n de la Pol\u00edtica de privacidad de KOLUMBUS (Pol\u00edtica de cookies\u00a0de KOLUMBUS).<\/p>\n<p>Si el acceso a nuestro sitio web requiere que introduzca su fecha de nacimiento y su pa\u00eds, las cookies nos permitir\u00e1n recordar los datos que haya introducido, de modo que no tengamos que pedirle que los vuelva a introducir cada vez que navegue por una p\u00e1gina distinta del sitio web. Adem\u00e1s, le pedimos que nos indique el idioma que prefiere, de modo que no tengamos que pedirle que lo introduzca de nuevo cada vez que navegue por una p\u00e1gina distinta del sitio web.<\/p>\n<p>Si accede a la secci\u00f3n \u00abMi cuenta\u00bb de nuestro sitio web, utilizaremos una cookie de autenticaci\u00f3n para proporcionarle una navegaci\u00f3n personalizada por la web.<\/p>\n<p>Tambi\u00e9n utilizamos un tipo de cookies \u00abanal\u00edticas\u00bb que junto con nuestros archivos de registro de servidor web nos permiten calcular el n\u00famero total de personas que visitan nuestra web y qu\u00e9 partes de la misma son las m\u00e1s populares. Esto nos ayuda a obtener informaci\u00f3n que nos permita mejorar nuestro sitio web y servirle mejor. Generalmente, no guardamos informaci\u00f3n personal que usted nos proporcione en una cookie. La finalidad de las cookies anal\u00edticas es almacenar informaci\u00f3n como el momento en que visit\u00f3 el sitio web y si lo hab\u00eda visitado antes.<\/p>\n<p>Puede bloquear nuestro uso de cookies a trav\u00e9s de los ajustes de su navegador. La funci\u00f3n de ayuda de su navegador deber\u00eda indicarle la forma de hacerlo. Como alternativa, podr\u00eda visitar\u00a0<a href=\"http:\/\/www.allaboutcookies.org\/\">http:\/\/www.allaboutcookies.org\/<\/a>, donde podr\u00e1 encontrar informaci\u00f3n exhaustiva sobre la gesti\u00f3n y el bloqueo de cookies para una amplia variedad de navegadores.<\/p>\n<p>Para utilizar determinados servicios que ofrece nuestro sitio web, su navegador web deber\u00e1 aceptar las cookies. Si decide no dar su consentimiento al uso de cookies o bloquearlas, algunos aspectos del sitio web podr\u00edan no funcionar adecuadamente y podr\u00eda no ser capaz de acceder a la web en su totalidad o a parte de la misma.<\/p>\n<h3>8. Google Analytics<\/h3>\n<p>Nuestra p\u00e1gina web utiliza Google Analytics, un servicio de an\u00e1lisis de webs ofrecido por Google, Inc. (\u00abGoogle\u00bb). Google Analytics utiliza \u00abcookies\u00bb.<\/p>\n<p>En nuestro sitio web, el c\u00f3digo de Google Analytics se complementa con \u00abgat._anonymizeIp();\u00bb para garantizar una recopilaci\u00f3n an\u00f3nima de direcciones IP (el llamado enmascaramiento IP).<\/p>\n<p>La informaci\u00f3n generada por la cookie acerca de su uso del sitio web (incluida su direcci\u00f3n IP) se transmitir\u00e1 a Google, que la almacenar\u00e1 en servidores en los Estados Unidos. Debido a la activaci\u00f3n de la anonimizaci\u00f3n de IP, Google truncar\u00e1\/anonimizar\u00e1 los \u00faltimos 8 d\u00edgitos de la direcci\u00f3n IP para los Estados Miembros de la Uni\u00f3n Europea, as\u00ed como para otras partes del Acuerdo sobre el Espacio Econ\u00f3mico Europeo. Solo en casos excepcionales, la direcci\u00f3n IP completa ser\u00e1 enviada a Google y acortada por sus servidores en EE.\u00a0UU. En nombre del proveedor del sitio web, Google utilizar\u00e1 esta informaci\u00f3n para evaluar su uso de nuestra web, recopilando informes sobre la actividad del sitio web para nosotros y proporcion\u00e1ndonos otros servicios relacionados con la actividad de la web y el uso de Internet. Google no vincular\u00e1 su direcci\u00f3n IP a ning\u00fan otro dato que obre en poder de Google.<\/p>\n<p>Puede rechazar el uso de cookies de Google Analytics seleccionando los ajustes correspondientes de su navegador. Sin embargo, debe tener en cuenta que si lo hace podr\u00eda no ser capaz de utilizar plenamente la funcionalidad de nuestro sitio web. Adem\u00e1s, puede evitar la recopilaci\u00f3n y el uso de datos (cookies y direcci\u00f3n IP) por parte de Google mediante la descarga e instalaci\u00f3n del plug-in de navegador disponible en\u00a0<a href=\"https:\/\/tools.google.com\/dlpage\/gaoptout?hl=en-GB\">https:\/\/tools.google.com\/dlpage\/gaoptout?hl=en-GB<\/a>.<\/p>\n<p>M\u00e1s informaci\u00f3n sobre los t\u00e9rminos y condiciones de uso y la privacidad de datos de Google en\u00a0<a href=\"http:\/\/www.google.com\/analytics\/terms\/gb.html\">http:\/\/www.google.com\/analytics\/terms\/gb.html<\/a>.<\/p>\n<h3>9. Omniture<\/h3>\n<p>Adem\u00e1s de Google Analytics \u2013tal y como se describe en la secci\u00f3n 7 anterior\u2013 se utiliza otra herramienta de rastreo para analizar las p\u00e1ginas de nuestro sitio web relacionadas con los perfumes de las cuales es responsable nuestro licenciatario, una filial de Coty Inc. Omniture es un software de Adobe Systems utilizado por nuestro licenciatario de forma que se anonimiza su direcci\u00f3n IP (ajuste de software \u00abofuscaci\u00f3n\u00bb). Por tanto, no es posible identificarle sobre la base de su direcci\u00f3n IP.<\/p>\n<h3>10. Enlaces<\/h3>\n<p>De vez en cuando, nuestro sitio web podr\u00eda contener enlaces desde y hacia terceras partes. Si sigue un enlace a cualquiera de estos sitios web, deber\u00e1 tener en cuenta que dichos sitios cuentan con sus propias pol\u00edticas de privacidad y que no aceptamos ninguna responsabilidad sobre dichas pol\u00edticas. Por favor, revise estas pol\u00edticas antes de enviar cualquier dato personal a estos sitios web.<\/p>\n<h3>11. Bolet\u00edn<\/h3>\n<p>Los datos personales que nos facilite al inscribirse en nuestro bolet\u00edn solo se utilizar\u00e1n para enviarle nuestro bolet\u00edn, en el que le informaremos sobre nuestra marca y nuestros productos.<\/p>\n<p>Al suscribirse a nuestro bolet\u00edn ya habr\u00e1 tenido conocimiento de que transmitimos sus datos personales al servidor de nuestro proveedor de servicios, 1&amp;1 Internet Ltd., que almacenar\u00e1 sus datos en nuestro nombre, y autorizado dicha transferencia.<\/p>\n<p>Hemos implementado un proceso doble de suscripci\u00f3n voluntaria a nuestro bolet\u00edn. Una vez que haya rellenado el formulario de suscripci\u00f3n se le pedir\u00e1 que autorice la transferencia mencionada m\u00e1s arriba y que haga clic en el bot\u00f3n de suscripci\u00f3n. A continuaci\u00f3n ver\u00e1 una nueva pesta\u00f1a abierta en su navegador, que le indicar\u00e1 que busque un correo electr\u00f3nico de confirmaci\u00f3n en su bandeja de entrada. Cuando consulte su bandeja de entrada, ver\u00e1 un correo electr\u00f3nico con un enlace para confirmar su suscripci\u00f3n. Si no hace clic en dicho enlace, no se agregar\u00e1 a nuestra lista de suscripci\u00f3n al bolet\u00edn. Una vez que haya hecho clic en el correo electr\u00f3nico de confirmaci\u00f3n desde su correo, ver\u00e1 una nueva p\u00e1gina en su navegador web que le indicar\u00e1 que ha sido a\u00f1adido con \u00e9xito a la lista de suscripci\u00f3n de nuestro bolet\u00edn y recibir\u00e1 un correo electr\u00f3nico de bienvenida.<\/p>\n<p>Podr\u00e1 anular en todo momento la suscripci\u00f3n a nuestro bolet\u00edn. Sus datos personales ser\u00e1n eliminados a los pocos d\u00edas de la cancelaci\u00f3n de su suscripci\u00f3n.<\/p>\n<h3>12. Sus derechos<\/h3>\n<p>Podr\u00e1 obtener informaci\u00f3n sobre sus datos personales recopilados y solicitarnos que los corrijamos o eliminemos.<\/p>\n<p>Por favor, env\u00ede las solicitudes correspondientes a <a href=\"mailto:info@kolumbus.co.uk\">info@kolumbus.co.uk<\/a>, indicando d\u00f3nde y qu\u00e9 informaci\u00f3n nos ha facilitado, as\u00ed como la informaci\u00f3n espec\u00edfica que le gustar\u00eda que corrigi\u00e9ramos o elimin\u00e1ramos, adem\u00e1s de la debida identificaci\u00f3n de su persona. Las solicitudes de eliminaci\u00f3n de datos personales estar\u00e1n sujetas a cualesquiera obligaciones legales o \u00e9ticas de informaci\u00f3n o conservaci\u00f3n o archivo de documentos que se nos impongan.<\/p>\n<h3>13. Variaciones<\/h3>\n<p style=\"text-align: left;\">Podemos revisar en todo momento esta Pol\u00edtica de Privacidad de KOLUMBUS mediante la modificaci\u00f3n de esta p\u00e1gina. Cada vez que utilice nuestro sitio web se aplicar\u00e1 la versi\u00f3n de la pol\u00edtica vigente en ese momento.<\/p>\n","protected":false},"excerpt":{"rendered":"<p>1. Informaci\u00f3n sobre nosotros Kolumbus Ltd. (\u00abnosotros\u00bb) est\u00e1 registrada en Reino Unido con el n\u00famero de Registro Mercantil 8968940 y domicilio social en Suite 5, 95 Wilton Road, London, SW1V 1BZ. A fin de respetar las leyes sobre privacidad de datos, nosotros seremos los responsables del tratamiento de cualquier informaci\u00f3n personal que usted pueda enviar [&hellip;]<\/p>\n","protected":false},"author":1,"featured_media":0,"parent":0,"menu_order":0,"comment_status":"closed","ping_status":"closed","template":"","meta":[],"yoast_head":"<!-- This site is optimized with the Yoast SEO plugin v20.5 - https:\/\/yoast.com\/wordpress\/plugins\/seo\/ -->\n<title>POL\u00cdTICA DE PRIVACIDAD - KOLUMBUS Cigars<\/title>\n<meta name=\"robots\" content=\"index, follow, max-snippet:-1, max-image-preview:large, max-video-preview:-1\" \/>\n<link rel=\"canonical\" href=\"https:\/\/www.kolumbuscigars.com\/es\/politica-de-privacidad\/\" \/>\n<meta property=\"og:locale\" content=\"es_ES\" \/>\n<meta property=\"og:type\" content=\"article\" \/>\n<meta property=\"og:title\" content=\"POL\u00cdTICA DE PRIVACIDAD - KOLUMBUS Cigars\" \/>\n<meta property=\"og:description\" content=\"1. Informaci\u00f3n sobre nosotros Kolumbus Ltd. (\u00abnosotros\u00bb) est\u00e1 registrada en Reino Unido con el n\u00famero de Registro Mercantil 8968940 y domicilio social en Suite 5, 95 Wilton Road, London, SW1V 1BZ. A fin de respetar las leyes sobre privacidad de datos, nosotros seremos los responsables del tratamiento de cualquier informaci\u00f3n personal que usted pueda enviar [&hellip;]\" \/>\n<meta property=\"og:url\" content=\"https:\/\/www.kolumbuscigars.com\/es\/politica-de-privacidad\/\" \/>\n<meta property=\"og:site_name\" content=\"KOLUMBUS Cigars\" \/>\n<meta property=\"article:modified_time\" content=\"2019-04-25T17:50:49+00:00\" \/>\n<meta name=\"twitter:card\" content=\"summary_large_image\" \/>\n<meta name=\"twitter:label1\" content=\"Tiempo de lectura\" \/>\n\t<meta name=\"twitter:data1\" content=\"12 minutos\" \/>\n<script type=\"application\/ld+json\" class=\"yoast-schema-graph\">{\"@context\":\"https:\/\/schema.org\",\"@graph\":[{\"@type\":\"WebPage\",\"@id\":\"https:\/\/www.kolumbuscigars.com\/es\/politica-de-privacidad\/\",\"url\":\"https:\/\/www.kolumbuscigars.com\/es\/politica-de-privacidad\/\",\"name\":\"POL\u00cdTICA DE PRIVACIDAD - KOLUMBUS Cigars\",\"isPartOf\":{\"@id\":\"https:\/\/www.kolumbuscigars.com\/#website\"},\"datePublished\":\"2015-04-01T14:38:53+00:00\",\"dateModified\":\"2019-04-25T17:50:49+00:00\",\"breadcrumb\":{\"@id\":\"https:\/\/www.kolumbuscigars.com\/es\/politica-de-privacidad\/#breadcrumb\"},\"inLanguage\":\"es\",\"potentialAction\":[{\"@type\":\"ReadAction\",\"target\":[\"https:\/\/www.kolumbuscigars.com\/es\/politica-de-privacidad\/\"]}]},{\"@type\":\"BreadcrumbList\",\"@id\":\"https:\/\/www.kolumbuscigars.com\/es\/politica-de-privacidad\/#breadcrumb\",\"itemListElement\":[{\"@type\":\"ListItem\",\"position\":1,\"name\":\"Home\",\"item\":\"https:\/\/www.kolumbuscigars.com\/es\/\"},{\"@type\":\"ListItem\",\"position\":2,\"name\":\"POL\u00cdTICA DE PRIVACIDAD\"}]},{\"@type\":\"WebSite\",\"@id\":\"https:\/\/www.kolumbuscigars.com\/#website\",\"url\":\"https:\/\/www.kolumbuscigars.com\/\",\"name\":\"KOLUMBUS Cigars\",\"description\":\"Premium Cigars From La Palma\",\"potentialAction\":[{\"@type\":\"SearchAction\",\"target\":{\"@type\":\"EntryPoint\",\"urlTemplate\":\"https:\/\/www.kolumbuscigars.com\/?s={search_term_string}\"},\"query-input\":\"required name=search_term_string\"}],\"inLanguage\":\"es\"}]}<\/script>\n<!-- \/ Yoast SEO plugin. -->","yoast_head_json":{"title":"POL\u00cdTICA DE PRIVACIDAD - KOLUMBUS Cigars","robots":{"index":"index","follow":"follow","max-snippet":"max-snippet:-1","max-image-preview":"max-image-preview:large","max-video-preview":"max-video-preview:-1"},"canonical":"https:\/\/www.kolumbuscigars.com\/es\/politica-de-privacidad\/","og_locale":"es_ES","og_type":"article","og_title":"POL\u00cdTICA DE PRIVACIDAD - KOLUMBUS Cigars","og_description":"1. Informaci\u00f3n sobre nosotros Kolumbus Ltd. (\u00abnosotros\u00bb) est\u00e1 registrada en Reino Unido con el n\u00famero de Registro Mercantil 8968940 y domicilio social en Suite 5, 95 Wilton Road, London, SW1V 1BZ. A fin de respetar las leyes sobre privacidad de datos, nosotros seremos los responsables del tratamiento de cualquier informaci\u00f3n personal que usted pueda enviar [&hellip;]","og_url":"https:\/\/www.kolumbuscigars.com\/es\/politica-de-privacidad\/","og_site_name":"KOLUMBUS Cigars","article_modified_time":"2019-04-25T17:50:49+00:00","twitter_card":"summary_large_image","twitter_misc":{"Tiempo de lectura":"12 minutos"},"schema":{"@context":"https:\/\/schema.org","@graph":[{"@type":"WebPage","@id":"https:\/\/www.kolumbuscigars.com\/es\/politica-de-privacidad\/","url":"https:\/\/www.kolumbuscigars.com\/es\/politica-de-privacidad\/","name":"POL\u00cdTICA DE PRIVACIDAD - KOLUMBUS Cigars","isPartOf":{"@id":"https:\/\/www.kolumbuscigars.com\/#website"},"datePublished":"2015-04-01T14:38:53+00:00","dateModified":"2019-04-25T17:50:49+00:00","breadcrumb":{"@id":"https:\/\/www.kolumbuscigars.com\/es\/politica-de-privacidad\/#breadcrumb"},"inLanguage":"es","potentialAction":[{"@type":"ReadAction","target":["https:\/\/www.kolumbuscigars.com\/es\/politica-de-privacidad\/"]}]},{"@type":"BreadcrumbList","@id":"https:\/\/www.kolumbuscigars.com\/es\/politica-de-privacidad\/#breadcrumb","itemListElement":[{"@type":"ListItem","position":1,"name":"Home","item":"https:\/\/www.kolumbuscigars.com\/es\/"},{"@type":"ListItem","position":2,"name":"POL\u00cdTICA DE PRIVACIDAD"}]},{"@type":"WebSite","@id":"https:\/\/www.kolumbuscigars.com\/#website","url":"https:\/\/www.kolumbuscigars.com\/","name":"KOLUMBUS Cigars","description":"Premium Cigars From La Palma","potentialAction":[{"@type":"SearchAction","target":{"@type":"EntryPoint","urlTemplate":"https:\/\/www.kolumbuscigars.com\/?s={search_term_string}"},"query-input":"required name=search_term_string"}],"inLanguage":"es"}]}},"_links":{"self":[{"href":"https:\/\/www.kolumbuscigars.com\/es\/wp-json\/wp\/v2\/pages\/1075"}],"collection":[{"href":"https:\/\/www.kolumbuscigars.com\/es\/wp-json\/wp\/v2\/pages"}],"about":[{"href":"https:\/\/www.kolumbuscigars.com\/es\/wp-json\/wp\/v2\/types\/page"}],"author":[{"embeddable":true,"href":"https:\/\/www.kolumbuscigars.com\/es\/wp-json\/wp\/v2\/users\/1"}],"replies":[{"embeddable":true,"href":"https:\/\/www.kolumbuscigars.com\/es\/wp-json\/wp\/v2\/comments?post=1075"}],"version-history":[{"count":14,"href":"https:\/\/www.kolumbuscigars.com\/es\/wp-json\/wp\/v2\/pages\/1075\/revisions"}],"predecessor-version":[{"id":76511,"href":"https:\/\/www.kolumbuscigars.com\/es\/wp-json\/wp\/v2\/pages\/1075\/revisions\/76511"}],"wp:attachment":[{"href":"https:\/\/www.kolumbuscigars.com\/es\/wp-json\/wp\/v2\/media?parent=1075"}],"curies":[{"name":"wp","href":"https:\/\/api.w.org\/{rel}","templated":true}]}}