{"id":1076,"date":"2015-04-01T14:38:59","date_gmt":"2015-04-01T14:38:59","guid":{"rendered":"http:\/\/kolumbuscigars.com\/?page_id=1076"},"modified":"2019-04-25T17:48:49","modified_gmt":"2019-04-25T17:48:49","slug":"terminos-y-condiciones","status":"publish","type":"page","link":"https:\/\/www.kolumbuscigars.com\/es\/terminos-y-condiciones\/","title":{"rendered":"T\u00c9RMINOS Y CONDICIONES"},"content":{"rendered":"<h3>1. Su consentimiento<\/h3>\n<p>Estos T\u00e9rminos y Condiciones de uso del sitio web de KOLUMBUS (junto con la Pol\u00edtica de Privacidad de KOLUMBUS y todos los dem\u00e1s documentos a los que se haga referencia aqu\u00ed) le explican los t\u00e9rminos y condiciones sobre la base de los cuales usted podr\u00e1 utilizar nuestro sitio web.<\/p>\n<p>Por favor, lea detenidamente estos T\u00e9rminos y Condiciones antes de comenzar a utilizar nuestro sitio web. Este sitio web est\u00e1 mantenido por Kolumbus Ltd. (\u00abnosotros\u00bb y \u00abnuestro sitio web\u00bb), empresa registrada en Reino Unido con el n\u00famero de Registro Mercantil 8968940 y domicilio social en Suite 5, 95 Wilton Road, London, SW1V 1BZ, para el uso particular de personas a las que la ley permita la adquisici\u00f3n y el consumo de tabaco, y de nuestros otros productos sean legales. Al utilizar nuestro sitio web, estar\u00e1 indicando que acepta estos T\u00e9rminos y Condiciones y que est\u00e1 de acuerdo con su cumplimiento.<\/p>\n<p>Por favor, abandone de inmediato nuestro sitio web si no acepta estos T\u00e9rminos y Condiciones, si no cuenta con la edad legal para el consumo de tabaco en el pa\u00eds u otro territorio en el que est\u00e1 ubicado o si est\u00e1 accediendo a nuestro sitio web desde un pa\u00eds u otro territorio en el que el uso de nuestra web no est\u00e1 permitido.<\/p>\n<h3>2. Nuestros derechos sobre la propiedad intelectual<\/h3>\n<p>Todos los derechos de propiedad intelectual, incluyendo, entre otros, los derechos relativos a la marca, el dise\u00f1o y la base de datos y los derechos de autor y los nombres de dominio presentes en nuestro sitio web, en los materiales publicados en \u00e9l o en los boletines que le enviamos, incluyendo, entre otros, textos, im\u00e1genes, materiales de audio y v\u00eddeo, gr\u00e1ficos, dise\u00f1os, aspecto y presentaci\u00f3n y c\u00f3digo de sitio web (\u00abMateriales\u00bb), son de nuestra propiedad y est\u00e1n reservados. No podr\u00e1 eliminar ning\u00fan aviso de derechos de autor o de propiedad de ninguno de los materiales contenidos en nuestro bolet\u00edn o en nuestro sitio web. Salvo que se indique lo contrario en estos T\u00e9rminos y Condiciones, no se le conceder\u00e1 ning\u00fan derecho, t\u00edtulo, inter\u00e9s o licencia en relaci\u00f3n con ninguno de los Materiales que pueda recibir junto con nuestro bolet\u00edn o al acceder a nuestro sitio web.<\/p>\n<p>Podr\u00e1 imprimir un n\u00famero razonable de copias en papel y descargar extractos de cualquier p\u00e1gina de nuestro sitio web y de nuestro bolet\u00edn para su uso legal, personal y no comercial. A menos que cuente con nuestra autorizaci\u00f3n espec\u00edfica al respecto (a trav\u00e9s de, por ejemplo, instrucciones expl\u00edcitas como \u00abhaga clic aqu\u00ed para ampliar esta imagen\u00bb), no deber\u00e1 modificar las copias en papel o digitales de ninguno de los Materiales que haya imprimido o descargado de cualquier modo, y no utilizar\u00e1 ninguna ilustraci\u00f3n, fotograf\u00eda o secuencia de audio o v\u00eddeo ni ning\u00fan gr\u00e1fico separados del texto o aviso sobre derechos de propiedad del que vayan acompa\u00f1ados. Esto tambi\u00e9n se aplica a las versiones digitales de nuestros cat\u00e1logos y manuales de usuario que proporcionamos para su descarga en la secci\u00f3n \u00abMi cuenta\u00bb de nuestro sitio web. Cualquier otra copia (electr\u00f3nica, en papel o en otro formato), reproducci\u00f3n, transmisi\u00f3n, exhibici\u00f3n p\u00fablica, distribuci\u00f3n, explotaci\u00f3n comercial, adaptaci\u00f3n, traducci\u00f3n, modificaci\u00f3n, agrupaci\u00f3n, uni\u00f3n, comunicaci\u00f3n o puesta a disposici\u00f3n de cualquier persona, o creaci\u00f3n de trabajos derivados de nuestro sitio web o de los Materiales de nuestro bolet\u00edn y de nuestro sitio web quedan prohibidas.<\/p>\n<p>No podr\u00e1 utilizar ninguna parte de los Materiales contenidos en nuestro bolet\u00edn o en nuestro sitio web con fines comerciales sin antes obtener una licencia por escrito en la que le permitamos hacerlo.<\/p>\n<p>Si desea utilizar el Material de nuestro sitio web o nuestro bolet\u00edn de cualquier forma distinta a la indicada m\u00e1s arriba, le rogamos env\u00ede su solicitud a <a href=\"mailto:info@kolumbus.co.uk\">info@kolumbus.co.uk<\/a>.<\/p>\n<p>Si imprime, copia o descarga cualquier parte de nuestro sitio web o de nuestro bolet\u00edn de forma que incumpla los presentes t\u00e9rminos de uso, su derecho a utilizar nuestro sitio web cesar\u00e1 de inmediato y usted deber\u00e1, seg\u00fan prefiera, devolver o destruir cualquier copia de los Materiales que haya hecho.<\/p>\n<h3>3. Informaci\u00f3n que nos suministra<\/h3>\n<p>Cualquier comunicaci\u00f3n y cualquier material que env\u00ede a nuestro sitio web o a nosotros por correo electr\u00f3nico o de cualquier otro modo, incluyendo cualquier dato, pregunta, comentario, sugerencia o similares, son y ser\u00e1n tratados como no confidenciales y no propietarios. Cualquier cosa que usted env\u00ede se convertir\u00e1 en nuestra propiedad y podr\u00e1 ser utilizada para cualquier fin, incluyendo, entre otros, la reproducci\u00f3n, divulgaci\u00f3n, transmisi\u00f3n, publicaci\u00f3n, retransmisi\u00f3n y env\u00edo. Adem\u00e1s, tendremos libertad para utilizar, sin tener que ofrecerle una compensaci\u00f3n al respecto, cualquier idea, concepto, conocimiento o t\u00e9cnica contenidos en cualquier comunicaci\u00f3n que env\u00ede a nuestra web con cualquier prop\u00f3sito, incluyendo, entre otros, el desarrollo, la fabricaci\u00f3n y la comercializaci\u00f3n de productos utilizando dicha informaci\u00f3n.<\/p>\n<h3>4. Ninguna oferta\/Ning\u00fan consejo<\/h3>\n<p>La informaci\u00f3n publicada en nuestro sitio web o en nuestro bolet\u00edn no constituye ninguna oferta ni invitaci\u00f3n a adquirir productos ni a suscribir ning\u00fan tipo de negocio jur\u00eddico con nosotros. Adem\u00e1s, las informaciones y los materiales publicados en nuestro sitio web o en nuestro bolet\u00edn no pretenden ofrecer un consejo en el que se deba depositar cualquier tipo de confianza. No aceptamos ning\u00fan tipo de responsabilidad derivada de la confianza depositada en dichas informaciones y\/o dichos materiales.<\/p>\n<h3>5. Enlaces<\/h3>\n<p>Nuestro sitio web puede contener enlaces a otros sitios web que no nos pertenezcan o que no est\u00e9n administrados por nosotros. Proporcionamos estos enlaces exclusivamente como cortes\u00eda hacia usted y no aceptaremos ning\u00fan tipo de responsabilidad sobre su contenido ni sobre su debido funcionamiento. No somos responsables de la exactitud y de los contenidos de dichos sitios web ni tampoco del material que se pueda pedir a trav\u00e9s de ellos. Ning\u00fan enlace a otro sitio web ni ninguna referencia a informaci\u00f3n, productos o servicios proporcionados por otros se considerar\u00e1n una aprobaci\u00f3n, expl\u00edcita o impl\u00edcita, de los mismos por nuestra parte y no se podr\u00e1n interpretar de este modo. Las preguntas o comentarios de cualquier tipo relacionados con estos otros sitios web deber\u00e1n dirigirse directamente a los operadores de dichos sitios web. La presencia en nuestro sitio web de enlaces con otros sitios web no implica nuestro apoyo, promoci\u00f3n o recomendaci\u00f3n del contenido correspondiente. Los enlaces se proporcionan de buena fe y, por consiguiente, no hacemos declaraciones ni garant\u00edas de ning\u00fan tipo acerca de la exactitud, fiabilidad, legalidad o validez de cualquiera de los contenidos encontrados en otros sitios web. Usted no tiene derecho a establecer un enlace desde cualquier sitio web a nuestro sitio web ni a cualquier p\u00e1gina de nuestro sitio web.<\/p>\n<h3>6. Ninguna responsabilidad<\/h3>\n<p>Usted utilizar\u00e1 nuestro sitio web por su cuenta y riesgo. Usted ser\u00e1 plenamente responsable y se har\u00e1 cargo de todos los riesgos asociados al uso de nuestro sitio web. Nos reservamos el derecho a restringir o detener el uso de nuestro sitio web en todo momento. En la m\u00e1xima medida permitida por la ley, nuestro sitio web y nuestro bolet\u00edn y todos sus contenidos y materiales se proporcionan \u00abtal cual\u00bb y sin ning\u00fan tipo de garant\u00eda o condici\u00f3n, expresa o impl\u00edcita, en relaci\u00f3n con su exactitud, integridad, comerciabilidad, no violaci\u00f3n e idoneidad para un fin determinado.<\/p>\n<p>En particular, no garantizamos que nuestro sitio web funcione siempre sin errores ni que est\u00e9 libre de virus inform\u00e1ticos o de otros elementos potencialmente perjudiciales. No asumiremos la responsabilidad sobre da\u00f1os (incluyendo, entre otros, da\u00f1os indirectos, accidentales y emergentes) o p\u00e9rdidas que sean resultado de fallos, errores, omisiones, virus inform\u00e1ticos, interrupciones del servicio o negligencia por nuestra parte.<\/p>\n<p>En la m\u00e1xima medida permitida por la ley, queda excluida cualquier responsabilidad por nuestra parte y por la de cualquier tercero implicado en el desarrollo y la provisi\u00f3n de nuestro sitio web y nuestro bolet\u00edn sobre cualquier p\u00e9rdida o da\u00f1o directo, indirecto o emergente en que incurra cualquier usuario en relaci\u00f3n con nuestro sitio web o nuestro bolet\u00edn o en relaci\u00f3n con el uso, la imposibilidad de uso o el resultado del uso de nuestro sitio web o nuestro bolet\u00edn, de cualquier sitio web que enlace con los anteriores o de cualquier material publicado en nuestro sitio web o contenido en nuestro bolet\u00edn, incluyendo, sin limitaci\u00f3n, cualquier responsabilidad sobre p\u00e9rdidas de ingresos, p\u00e9rdidas de negocio, p\u00e9rdidas de beneficios o contratos, p\u00e9rdidas de ahorros anticipados, p\u00e9rdidas de datos, da\u00f1os a la imagen comercial, p\u00e9rdida de tiempo de gesti\u00f3n o de trabajo de oficina y cualquier otro tipo de p\u00e9rdidas o da\u00f1os provocados por delito (incluida negligencia), rescisi\u00f3n de contrato o de otro modo, aun cuando fueran previsibles.<\/p>\n<h3>7. Indemnizaci\u00f3n<\/h3>\n<p>Usted nos indemnizar\u00e1 por cualquier p\u00e9rdida, da\u00f1o o gasto en que incurramos como consecuencia de su uso de nuestro sitio web o nuestro bolet\u00edn, cualquiera de sus servicios o cualquier informaci\u00f3n accesible a trav\u00e9s de nuestro sitio web o nuestro bolet\u00edn, incluyendo la informaci\u00f3n obtenida de los sitios enlazados, nuestro env\u00edo o transmisi\u00f3n de informaci\u00f3n o material a trav\u00e9s de nuestro sitio web o su violaci\u00f3n de los presentes T\u00e9rminos y Condiciones o de cualquier otra ley, normativa o reglamento. Adem\u00e1s, nos eximir\u00e1 de toda responsabilidad sobre cualquier reclamaci\u00f3n seg\u00fan la cual la informaci\u00f3n o el material que nos haya enviado viole cualquier ley o infrinja los derechos de cualquier tercera parte (incluyendo, entre otras, reclamaciones por difamaci\u00f3n, invasi\u00f3n de la privacidad, abuso de confianza o violaci\u00f3n de cualquier derecho de la propiedad intelectual). Nos reservamos en exclusiva el derecho a defendernos y a controlar cualquier reclamaci\u00f3n que surja de lo anterior, y usted cooperar\u00e1 plenamente con nosotros en cualquier defensa de este tipo.<\/p>\n<h3>8. Jurisdicci\u00f3n y legislaci\u00f3n aplicable<\/h3>\n<p>Al utilizar nuestro sitio web, usted estar\u00e1 de acuerdo con que su uso del mismo est\u00e9 regido exclusivamente por las leyes de Reino Unido y con que los tribunales de Inglaterra y Gales (Reino Unido) tengan jurisdicci\u00f3n sobre cualquier asunto relacionado con dicho uso.<\/p>\n<h3>9. Variaciones<\/h3>\n<p style=\"text-align: left;\">Podemos revisar en todo momento estos T\u00e9rminos y Condiciones de uso del sitio web de KOLUMBUS mediante la modificaci\u00f3n de esta p\u00e1gina. Cada vez que utilice nuestro sitio web se aplicar\u00e1 la versi\u00f3n de los T\u00e9rminos y Condiciones vigente en ese momento.<\/p>\n","protected":false},"excerpt":{"rendered":"<p>1. Su consentimiento Estos T\u00e9rminos y Condiciones de uso del sitio web de KOLUMBUS (junto con la Pol\u00edtica de Privacidad de KOLUMBUS y todos los dem\u00e1s documentos a los que se haga referencia aqu\u00ed) le explican los t\u00e9rminos y condiciones sobre la base de los cuales usted podr\u00e1 utilizar nuestro sitio web. Por favor, lea [&hellip;]<\/p>\n","protected":false},"author":1,"featured_media":0,"parent":0,"menu_order":0,"comment_status":"closed","ping_status":"closed","template":"","meta":[],"yoast_head":"<!-- This site is optimized with the Yoast SEO plugin v20.5 - https:\/\/yoast.com\/wordpress\/plugins\/seo\/ -->\n<title>T\u00c9RMINOS Y CONDICIONES - KOLUMBUS Cigars<\/title>\n<meta name=\"robots\" content=\"index, follow, max-snippet:-1, max-image-preview:large, max-video-preview:-1\" \/>\n<link rel=\"canonical\" href=\"https:\/\/www.kolumbuscigars.com\/es\/terminos-y-condiciones\/\" \/>\n<meta property=\"og:locale\" content=\"es_ES\" \/>\n<meta property=\"og:type\" content=\"article\" \/>\n<meta property=\"og:title\" content=\"T\u00c9RMINOS Y CONDICIONES - KOLUMBUS Cigars\" \/>\n<meta property=\"og:description\" content=\"1. Su consentimiento Estos T\u00e9rminos y Condiciones de uso del sitio web de KOLUMBUS (junto con la Pol\u00edtica de Privacidad de KOLUMBUS y todos los dem\u00e1s documentos a los que se haga referencia aqu\u00ed) le explican los t\u00e9rminos y condiciones sobre la base de los cuales usted podr\u00e1 utilizar nuestro sitio web. Por favor, lea [&hellip;]\" \/>\n<meta property=\"og:url\" content=\"https:\/\/www.kolumbuscigars.com\/es\/terminos-y-condiciones\/\" \/>\n<meta property=\"og:site_name\" content=\"KOLUMBUS Cigars\" \/>\n<meta property=\"article:modified_time\" content=\"2019-04-25T17:48:49+00:00\" \/>\n<meta name=\"twitter:card\" content=\"summary_large_image\" \/>\n<meta name=\"twitter:label1\" content=\"Tiempo de lectura\" \/>\n\t<meta name=\"twitter:data1\" content=\"9 minutos\" \/>\n<script type=\"application\/ld+json\" class=\"yoast-schema-graph\">{\"@context\":\"https:\/\/schema.org\",\"@graph\":[{\"@type\":\"WebPage\",\"@id\":\"https:\/\/www.kolumbuscigars.com\/es\/terminos-y-condiciones\/\",\"url\":\"https:\/\/www.kolumbuscigars.com\/es\/terminos-y-condiciones\/\",\"name\":\"T\u00c9RMINOS Y CONDICIONES - KOLUMBUS Cigars\",\"isPartOf\":{\"@id\":\"https:\/\/www.kolumbuscigars.com\/#website\"},\"datePublished\":\"2015-04-01T14:38:59+00:00\",\"dateModified\":\"2019-04-25T17:48:49+00:00\",\"breadcrumb\":{\"@id\":\"https:\/\/www.kolumbuscigars.com\/es\/terminos-y-condiciones\/#breadcrumb\"},\"inLanguage\":\"es\",\"potentialAction\":[{\"@type\":\"ReadAction\",\"target\":[\"https:\/\/www.kolumbuscigars.com\/es\/terminos-y-condiciones\/\"]}]},{\"@type\":\"BreadcrumbList\",\"@id\":\"https:\/\/www.kolumbuscigars.com\/es\/terminos-y-condiciones\/#breadcrumb\",\"itemListElement\":[{\"@type\":\"ListItem\",\"position\":1,\"name\":\"Home\",\"item\":\"https:\/\/www.kolumbuscigars.com\/es\/\"},{\"@type\":\"ListItem\",\"position\":2,\"name\":\"T\u00c9RMINOS Y CONDICIONES\"}]},{\"@type\":\"WebSite\",\"@id\":\"https:\/\/www.kolumbuscigars.com\/#website\",\"url\":\"https:\/\/www.kolumbuscigars.com\/\",\"name\":\"KOLUMBUS Cigars\",\"description\":\"Premium Cigars From La Palma\",\"potentialAction\":[{\"@type\":\"SearchAction\",\"target\":{\"@type\":\"EntryPoint\",\"urlTemplate\":\"https:\/\/www.kolumbuscigars.com\/?s={search_term_string}\"},\"query-input\":\"required name=search_term_string\"}],\"inLanguage\":\"es\"}]}<\/script>\n<!-- \/ Yoast SEO plugin. -->","yoast_head_json":{"title":"T\u00c9RMINOS Y CONDICIONES - KOLUMBUS Cigars","robots":{"index":"index","follow":"follow","max-snippet":"max-snippet:-1","max-image-preview":"max-image-preview:large","max-video-preview":"max-video-preview:-1"},"canonical":"https:\/\/www.kolumbuscigars.com\/es\/terminos-y-condiciones\/","og_locale":"es_ES","og_type":"article","og_title":"T\u00c9RMINOS Y CONDICIONES - KOLUMBUS Cigars","og_description":"1. Su consentimiento Estos T\u00e9rminos y Condiciones de uso del sitio web de KOLUMBUS (junto con la Pol\u00edtica de Privacidad de KOLUMBUS y todos los dem\u00e1s documentos a los que se haga referencia aqu\u00ed) le explican los t\u00e9rminos y condiciones sobre la base de los cuales usted podr\u00e1 utilizar nuestro sitio web. Por favor, lea [&hellip;]","og_url":"https:\/\/www.kolumbuscigars.com\/es\/terminos-y-condiciones\/","og_site_name":"KOLUMBUS Cigars","article_modified_time":"2019-04-25T17:48:49+00:00","twitter_card":"summary_large_image","twitter_misc":{"Tiempo de lectura":"9 minutos"},"schema":{"@context":"https:\/\/schema.org","@graph":[{"@type":"WebPage","@id":"https:\/\/www.kolumbuscigars.com\/es\/terminos-y-condiciones\/","url":"https:\/\/www.kolumbuscigars.com\/es\/terminos-y-condiciones\/","name":"T\u00c9RMINOS Y CONDICIONES - KOLUMBUS Cigars","isPartOf":{"@id":"https:\/\/www.kolumbuscigars.com\/#website"},"datePublished":"2015-04-01T14:38:59+00:00","dateModified":"2019-04-25T17:48:49+00:00","breadcrumb":{"@id":"https:\/\/www.kolumbuscigars.com\/es\/terminos-y-condiciones\/#breadcrumb"},"inLanguage":"es","potentialAction":[{"@type":"ReadAction","target":["https:\/\/www.kolumbuscigars.com\/es\/terminos-y-condiciones\/"]}]},{"@type":"BreadcrumbList","@id":"https:\/\/www.kolumbuscigars.com\/es\/terminos-y-condiciones\/#breadcrumb","itemListElement":[{"@type":"ListItem","position":1,"name":"Home","item":"https:\/\/www.kolumbuscigars.com\/es\/"},{"@type":"ListItem","position":2,"name":"T\u00c9RMINOS Y CONDICIONES"}]},{"@type":"WebSite","@id":"https:\/\/www.kolumbuscigars.com\/#website","url":"https:\/\/www.kolumbuscigars.com\/","name":"KOLUMBUS Cigars","description":"Premium Cigars From La Palma","potentialAction":[{"@type":"SearchAction","target":{"@type":"EntryPoint","urlTemplate":"https:\/\/www.kolumbuscigars.com\/?s={search_term_string}"},"query-input":"required name=search_term_string"}],"inLanguage":"es"}]}},"_links":{"self":[{"href":"https:\/\/www.kolumbuscigars.com\/es\/wp-json\/wp\/v2\/pages\/1076"}],"collection":[{"href":"https:\/\/www.kolumbuscigars.com\/es\/wp-json\/wp\/v2\/pages"}],"about":[{"href":"https:\/\/www.kolumbuscigars.com\/es\/wp-json\/wp\/v2\/types\/page"}],"author":[{"embeddable":true,"href":"https:\/\/www.kolumbuscigars.com\/es\/wp-json\/wp\/v2\/users\/1"}],"replies":[{"embeddable":true,"href":"https:\/\/www.kolumbuscigars.com\/es\/wp-json\/wp\/v2\/comments?post=1076"}],"version-history":[{"count":14,"href":"https:\/\/www.kolumbuscigars.com\/es\/wp-json\/wp\/v2\/pages\/1076\/revisions"}],"predecessor-version":[{"id":76509,"href":"https:\/\/www.kolumbuscigars.com\/es\/wp-json\/wp\/v2\/pages\/1076\/revisions\/76509"}],"wp:attachment":[{"href":"https:\/\/www.kolumbuscigars.com\/es\/wp-json\/wp\/v2\/media?parent=1076"}],"curies":[{"name":"wp","href":"https:\/\/api.w.org\/{rel}","templated":true}]}}