{"id":1077,"date":"2015-04-01T14:39:01","date_gmt":"2015-04-01T14:39:01","guid":{"rendered":"http:\/\/kolumbuscigars.com\/?page_id=1077"},"modified":"2016-12-30T00:11:24","modified_gmt":"2016-12-30T00:11:24","slug":"el-equipo","status":"publish","type":"page","link":"https:\/\/www.kolumbuscigars.com\/es\/el-equipo\/","title":{"rendered":"EL EQUIPO"},"content":{"rendered":"<p><img decoding=\"async\" loading=\"lazy\" class=\"aligncenter size-full wp-image-3392\" src=\"http:\/\/kolumbuscigars.com\/wp-content\/uploads\/2016\/06\/among_friends.jpg\" alt=\"among_friends\" width=\"776\" height=\"250\" srcset=\"https:\/\/www.kolumbuscigars.com\/wp-content\/uploads\/2016\/06\/among_friends.jpg 776w, https:\/\/www.kolumbuscigars.com\/wp-content\/uploads\/2016\/06\/among_friends-300x97.jpg 300w, https:\/\/www.kolumbuscigars.com\/wp-content\/uploads\/2016\/06\/among_friends-768x247.jpg 768w, https:\/\/www.kolumbuscigars.com\/wp-content\/uploads\/2016\/06\/among_friends-600x193.jpg 600w\" sizes=\"(max-width: 776px) 100vw, 776px\" \/>Detr\u00e1s de <span style=\"color: #917b4c;\"><strong>KOLUMBUS<\/strong><\/span> hay un equipo de j\u00f3venes emprendedores que quieren compartir con usted su pasi\u00f3n y conocimientos en torno a la cultura del puro. Lo que comenz\u00f3 con una charla informal entre amigos acerca de unos tizones que est\u00e1bamos disfrutando\u00a0en un rinc\u00f3n\u00a0m\u00e1gico frente\u00a0al volc\u00e1n del Teide y a la inmensidad del Atl\u00e1ntico, acab\u00f3 con una clara idea en mente;\u00a0quer\u00edamos hacer un viaje como hizo Christoph Kolumbus al Nuevo Mundo.<\/p>\n<p>Todos tenemos diferentes perfiles profesionales, pero compartimos una pasi\u00f3n com\u00fan: disfrutar del puro. Esto se ha convertido en un ritual que rinde homenaje a la amistad y a las buenas cosas que valoramos de\u00a0la vida: una copa de ron a\u00f1ejo\u00a0y el flujo de una conversaci\u00f3n relajada al ritmo de la evoluci\u00f3n del\u00a0humo.<\/p>\n<div class=\"row \"> <div class=\"col-lg-4 col-md-12 col-xs-12 col-sm-12\"> <img src=\"http:\/\/kolumbuscigars.com\/wp-content\/uploads\/2015\/12\/kolumbus-marc.jpg\" class=\" img-rounded\"><\/p>\n<h3>Marc Ripoll<\/h3>\n<h5>Profesional del marketing y la comunicaci\u00f3n, Marc tiene una severa discapacidad auditiva que no le ha impedido lograr\u00a0sus sue\u00f1os gracias a su fuerza y persistencia.<\/h5>\n<h4>Un\u00a0momento:<\/h4>\n<p>Cualquier momento, con la familia o\u00a0los amigos\u2026 \u00a1y un puro\u00a0<span style=\"color: #917b4c;\"><strong>KOLUMBUS<\/strong><\/span>!<\/p>\n<h4>Mi\u00a0lema:<\/h4>\n<p>\u201cNo soy esclavo de un vicio, sino due\u00f1o de un placer\u201d.<\/p>\n<h4>Un personaje hist\u00f3rico:<\/h4>\n<p>El general Antonio Guti\u00e9rrez de Otero.<\/p>\n<h4>Un lugar ideal para disfrutar del placer del puro:<\/h4>\n<p>Cualquier lugar, de pie o sentado, pero relajado.<\/p>\n<h4>Me gustar\u00eda compartirlo con\u2026<\/h4>\n<p>\u00a1El esp\u00edritu de Sir Winston Churchill!<\/p>\n<h4>Una canci\u00f3n para acompa\u00f1ar:<\/h4>\n<p><em>Sinfon\u00eda n\u00ba\u00a03<\/em> de\u00a0Beethoven.<\/p>\n<h4>Mi mejor maridaje:<\/h4>\n<p>Un suave malta Caol Ila Reserva 12 a\u00f1os con su toque de turba y sus florales notas.<\/p>\n<h4>Y mi manjar favorito:<\/h4>\n<p>Huevos fritos con chorizo y patatas fritas.<\/p>\n<h4>Mi libro de cabecera:<\/h4>\n<p><em>El Fuego de Bronce<\/em> de Jes\u00fas Villanueva.<\/p>\n<h4>Mi mayor ilusi\u00f3n es\u2026<\/h4>\n<p>\u00a1Seguir teniendo ilusiones! <\/div> <div class=\"col-lg-4 col-md-12 col-xs-12 col-sm-12\"> <img src=\"http:\/\/kolumbuscigars.com\/wp-content\/uploads\/2015\/12\/kolumbus-sergio.jpg\" class=\" img-rounded\"><\/p>\n<h3>Sergio de Su\u00f1er<\/h3>\n<h5>Comandante de aerol\u00ednea\u00a0con muchas horas de vuelo en su haber, Sergio es una persona muy activa y aficionada a\u00a0la pr\u00e1ctica de cualquier deporte extremo.<\/h5>\n<h4>Un\u00a0momento:<\/h4>\n<p>\u00a1Todos los d\u00edas!<\/p>\n<h4>Mi\u00a0lema:<\/h4>\n<p>\u00abLa actitud es una peque\u00f1a cosa que hace una gran diferencia\u00bb.<\/p>\n<h4>Un personaje hist\u00f3rico:<\/h4>\n<p>El almirante Don Blas de Lezo.<\/p>\n<h4>Un lugar ideal para disfrutar del placer del puro:<\/h4>\n<p>Entre amigos.<\/p>\n<h4>Me gustar\u00eda compartirlo con\u2026<\/h4>\n<p>Compay Segundo.<\/p>\n<h4>Una canci\u00f3n para acompa\u00f1ar:<\/h4>\n<p><em>Chan Chan<\/em>\u00a0de Buenavista Social Club.<\/p>\n<h4>Mi mejor maridaje:<\/h4>\n<p>Un buen ron a\u00f1ejo.<\/p>\n<h4>Y mi manjar favorito:<\/h4>\n<p>Milanesa con papas fritas.<\/p>\n<h4>Mi libro de cabecera:<\/h4>\n<p><em>Un corsario al servicio de Benjamin Franklin<\/em> de Carlos C\u00f3logan.<\/p>\n<h4>Mi mayor ilusi\u00f3n es\u2026<\/h4>\n<p>\u00a1<span style=\"color: #917b4c;\"><strong>KOLUMBUS<\/strong><\/span>\u00a0alrededor del mundo! <\/div> <div class=\"col-lg-4 col-md-12 col-xs-12 col-sm-12\"> <img src=\"http:\/\/kolumbuscigars.com\/wp-content\/uploads\/2015\/12\/kolumbus-pedro.jpg\" class=\" img-rounded\"><\/p>\n<h3>Pedro de Ponte<\/h3>\n<h5>Pedro es un\u00a0profesional de la arquitectura\u00a0con una fuerte \u00e9tica medioambiental, que disfruta del\u00a0paisajismo y el campo.<\/h5>\n<h4>Un\u00a0momento:<\/h4>\n<p>Cualquier puesta de sol, acompa\u00f1ado siempre de un puro palmero.<\/p>\n<h4>Mi\u00a0lema:<\/h4>\n<p>\u201cDespacio y con cuidado: hacer las cosas bien\u00a0es m\u00e1s importante que hacerlas\u201d.<\/p>\n<h4>Un personaje hist\u00f3rico:<\/h4>\n<p>Leonardo da Vinci.<\/p>\n<h4>Un lugar ideal para disfrutar del placer del puro:<\/h4>\n<p>En una bodega de vinos.<\/p>\n<h4>Me gustar\u00eda compartirlo con\u2026<\/h4>\n<p>Una buena\u00a0conversaci\u00f3n.<\/p>\n<h4>Una canci\u00f3n para acompa\u00f1ar:<\/h4>\n<p><em>Sinnerman<\/em>\u00a0de Nina Simone.<\/p>\n<h4>Mi mejor maridaje:<\/h4>\n<p>\u00daltimamente con ginebra Martin Miller\u2019s\u00a0y t\u00f3nica.<\/p>\n<h4>Y mi manjar favorito:<\/h4>\n<p>Arroz a la cubana con salsa de tomate y pl\u00e1tano frito.<\/p>\n<h4>Mi libro de cabecera:<\/h4>\n<p><em>Un mundo sin fin<\/em> de Ken Follet.<\/p>\n<h4>Mi mayor ilusi\u00f3n es\u2026<\/h4>\n<p>\u00a1Ver crecer\u00a0<span style=\"color: #917b4c;\"><strong>KOLUMBUS<\/strong><\/span>! <\/div> <\/div>\n","protected":false},"excerpt":{"rendered":"<p>Detr\u00e1s de KOLUMBUS hay un equipo de j\u00f3venes emprendedores que quieren compartir con usted su pasi\u00f3n y conocimientos en torno a la cultura del puro. Lo que comenz\u00f3 con una charla informal entre amigos acerca de unos tizones que est\u00e1bamos disfrutando\u00a0en un rinc\u00f3n\u00a0m\u00e1gico frente\u00a0al volc\u00e1n del Teide y a la inmensidad del Atl\u00e1ntico, acab\u00f3 con [&hellip;]<\/p>\n","protected":false},"author":1,"featured_media":0,"parent":0,"menu_order":0,"comment_status":"closed","ping_status":"closed","template":"","meta":[],"yoast_head":"<!-- This site is optimized with the Yoast SEO plugin v20.5 - https:\/\/yoast.com\/wordpress\/plugins\/seo\/ -->\n<title>EL EQUIPO - KOLUMBUS Cigars<\/title>\n<meta name=\"robots\" content=\"index, follow, max-snippet:-1, max-image-preview:large, max-video-preview:-1\" \/>\n<link rel=\"canonical\" href=\"https:\/\/www.kolumbuscigars.com\/es\/el-equipo\/\" \/>\n<meta property=\"og:locale\" content=\"es_ES\" \/>\n<meta property=\"og:type\" content=\"article\" \/>\n<meta property=\"og:title\" content=\"EL EQUIPO - KOLUMBUS Cigars\" \/>\n<meta property=\"og:description\" content=\"Detr\u00e1s de KOLUMBUS hay un equipo de j\u00f3venes emprendedores que quieren compartir con usted su pasi\u00f3n y conocimientos en torno a la cultura del puro. Lo que comenz\u00f3 con una charla informal entre amigos acerca de unos tizones que est\u00e1bamos disfrutando\u00a0en un rinc\u00f3n\u00a0m\u00e1gico frente\u00a0al volc\u00e1n del Teide y a la inmensidad del Atl\u00e1ntico, acab\u00f3 con [&hellip;]\" \/>\n<meta property=\"og:url\" content=\"https:\/\/www.kolumbuscigars.com\/es\/el-equipo\/\" \/>\n<meta property=\"og:site_name\" content=\"KOLUMBUS Cigars\" \/>\n<meta property=\"article:modified_time\" content=\"2016-12-30T00:11:24+00:00\" \/>\n<meta property=\"og:image\" content=\"http:\/\/kolumbuscigars.com\/wp-content\/uploads\/2016\/06\/among_friends.jpg\" \/>\n<meta name=\"twitter:card\" content=\"summary_large_image\" \/>\n<meta name=\"twitter:label1\" content=\"Tiempo de lectura\" \/>\n\t<meta name=\"twitter:data1\" content=\"3 minutos\" \/>\n<script type=\"application\/ld+json\" class=\"yoast-schema-graph\">{\"@context\":\"https:\/\/schema.org\",\"@graph\":[{\"@type\":\"WebPage\",\"@id\":\"https:\/\/www.kolumbuscigars.com\/es\/el-equipo\/\",\"url\":\"https:\/\/www.kolumbuscigars.com\/es\/el-equipo\/\",\"name\":\"EL EQUIPO - KOLUMBUS Cigars\",\"isPartOf\":{\"@id\":\"https:\/\/www.kolumbuscigars.com\/#website\"},\"datePublished\":\"2015-04-01T14:39:01+00:00\",\"dateModified\":\"2016-12-30T00:11:24+00:00\",\"breadcrumb\":{\"@id\":\"https:\/\/www.kolumbuscigars.com\/es\/el-equipo\/#breadcrumb\"},\"inLanguage\":\"es\",\"potentialAction\":[{\"@type\":\"ReadAction\",\"target\":[\"https:\/\/www.kolumbuscigars.com\/es\/el-equipo\/\"]}]},{\"@type\":\"BreadcrumbList\",\"@id\":\"https:\/\/www.kolumbuscigars.com\/es\/el-equipo\/#breadcrumb\",\"itemListElement\":[{\"@type\":\"ListItem\",\"position\":1,\"name\":\"Home\",\"item\":\"https:\/\/www.kolumbuscigars.com\/es\/\"},{\"@type\":\"ListItem\",\"position\":2,\"name\":\"EL EQUIPO\"}]},{\"@type\":\"WebSite\",\"@id\":\"https:\/\/www.kolumbuscigars.com\/#website\",\"url\":\"https:\/\/www.kolumbuscigars.com\/\",\"name\":\"KOLUMBUS Cigars\",\"description\":\"Premium Cigars From La Palma\",\"potentialAction\":[{\"@type\":\"SearchAction\",\"target\":{\"@type\":\"EntryPoint\",\"urlTemplate\":\"https:\/\/www.kolumbuscigars.com\/?s={search_term_string}\"},\"query-input\":\"required name=search_term_string\"}],\"inLanguage\":\"es\"}]}<\/script>\n<!-- \/ Yoast SEO plugin. -->","yoast_head_json":{"title":"EL EQUIPO - KOLUMBUS Cigars","robots":{"index":"index","follow":"follow","max-snippet":"max-snippet:-1","max-image-preview":"max-image-preview:large","max-video-preview":"max-video-preview:-1"},"canonical":"https:\/\/www.kolumbuscigars.com\/es\/el-equipo\/","og_locale":"es_ES","og_type":"article","og_title":"EL EQUIPO - KOLUMBUS Cigars","og_description":"Detr\u00e1s de KOLUMBUS hay un equipo de j\u00f3venes emprendedores que quieren compartir con usted su pasi\u00f3n y conocimientos en torno a la cultura del puro. Lo que comenz\u00f3 con una charla informal entre amigos acerca de unos tizones que est\u00e1bamos disfrutando\u00a0en un rinc\u00f3n\u00a0m\u00e1gico frente\u00a0al volc\u00e1n del Teide y a la inmensidad del Atl\u00e1ntico, acab\u00f3 con [&hellip;]","og_url":"https:\/\/www.kolumbuscigars.com\/es\/el-equipo\/","og_site_name":"KOLUMBUS Cigars","article_modified_time":"2016-12-30T00:11:24+00:00","og_image":[{"url":"http:\/\/kolumbuscigars.com\/wp-content\/uploads\/2016\/06\/among_friends.jpg"}],"twitter_card":"summary_large_image","twitter_misc":{"Tiempo de lectura":"3 minutos"},"schema":{"@context":"https:\/\/schema.org","@graph":[{"@type":"WebPage","@id":"https:\/\/www.kolumbuscigars.com\/es\/el-equipo\/","url":"https:\/\/www.kolumbuscigars.com\/es\/el-equipo\/","name":"EL EQUIPO - KOLUMBUS Cigars","isPartOf":{"@id":"https:\/\/www.kolumbuscigars.com\/#website"},"datePublished":"2015-04-01T14:39:01+00:00","dateModified":"2016-12-30T00:11:24+00:00","breadcrumb":{"@id":"https:\/\/www.kolumbuscigars.com\/es\/el-equipo\/#breadcrumb"},"inLanguage":"es","potentialAction":[{"@type":"ReadAction","target":["https:\/\/www.kolumbuscigars.com\/es\/el-equipo\/"]}]},{"@type":"BreadcrumbList","@id":"https:\/\/www.kolumbuscigars.com\/es\/el-equipo\/#breadcrumb","itemListElement":[{"@type":"ListItem","position":1,"name":"Home","item":"https:\/\/www.kolumbuscigars.com\/es\/"},{"@type":"ListItem","position":2,"name":"EL EQUIPO"}]},{"@type":"WebSite","@id":"https:\/\/www.kolumbuscigars.com\/#website","url":"https:\/\/www.kolumbuscigars.com\/","name":"KOLUMBUS Cigars","description":"Premium Cigars From La Palma","potentialAction":[{"@type":"SearchAction","target":{"@type":"EntryPoint","urlTemplate":"https:\/\/www.kolumbuscigars.com\/?s={search_term_string}"},"query-input":"required name=search_term_string"}],"inLanguage":"es"}]}},"_links":{"self":[{"href":"https:\/\/www.kolumbuscigars.com\/es\/wp-json\/wp\/v2\/pages\/1077"}],"collection":[{"href":"https:\/\/www.kolumbuscigars.com\/es\/wp-json\/wp\/v2\/pages"}],"about":[{"href":"https:\/\/www.kolumbuscigars.com\/es\/wp-json\/wp\/v2\/types\/page"}],"author":[{"embeddable":true,"href":"https:\/\/www.kolumbuscigars.com\/es\/wp-json\/wp\/v2\/users\/1"}],"replies":[{"embeddable":true,"href":"https:\/\/www.kolumbuscigars.com\/es\/wp-json\/wp\/v2\/comments?post=1077"}],"version-history":[{"count":33,"href":"https:\/\/www.kolumbuscigars.com\/es\/wp-json\/wp\/v2\/pages\/1077\/revisions"}],"predecessor-version":[{"id":3961,"href":"https:\/\/www.kolumbuscigars.com\/es\/wp-json\/wp\/v2\/pages\/1077\/revisions\/3961"}],"wp:attachment":[{"href":"https:\/\/www.kolumbuscigars.com\/es\/wp-json\/wp\/v2\/media?parent=1077"}],"curies":[{"name":"wp","href":"https:\/\/api.w.org\/{rel}","templated":true}]}}