{"id":2051,"date":"2015-07-03T16:15:57","date_gmt":"2015-07-03T16:15:57","guid":{"rendered":"http:\/\/kolumbuscigars.com\/?page_id=2051"},"modified":"2015-09-04T09:57:16","modified_gmt":"2015-09-04T09:57:16","slug":"humidores","status":"publish","type":"page","link":"https:\/\/www.kolumbuscigars.com\/es\/humidores\/","title":{"rendered":"HUMIDORES"},"content":{"rendered":"<div class=\"row \"><div class=\"col-lg-4 col-md-12 col-xs-12 col-sm-12\"><\/p>\n<p style=\"text-align: center;\"><a href=\"http:\/\/kolumbuscigars.com\/es\/producto\/racing\/\"><img decoding=\"async\" loading=\"lazy\" class=\"alignnone size-medium wp-image-2023\" src=\"http:\/\/kolumbuscigars.com\/wp-content\/uploads\/2015\/07\/Racing-300x198.png\" alt=\"Racing\" width=\"300\" height=\"198\" srcset=\"https:\/\/www.kolumbuscigars.com\/wp-content\/uploads\/2015\/07\/Racing-300x198.png 300w, https:\/\/www.kolumbuscigars.com\/wp-content\/uploads\/2015\/07\/Racing-600x396.png 600w, https:\/\/www.kolumbuscigars.com\/wp-content\/uploads\/2015\/07\/Racing.png 667w\" sizes=\"(max-width: 300px) 100vw, 300px\" \/><\/a><br \/>\n<strong>Racing<\/strong><\/p>\n<p style=\"text-align: center;\"><a href=\"http:\/\/kolumbuscigars.com\/es\/producto\/racing-green\/\"><img decoding=\"async\" loading=\"lazy\" class=\"alignnone size-medium wp-image-2025\" src=\"http:\/\/kolumbuscigars.com\/wp-content\/uploads\/2015\/07\/Racing-Green-300x198.png\" alt=\"Racing-Green\" width=\"300\" height=\"198\" srcset=\"https:\/\/www.kolumbuscigars.com\/wp-content\/uploads\/2015\/07\/Racing-Green-300x198.png 300w, https:\/\/www.kolumbuscigars.com\/wp-content\/uploads\/2015\/07\/Racing-Green-600x396.png 600w, https:\/\/www.kolumbuscigars.com\/wp-content\/uploads\/2015\/07\/Racing-Green.png 667w\" sizes=\"(max-width: 300px) 100vw, 300px\" \/><\/a><br \/>\n<strong>Racing Green<\/strong><\/p>\n<p style=\"text-align: center;\"><a href=\"http:\/\/kolumbuscigars.com\/es\/producto\/le-mans\/\"><img decoding=\"async\" loading=\"lazy\" class=\"alignnone size-medium wp-image-2027\" src=\"http:\/\/kolumbuscigars.com\/wp-content\/uploads\/2015\/07\/Le-Mans-300x198.png\" alt=\"Le-Mans\" width=\"300\" height=\"198\" srcset=\"https:\/\/www.kolumbuscigars.com\/wp-content\/uploads\/2015\/07\/Le-Mans-300x198.png 300w, https:\/\/www.kolumbuscigars.com\/wp-content\/uploads\/2015\/07\/Le-Mans-600x396.png 600w, https:\/\/www.kolumbuscigars.com\/wp-content\/uploads\/2015\/07\/Le-Mans.png 667w\" sizes=\"(max-width: 300px) 100vw, 300px\" \/><\/a><br \/>\n<strong>Le Mans<\/strong><\/p>\n<p><\/div>\n<div class=\"col-lg-4 col-md-12 col-xs-12 col-sm-12\"><\/p>\n<p style=\"text-align: center;\"><a href=\"http:\/\/kolumbuscigars.com\/es\/producto\/red\/\"><img decoding=\"async\" loading=\"lazy\" class=\"alignnone size-medium wp-image-2079\" src=\"http:\/\/kolumbuscigars.com\/wp-content\/uploads\/2015\/07\/Red-300x198.png\" alt=\"Red\" width=\"300\" height=\"198\" srcset=\"https:\/\/www.kolumbuscigars.com\/wp-content\/uploads\/2015\/07\/Red-300x198.png 300w, https:\/\/www.kolumbuscigars.com\/wp-content\/uploads\/2015\/07\/Red-600x396.png 600w, https:\/\/www.kolumbuscigars.com\/wp-content\/uploads\/2015\/07\/Red.png 667w\" sizes=\"(max-width: 300px) 100vw, 300px\" \/><\/a><br \/>\n<strong>Red<\/strong><\/p>\n<p style=\"text-align: center;\"><a href=\"http:\/\/kolumbuscigars.com\/es\/producto\/chocolate\/\"><img decoding=\"async\" loading=\"lazy\" class=\"alignnone size-medium wp-image-2029\" src=\"http:\/\/kolumbuscigars.com\/wp-content\/uploads\/2015\/07\/Chocolate-300x198.png\" alt=\"Chocolate\" width=\"300\" height=\"198\" srcset=\"https:\/\/www.kolumbuscigars.com\/wp-content\/uploads\/2015\/07\/Chocolate-300x198.png 300w, https:\/\/www.kolumbuscigars.com\/wp-content\/uploads\/2015\/07\/Chocolate-600x396.png 600w, https:\/\/www.kolumbuscigars.com\/wp-content\/uploads\/2015\/07\/Chocolate.png 667w\" sizes=\"(max-width: 300px) 100vw, 300px\" \/><\/a><br \/>\n<strong>Chocolate<\/strong><\/p>\n<p style=\"text-align: center;\"><a href=\"http:\/\/kolumbuscigars.com\/es\/producto\/chocolate_basic\/\"><img decoding=\"async\" loading=\"lazy\" class=\"alignnone size-medium wp-image-2031\" src=\"http:\/\/kolumbuscigars.com\/wp-content\/uploads\/2015\/07\/ChocolateB-300x198.png\" alt=\"ChocolateB\" width=\"300\" height=\"198\" srcset=\"https:\/\/www.kolumbuscigars.com\/wp-content\/uploads\/2015\/07\/ChocolateB-300x198.png 300w, https:\/\/www.kolumbuscigars.com\/wp-content\/uploads\/2015\/07\/ChocolateB-600x396.png 600w, https:\/\/www.kolumbuscigars.com\/wp-content\/uploads\/2015\/07\/ChocolateB.png 667w\" sizes=\"(max-width: 300px) 100vw, 300px\" \/><\/a><br \/>\n<strong>Chocolate (Basic)<\/strong><\/div>\n<div class=\"col-lg-4 col-md-12 col-xs-12 col-sm-12\"><\/p>\n<p style=\"text-align: center;\"><a href=\"http:\/\/kolumbuscigars.com\/es\/producto\/poliedro\/\"><img decoding=\"async\" loading=\"lazy\" class=\"alignnone size-medium wp-image-2033\" src=\"http:\/\/kolumbuscigars.com\/wp-content\/uploads\/2015\/07\/Poliedro-300x198.png\" alt=\"Poliedro\" width=\"300\" height=\"198\" srcset=\"https:\/\/www.kolumbuscigars.com\/wp-content\/uploads\/2015\/07\/Poliedro-300x198.png 300w, https:\/\/www.kolumbuscigars.com\/wp-content\/uploads\/2015\/07\/Poliedro-600x396.png 600w, https:\/\/www.kolumbuscigars.com\/wp-content\/uploads\/2015\/07\/Poliedro.png 667w\" sizes=\"(max-width: 300px) 100vw, 300px\" \/><\/a><br \/>\n<strong>Poliedro<\/strong><\/p>\n<p style=\"text-align: center;\"><a href=\"http:\/\/kolumbuscigars.com\/es\/producto\/faces\/\"><img decoding=\"async\" loading=\"lazy\" class=\"alignnone size-medium wp-image-2035\" src=\"http:\/\/kolumbuscigars.com\/wp-content\/uploads\/2015\/07\/Faces-300x198.png\" alt=\"Faces\" width=\"300\" height=\"198\" srcset=\"https:\/\/www.kolumbuscigars.com\/wp-content\/uploads\/2015\/07\/Faces-300x198.png 300w, https:\/\/www.kolumbuscigars.com\/wp-content\/uploads\/2015\/07\/Faces-600x396.png 600w, https:\/\/www.kolumbuscigars.com\/wp-content\/uploads\/2015\/07\/Faces.png 667w\" sizes=\"(max-width: 300px) 100vw, 300px\" \/><\/a><br \/>\n<strong>Faces<\/strong><\/p>\n<p><\/div>\n<\/div><br \/>\nTodos nuestros humidores est\u00e1n fabricados a mano, uno a uno, con los mejores materiales y dise\u00f1ados para durar toda la vida, pero sobre todo, para garantizar un perfecto mantenimiento de sus valiosos cigarros.<\/p>\n<p>El dise\u00f1o y construcci\u00f3n por capas de nuestros humidores garantiza la m\u00e1xima robustez, a la vez que un perfecto aislamiento del interior. Aunque el exterior sufra cualquier rotura o deterioro grave, el humidor seguir\u00e1 haciendo el trabajo para el que fue concebido: conservar sus cigarros en perfecto estado.<\/p>\n<p>El interior realizado completamente en Cedro Espa\u00f1ol macizo (<em>cedrela odorata<\/em>), en combinaci\u00f3n con nuestro sistema de humidificaci\u00f3n, garantizan una humedad constante durante un largo periodo de tiempo.<\/p>\n<p>El exterior de madera maciza nos permite realizar curvas y dise\u00f1os imposibles de conseguir en humidores de chapa de madera.<\/p>\n<p><em><a href=\"http:\/\/kolumbuscigars.com\/es\/nuestros-humidores\/\">&gt;&gt; M\u00e1s informaci\u00f3n acerca de nuestros\u00a0humidores<\/a><\/em><\/p>\n<\/div>\n","protected":false},"excerpt":{"rendered":"<p>Todos nuestros humidores est\u00e1n fabricados a mano, uno a uno, con los mejores materiales y dise\u00f1ados para durar toda la vida, pero sobre todo, para garantizar un perfecto mantenimiento de sus valiosos cigarros. El dise\u00f1o y construcci\u00f3n por capas de nuestros humidores garantiza la m\u00e1xima robustez, a la vez que un perfecto aislamiento del interior. [&hellip;]<\/p>\n","protected":false},"author":1,"featured_media":0,"parent":0,"menu_order":0,"comment_status":"closed","ping_status":"closed","template":"","meta":[],"yoast_head":"<!-- This site is optimized with the Yoast SEO plugin v20.5 - https:\/\/yoast.com\/wordpress\/plugins\/seo\/ -->\n<title>HUMIDORES - KOLUMBUS Cigars<\/title>\n<meta name=\"robots\" content=\"index, follow, max-snippet:-1, max-image-preview:large, max-video-preview:-1\" \/>\n<link rel=\"canonical\" href=\"https:\/\/www.kolumbuscigars.com\/es\/humidores\/\" \/>\n<meta property=\"og:locale\" content=\"es_ES\" \/>\n<meta property=\"og:type\" content=\"article\" \/>\n<meta property=\"og:title\" content=\"HUMIDORES - KOLUMBUS Cigars\" \/>\n<meta property=\"og:description\" content=\"Todos nuestros humidores est\u00e1n fabricados a mano, uno a uno, con los mejores materiales y dise\u00f1ados para durar toda la vida, pero sobre todo, para garantizar un perfecto mantenimiento de sus valiosos cigarros. El dise\u00f1o y construcci\u00f3n por capas de nuestros humidores garantiza la m\u00e1xima robustez, a la vez que un perfecto aislamiento del interior. [&hellip;]\" \/>\n<meta property=\"og:url\" content=\"https:\/\/www.kolumbuscigars.com\/es\/humidores\/\" \/>\n<meta property=\"og:site_name\" content=\"KOLUMBUS Cigars\" \/>\n<meta property=\"article:modified_time\" content=\"2015-09-04T09:57:16+00:00\" \/>\n<meta property=\"og:image\" content=\"http:\/\/kolumbuscigars.com\/wp-content\/uploads\/2015\/07\/Racing-300x198.png\" \/>\n<meta name=\"twitter:card\" content=\"summary_large_image\" \/>\n<meta name=\"twitter:label1\" content=\"Tiempo de lectura\" \/>\n\t<meta name=\"twitter:data1\" content=\"1 minuto\" \/>\n<script type=\"application\/ld+json\" class=\"yoast-schema-graph\">{\"@context\":\"https:\/\/schema.org\",\"@graph\":[{\"@type\":\"WebPage\",\"@id\":\"https:\/\/www.kolumbuscigars.com\/es\/humidores\/\",\"url\":\"https:\/\/www.kolumbuscigars.com\/es\/humidores\/\",\"name\":\"HUMIDORES - KOLUMBUS Cigars\",\"isPartOf\":{\"@id\":\"https:\/\/www.kolumbuscigars.com\/#website\"},\"datePublished\":\"2015-07-03T16:15:57+00:00\",\"dateModified\":\"2015-09-04T09:57:16+00:00\",\"breadcrumb\":{\"@id\":\"https:\/\/www.kolumbuscigars.com\/es\/humidores\/#breadcrumb\"},\"inLanguage\":\"es\",\"potentialAction\":[{\"@type\":\"ReadAction\",\"target\":[\"https:\/\/www.kolumbuscigars.com\/es\/humidores\/\"]}]},{\"@type\":\"BreadcrumbList\",\"@id\":\"https:\/\/www.kolumbuscigars.com\/es\/humidores\/#breadcrumb\",\"itemListElement\":[{\"@type\":\"ListItem\",\"position\":1,\"name\":\"Home\",\"item\":\"https:\/\/www.kolumbuscigars.com\/es\/\"},{\"@type\":\"ListItem\",\"position\":2,\"name\":\"HUMIDORES\"}]},{\"@type\":\"WebSite\",\"@id\":\"https:\/\/www.kolumbuscigars.com\/#website\",\"url\":\"https:\/\/www.kolumbuscigars.com\/\",\"name\":\"KOLUMBUS Cigars\",\"description\":\"Premium Cigars From La Palma\",\"potentialAction\":[{\"@type\":\"SearchAction\",\"target\":{\"@type\":\"EntryPoint\",\"urlTemplate\":\"https:\/\/www.kolumbuscigars.com\/?s={search_term_string}\"},\"query-input\":\"required name=search_term_string\"}],\"inLanguage\":\"es\"}]}<\/script>\n<!-- \/ Yoast SEO plugin. -->","yoast_head_json":{"title":"HUMIDORES - KOLUMBUS Cigars","robots":{"index":"index","follow":"follow","max-snippet":"max-snippet:-1","max-image-preview":"max-image-preview:large","max-video-preview":"max-video-preview:-1"},"canonical":"https:\/\/www.kolumbuscigars.com\/es\/humidores\/","og_locale":"es_ES","og_type":"article","og_title":"HUMIDORES - KOLUMBUS Cigars","og_description":"Todos nuestros humidores est\u00e1n fabricados a mano, uno a uno, con los mejores materiales y dise\u00f1ados para durar toda la vida, pero sobre todo, para garantizar un perfecto mantenimiento de sus valiosos cigarros. El dise\u00f1o y construcci\u00f3n por capas de nuestros humidores garantiza la m\u00e1xima robustez, a la vez que un perfecto aislamiento del interior. [&hellip;]","og_url":"https:\/\/www.kolumbuscigars.com\/es\/humidores\/","og_site_name":"KOLUMBUS Cigars","article_modified_time":"2015-09-04T09:57:16+00:00","og_image":[{"url":"http:\/\/kolumbuscigars.com\/wp-content\/uploads\/2015\/07\/Racing-300x198.png"}],"twitter_card":"summary_large_image","twitter_misc":{"Tiempo de lectura":"1 minuto"},"schema":{"@context":"https:\/\/schema.org","@graph":[{"@type":"WebPage","@id":"https:\/\/www.kolumbuscigars.com\/es\/humidores\/","url":"https:\/\/www.kolumbuscigars.com\/es\/humidores\/","name":"HUMIDORES - KOLUMBUS Cigars","isPartOf":{"@id":"https:\/\/www.kolumbuscigars.com\/#website"},"datePublished":"2015-07-03T16:15:57+00:00","dateModified":"2015-09-04T09:57:16+00:00","breadcrumb":{"@id":"https:\/\/www.kolumbuscigars.com\/es\/humidores\/#breadcrumb"},"inLanguage":"es","potentialAction":[{"@type":"ReadAction","target":["https:\/\/www.kolumbuscigars.com\/es\/humidores\/"]}]},{"@type":"BreadcrumbList","@id":"https:\/\/www.kolumbuscigars.com\/es\/humidores\/#breadcrumb","itemListElement":[{"@type":"ListItem","position":1,"name":"Home","item":"https:\/\/www.kolumbuscigars.com\/es\/"},{"@type":"ListItem","position":2,"name":"HUMIDORES"}]},{"@type":"WebSite","@id":"https:\/\/www.kolumbuscigars.com\/#website","url":"https:\/\/www.kolumbuscigars.com\/","name":"KOLUMBUS Cigars","description":"Premium Cigars From La Palma","potentialAction":[{"@type":"SearchAction","target":{"@type":"EntryPoint","urlTemplate":"https:\/\/www.kolumbuscigars.com\/?s={search_term_string}"},"query-input":"required name=search_term_string"}],"inLanguage":"es"}]}},"_links":{"self":[{"href":"https:\/\/www.kolumbuscigars.com\/es\/wp-json\/wp\/v2\/pages\/2051"}],"collection":[{"href":"https:\/\/www.kolumbuscigars.com\/es\/wp-json\/wp\/v2\/pages"}],"about":[{"href":"https:\/\/www.kolumbuscigars.com\/es\/wp-json\/wp\/v2\/types\/page"}],"author":[{"embeddable":true,"href":"https:\/\/www.kolumbuscigars.com\/es\/wp-json\/wp\/v2\/users\/1"}],"replies":[{"embeddable":true,"href":"https:\/\/www.kolumbuscigars.com\/es\/wp-json\/wp\/v2\/comments?post=2051"}],"version-history":[{"count":15,"href":"https:\/\/www.kolumbuscigars.com\/es\/wp-json\/wp\/v2\/pages\/2051\/revisions"}],"predecessor-version":[{"id":2355,"href":"https:\/\/www.kolumbuscigars.com\/es\/wp-json\/wp\/v2\/pages\/2051\/revisions\/2355"}],"wp:attachment":[{"href":"https:\/\/www.kolumbuscigars.com\/es\/wp-json\/wp\/v2\/media?parent=2051"}],"curies":[{"name":"wp","href":"https:\/\/api.w.org\/{rel}","templated":true}]}}