{"id":2092,"date":"2015-07-03T16:35:00","date_gmt":"2015-07-03T16:35:00","guid":{"rendered":"http:\/\/kolumbuscigars.com\/our-humidors-2\/"},"modified":"2015-07-29T08:09:34","modified_gmt":"2015-07-29T08:09:34","slug":"nuestros-humidores","status":"publish","type":"page","link":"https:\/\/www.kolumbuscigars.com\/es\/nuestros-humidores\/","title":{"rendered":"SOBRE NUESTROS HUMIDORES"},"content":{"rendered":"<h3>Dise\u00f1o y construcci\u00f3n<\/h3>\n<p>El dise\u00f1o y construcci\u00f3n por capas de nuestros humidores garantiza la m\u00e1xima robustez, a la vez que un perfecto aislamiento del interior. Aunque el exterior sufra cualquier rotura o deterioro grave, el humidor seguir\u00e1 haciendo el trabajo para el que fue concebido: conservar sus cigarros en perfecto estado.<\/p>\n<p><img decoding=\"async\" loading=\"lazy\" class=\" wp-image-2246 size-full alignleft\" src=\"http:\/\/kolumbuscigars.com\/wp-content\/uploads\/2015\/07\/corte_construccion.jpg\" alt=\"corte_construccion\" width=\"151\" height=\"302\" srcset=\"https:\/\/www.kolumbuscigars.com\/wp-content\/uploads\/2015\/07\/corte_construccion.jpg 151w, https:\/\/www.kolumbuscigars.com\/wp-content\/uploads\/2015\/07\/corte_construccion-150x300.jpg 150w\" sizes=\"(max-width: 151px) 100vw, 151px\" \/>Cinco capas forman las paredes de nuestros humidores: la capa interior, realizada en cedro espa\u00f1ol macizo, la cual, junto con nuestro sistema de humidificaci\u00f3n ajustable, garantizan un mantenimiento perfecto y constante de la humedad.<\/p>\n<p>Soportando a la capa interior hay una segunda capa realizada en un pol\u00edmero aislante, no t\u00f3xico, inodoro, resistente a la humedad y antibacteriano, que crea una c\u00e1mara de aire entre el interior y el esqueleto de la caja, absorbiendo adem\u00e1s los peque\u00f1os movimientos que se pudieran ocasionar en la capa de cedro al retener la humedad. As\u00ed pues, esta capa, junto con la lengu\u0308eta inferior de cedro, proporcionan un cierre perfecto del humidor.<\/p>\n<p>La tercera capa est\u00e1 formada por una imprimaci\u00f3n completamente inerte e inodora, que a\u00edsla el interior del exterior, evitando cualquier fuga de humedad\u00a0e\u00a0impidiendo as\u00ed la deformaci\u00f3n de la madera externa.<\/p>\n<p>La cuarta capa es \u201cel esqueleto\u201d del humidor. Hecho de contrachapado de abedul finland\u00e9s de primera calidad, madera muy estable, ligera y resistente a la intemperie. Es la que aguanta todas las tensiones y da soporte y forma a la caja.<\/p>\n<p>La quinta y \u00faltima capa, adem\u00e1s de contribuir a la robustez, proporciona al humidor la belleza del acabado exterior. Para esto hemos seleccionado y combinado maderas preciosas procedentes de todo el mundo.<\/p>\n<p><img decoding=\"async\" loading=\"lazy\" class=\" wp-image-2237 size-full alignright\" src=\"http:\/\/kolumbuscigars.com\/wp-content\/uploads\/2015\/07\/red.jpg\" alt=\"red\" width=\"473\" height=\"148\" srcset=\"https:\/\/www.kolumbuscigars.com\/wp-content\/uploads\/2015\/07\/red.jpg 473w, https:\/\/www.kolumbuscigars.com\/wp-content\/uploads\/2015\/07\/red-300x94.jpg 300w\" sizes=\"(max-width: 473px) 100vw, 473px\" \/>El hecho de que el exterior sea de madera maciza, nos permite realizar formas curvas y dise\u00f1os imposibles de conseguir en un humidor fabricado en chapa de madera.<\/p>\n<p>La bisagras que utilizamos en nuestros humidores est\u00e1n realizadas en lat\u00f3n macizo, siendo \u00e9stas extremadamente resistentes. Adem\u00e1s poseen un sistema de auto detenci\u00f3n, permitiendo que la tapa quede abierta a 95\u00b0.<\/p>\n<h3>Acondicionar su humidor<\/h3>\n<p>\u00c9ste es un paso fundamental para el buen funcionamiento del humidor, ya que aqu\u00ed vamos a aportar la humedad necesaria al cedro del interior.<\/p>\n<p>Lo primero que debe hacer al recibir su humidor, es adherir los imanes del sistema de humidificaci\u00f3n y el higr\u00f3metro, ya que el adhesivo del que est\u00e1n provistos, aunque soporta la humedad, siempre tendr\u00e1 un mejor agarre inicial si el cedro est\u00e1 seco.<\/p>\n<p>Para ello, aseg\u00farese de que los orificios del humidificador est\u00e1n abiertos para que al adherirlo, la inscripci\u00f3n no quede rotada. Quite los papeles que protegen el adhesivo de los imanes, y p\u00e9guelo con fuerza durante treinta segundos en su alojamiento. Por est\u00e9tica f\u00edjese que la inscripci\u00f3n quede lo m\u00e1s horizontal posible.<\/p>\n<p>Retire papel del adhesivo de la placa de metal del higr\u00f3metro y p\u00e9guelo de la misma manera.<\/p>\n<p><img decoding=\"async\" loading=\"lazy\" class=\"aligncenter wp-image-2233 size-full\" src=\"http:\/\/kolumbuscigars.com\/wp-content\/uploads\/2015\/07\/montaje.jpg\" alt=\"montaje\" width=\"659\" height=\"189\" srcset=\"https:\/\/www.kolumbuscigars.com\/wp-content\/uploads\/2015\/07\/montaje.jpg 659w, https:\/\/www.kolumbuscigars.com\/wp-content\/uploads\/2015\/07\/montaje-300x86.jpg 300w, https:\/\/www.kolumbuscigars.com\/wp-content\/uploads\/2015\/07\/montaje-600x172.jpg 600w\" sizes=\"(max-width: 659px) 100vw, 659px\" \/><\/p>\n<p>Una vez hecho esto, puede proceder a acondicionar su humidor.<\/p>\n<p>Para ello, despu\u00e9s de haber retirado el higr\u00f3metro y el sistema de humidificaci\u00f3n, coloque un recipiente con agua destilada en su interior, cierre la tapa y col\u00f3quelo en un lugar seguro durante toda la noche, o aproximadamente 12 horas (dejar dentro del humidor todas las partes de cedro, como bandeja, o separadores).<\/p>\n<p>Una vez transcurridas las 12 horas, coloque el higr\u00f3metro (instrucciones en el interior de la caja) en el interior del humidor, y haga una lectura de la humedad pasada 1 hora aproximadamente. Si la lectura es inferior al 70%, coloque de nuevo el recipiente con el agua, cierre y espere de 3 a 6 horas antes de repetir la lectura.<\/p>\n<p>Repita estos pasos hasta que alcance aproximadamente el 70% de humedad (ver \u201cHumedad en nuestro humidor\u201d).<\/p>\n<p><img decoding=\"async\" loading=\"lazy\" class=\"alignleft wp-image-2242 size-full\" src=\"http:\/\/kolumbuscigars.com\/wp-content\/uploads\/2015\/07\/humidor_abierto.jpg\" alt=\"humidor_abierto\" width=\"383\" height=\"254\" srcset=\"https:\/\/www.kolumbuscigars.com\/wp-content\/uploads\/2015\/07\/humidor_abierto.jpg 383w, https:\/\/www.kolumbuscigars.com\/wp-content\/uploads\/2015\/07\/humidor_abierto-300x199.jpg 300w\" sizes=\"(max-width: 383px) 100vw, 383px\" \/>Si al hacer la lectura el nivel de humedad supera el 70%, no debe preocuparse ya que el humidor se autoajustar\u00e1 pasado un tiempo. Tambi\u00e9n puede dejar la tapa del humidor abierta durante unos minutos para que pierda un poco de humedad y acelerar as\u00ed el proceso.<\/p>\n<p>Una vez tenga su humidor estabilizado al 70% de humedad, introduzca el sistema de humidificaci\u00f3n con la esponja saturada de agua destilada (ver \u201cSistema de humidificaci\u00f3n\u201d).<\/p>\n<p>Ahora ya puede introducir los cigarros en el humidor.<\/p>\n<p>No se alarme si al introducir los cigarros var\u00eda la humedad en el interior del humidor. Esto es completamente normal, ya que el tabaco, al igual que el cedro, tiene propiedades higrosc\u00f3picas, esto es, que absorben o ceden humedad del ambiente que les rodea variando as\u00ed la humedad que hab\u00eda en el humidor. Pasado un tiempo su humidor se autoajustar\u00e1.<\/p>\n<h3>Sistema de humidificaci\u00f3n<\/h3>\n<p><img decoding=\"async\" loading=\"lazy\" class=\"alignright wp-image-2244 size-full\" src=\"http:\/\/kolumbuscigars.com\/wp-content\/uploads\/2015\/07\/humidificador.jpg\" alt=\"humidificador\" width=\"393\" height=\"282\" srcset=\"https:\/\/www.kolumbuscigars.com\/wp-content\/uploads\/2015\/07\/humidificador.jpg 393w, https:\/\/www.kolumbuscigars.com\/wp-content\/uploads\/2015\/07\/humidificador-300x215.jpg 300w\" sizes=\"(max-width: 393px) 100vw, 393px\" \/>El sistema de humidificaci\u00f3n est\u00e1 mecanizado a partir de una pieza maciza de aleaci\u00f3n de aluminio y posteriormente anodizado en negro, lo que le confiere gran resistencia ante la oxidaci\u00f3n y el deterioro.<\/p>\n<p>La esponja que utiliza nuestro sistema est\u00e1 fabricada en un material sint\u00e9tico llamado PVA (Polyvinyl Alcohol), el cual posee una estructura tridimensional de celdas abiertas interconectadas entre s\u00ed, similar a una esponja de mar natural, lo que le otorga una capacidad de absorci\u00f3n y retenci\u00f3n de agua superior a cualquier otra esponja.<\/p>\n<p>Nuestras esponjas absorben doce veces su peso seco en agua. Adem\u00e1s, no favorecen el crecimiento de hongos o bacterias.<\/p>\n<p>Para saturar la esponja debe utilizar solamente agua destilada, ya que est\u00e1 libre de impurezas que podr\u00edan colapsar la esponja con el paso de los a\u00f1os y favorecer la aparici\u00f3n de moho.<\/p>\n<p><i><u>Uso de propilenglicol:<\/u><\/i><\/p>\n<p>Es habitual utilizar una mezcla al 50% de propilenglicol y agua destilada para saturar la esponja del humidificador. Esto tiene dos finalidades: equilibrar la humedad en el humidor e impedir la aparici\u00f3n de moho el la esponja.<\/p>\n<p>En nuestros humidores no es necesaria la utilizaci\u00f3n de propilenglicol, ya que gracias al interior de cedro macizo y a nuestro sistema de humidificaci\u00f3n, el humidor es capaz de regular la humedad por si solo. No obstante, si decide utilizar propilenglicol para asegurarse de que no aparecer\u00e1 moho en la esponja, le recomendamos que lo haga en una proporci\u00f3n de un 10% (mezclado con agua destilada) como m\u00e1ximo, ya que, un porcentaje mayor podr\u00eda colapsar la esponja, mermando as\u00ed sus cualidades. Esta cantidad de propilenglicol, es suficiente para tal fin.<\/p>\n<p><i><u>C\u00f3mo saturar la esponja:<\/u><\/i><\/p>\n<p>Para saturar la esponja saque \u00e9sta del humidificador separando a la vez que gira con fuerza las dos partes y sum\u00e9rjala en un recipiente limpio con agua destilada durante 10 minutos aproximadamente. La primera vez que haga esto, podr\u00e1 observar que la esponja est\u00e1 r\u00edgida. Esto es normal. A medida que vaya absorbiendo agua, se ir\u00e1 ablandando y su tama\u00f1o aumentar\u00e1 en un 20% aproximadamente.<\/p>\n<p>De ahora en adelante, cuando vaya a saturar la esponja, \u00e9sta estar\u00e1 m\u00e1s blanda y tardar\u00e1 s\u00f3lo uno o dos minutos en saturarse de agua, salvo que la haya dejado secar completamente.<\/p>\n<p><i><u>Cu\u00e1ndo saturar la esponja:<\/u><\/i><\/p>\n<p>Normalmente, el humidor permanecer\u00e1 durante un mes o mes y medio aproximadamente con un nivel de humedad estable desde que satur\u00f3 la esponja por \u00faltima vez. Esto depender\u00e1, claro, de las veces que lo abra y de las condiciones de humedad y temperatura del entorno donde est\u00e9 alojado. (Nuestros humidores est\u00e1n testados en un ambiente con una humedad de entre el 35-40% a una temperatura de entre 21-24\u00b0C aproximadamente).<\/p>\n<p>Gracias a la cantidad de humedad que puede retener e ir liberando paulatinamente el cedro macizo del interior de nuestros humidores, esta puede permanecer estable durante un largo periodo de tiempo, aunque el agua de la esponja se haya agotado. No obstante, le aconsejamos, que en cuanto usted observe que la humedad en el interior ha bajado entre 2-3%, sature la esponja como le hemos indicado.<\/p>\n<p><i><u>Rotar los cigarros:<\/u><\/i><\/p>\n<p>Le recomendamos que rote sus cigarros una vez cada dos o tres semanas, sobre todo los que est\u00e9n apilados, ya que esto facilita una mejor distribuci\u00f3n de la humedad, a la vez que introduce aire limpio en su humidor.<\/p>\n<p>Al hacer esto la humedad en en interior bajar\u00e1. No se preocupe, el humidor alcanzar\u00e1 su nivel \u00f3ptimo en poco tiempo.<\/p>\n<h3>Nivel de humedad en el humidor<\/h3>\n<p><img decoding=\"async\" loading=\"lazy\" class=\" size-medium wp-image-2248 alignright\" src=\"http:\/\/kolumbuscigars.com\/wp-content\/uploads\/2015\/07\/caja_higrometro-300x190.jpg\" alt=\"caja_higrometro\" width=\"300\" height=\"190\" srcset=\"https:\/\/www.kolumbuscigars.com\/wp-content\/uploads\/2015\/07\/caja_higrometro-300x190.jpg 300w, https:\/\/www.kolumbuscigars.com\/wp-content\/uploads\/2015\/07\/caja_higrometro.jpg 516w\" sizes=\"(max-width: 300px) 100vw, 300px\" \/>La humedad \u201cideal\u201d en el interior de un humidor es del 70%. Contrariamente a lo que mucha gente cree, una variaci\u00f3n de un \u00b1 3 \u00f3 4% en la humedad, no afecta en absoluto a sus cigarros.<\/p>\n<p>Aunque los higr\u00f3metros de hoy en d\u00eda, sobre todo los digitales, son bastante precisos, siempre tienen un margen de error de un \u00b1 2% en el mejor de los casos. Esto significa que si usted obtiene una lectura en su humidor del 70%, debido a este peque\u00f1o margen de error, tendr\u00eda realmente una humedad del 68 o el 72%, sin tan siquiera darse cuenta.<\/p>\n<h3>Qu\u00e9 no hacer<\/h3>\n<p>Existe la creencia de que cuando usted recibe su nuevo humidor, con objeto de limpiarlo y acondicionarlo, hay que pasar un pa\u00f1o humedecido con agua destilada por las paredes de \u00e9ste. Por favor, \u00a1NO HAGA ESTO NUNCA!.<\/p>\n<p>La madera de cedro, al igual que la mayor\u00eda de las maderas, puede deformarse al absorber cierta cantidad de agua. Al pasar un pa\u00f1o h\u00famedo, usted no controlar\u00e1 la cantidad de agua que va a absorber el cedro, pudiendo arruinar as\u00ed el interior.<\/p>\n<p>Aunque nuestros humidores est\u00e1n preparados para aguantar una deformaci\u00f3n considerable de la capa de cedro, no aconsejamos nunca esta pr\u00e1ctica, ya que a la hora de acondicionar su humidor, si el interior ha absorbido mucha agua, \u00e9ste tendr\u00eda una humedad demasiado alta, teniendo pues que dejarlo secar y volver a comenzar de nuevo el proceso de acondicionado.<\/p>\n<p>El interior de nuestros humidores sale limpio del taller con aire a alta presi\u00f3n. No obstante, si usted quiere volver a limpiarlo, le aconsejamos que lo haga con un pa\u00f1o limpio, mojado en alcohol, y <strong>perfectamente escurrido<\/strong>. Pase el pa\u00f1o suavemente por el interior de cedro, y deje secar durante unos minutos el alcohol que pueda haber absorbido.<\/p>\n<p>Por favor, <strong>no deje nunca su humidor expuesto directamente a los rayos del sol<\/strong>, ya que esto har\u00eda aumentar la temperatura en el interior del humidor alterando el microclima, arruinando de este modo sus cigarros.<\/p>\n<p>Adem\u00e1s, cada madera se comporta de forma diferente ante el calor, y aunque nuestros humidores tienen una construcci\u00f3n extremadamente robusta, un aumento extremo de la temperatura en la madera exterior podr\u00eda ocasionar grietas o deformaciones que, aunque no afectar\u00edan a su funcionamiento, degradar\u00edan el perfecto acabado exterior de su humidor.<\/p>\n<p>Evite introducir cigarros que tengan o hayan tenido moho en su nuevo humidor, ya que de hacerlo \u00e9ste se propagar\u00e1 inevitablemente a los cigarros sanos. Si son muchos los cigarros afectados y no puede consumirlos de inmediato, l\u00edmpielos a conciencia con un cepillo o pa\u00f1o suave hasta eliminar todas las manchas que pudiese tener antes de guardarlos en su nuevo humidor. A\u00fan as\u00ed, no le garantizamos que no vuelva a salir el moho. Vigile sus cigarros muy a menudo, y air\u00e9elos con frecuencia. Esto evitar\u00e1, o al menos retrasar\u00e1 la reaparici\u00f3n del moho.<\/p>\n<h3>Garant\u00eda<\/h3>\n<p>Todos los humidores han sido elaborados escrupulosamente, con los mejores materiales, por eso garantizamos su calidad y perfecto funcionamiento.<\/p>\n<p>No obstante, si su humidor\u00a0tuviese alg\u00fan defecto de fabricaci\u00f3n, le ofrecemos una <strong>Garant\u00eda Internacional de 10 a\u00f1os<\/strong> a partir de la fecha de compra del producto, durante la cual se reparar\u00e1 gratuitamente cualquier defecto en materiales o fabricaci\u00f3n. Si su producto no pudiese ser reparado, \u00e9ste ser\u00eda sustituido por otro igual o de similares caracter\u00edsticas.<\/p>\n<p>Quedan excluidos de esta garant\u00eda los da\u00f1os ocasionados por accidente, uso indebido o desgaste por uso del producto, adem\u00e1s de por alteraci\u00f3n, desmontaje o reparaci\u00f3n por una persona no autorizada.<\/p>\n<p>Si su producto tuviese que ser reparado o sustituido, por favor, p\u00f3ngase en contacto con nosotros, indic\u00e1ndonos el N\u00famero de Serie de su producto y el defecto, y le comunicaremos la forma de proceder.<\/p>\n","protected":false},"excerpt":{"rendered":"<p>Dise\u00f1o y construcci\u00f3n El dise\u00f1o y construcci\u00f3n por capas de nuestros humidores garantiza la m\u00e1xima robustez, a la vez que un perfecto aislamiento del interior. Aunque el exterior sufra cualquier rotura o deterioro grave, el humidor seguir\u00e1 haciendo el trabajo para el que fue concebido: conservar sus cigarros en perfecto estado. Cinco capas forman las [&hellip;]<\/p>\n","protected":false},"author":1,"featured_media":0,"parent":0,"menu_order":0,"comment_status":"closed","ping_status":"closed","template":"","meta":[],"yoast_head":"<!-- This site is optimized with the Yoast SEO plugin v20.5 - https:\/\/yoast.com\/wordpress\/plugins\/seo\/ -->\n<title>SOBRE NUESTROS HUMIDORES - KOLUMBUS Cigars<\/title>\n<meta name=\"robots\" content=\"index, follow, max-snippet:-1, max-image-preview:large, max-video-preview:-1\" \/>\n<link rel=\"canonical\" href=\"https:\/\/www.kolumbuscigars.com\/es\/nuestros-humidores\/\" \/>\n<meta property=\"og:locale\" content=\"es_ES\" \/>\n<meta property=\"og:type\" content=\"article\" \/>\n<meta property=\"og:title\" content=\"SOBRE NUESTROS HUMIDORES - KOLUMBUS Cigars\" \/>\n<meta property=\"og:description\" content=\"Dise\u00f1o y construcci\u00f3n El dise\u00f1o y construcci\u00f3n por capas de nuestros humidores garantiza la m\u00e1xima robustez, a la vez que un perfecto aislamiento del interior. Aunque el exterior sufra cualquier rotura o deterioro grave, el humidor seguir\u00e1 haciendo el trabajo para el que fue concebido: conservar sus cigarros en perfecto estado. Cinco capas forman las [&hellip;]\" \/>\n<meta property=\"og:url\" content=\"https:\/\/www.kolumbuscigars.com\/es\/nuestros-humidores\/\" \/>\n<meta property=\"og:site_name\" content=\"KOLUMBUS Cigars\" \/>\n<meta property=\"article:modified_time\" content=\"2015-07-29T08:09:34+00:00\" \/>\n<meta property=\"og:image\" content=\"http:\/\/kolumbuscigars.com\/wp-content\/uploads\/2015\/07\/corte_construccion.jpg\" \/>\n<meta name=\"twitter:card\" content=\"summary_large_image\" \/>\n<meta name=\"twitter:label1\" content=\"Tiempo de lectura\" \/>\n\t<meta name=\"twitter:data1\" content=\"10 minutos\" \/>\n<script type=\"application\/ld+json\" class=\"yoast-schema-graph\">{\"@context\":\"https:\/\/schema.org\",\"@graph\":[{\"@type\":\"WebPage\",\"@id\":\"https:\/\/www.kolumbuscigars.com\/es\/nuestros-humidores\/\",\"url\":\"https:\/\/www.kolumbuscigars.com\/es\/nuestros-humidores\/\",\"name\":\"SOBRE NUESTROS HUMIDORES - KOLUMBUS Cigars\",\"isPartOf\":{\"@id\":\"https:\/\/www.kolumbuscigars.com\/#website\"},\"datePublished\":\"2015-07-03T16:35:00+00:00\",\"dateModified\":\"2015-07-29T08:09:34+00:00\",\"breadcrumb\":{\"@id\":\"https:\/\/www.kolumbuscigars.com\/es\/nuestros-humidores\/#breadcrumb\"},\"inLanguage\":\"es\",\"potentialAction\":[{\"@type\":\"ReadAction\",\"target\":[\"https:\/\/www.kolumbuscigars.com\/es\/nuestros-humidores\/\"]}]},{\"@type\":\"BreadcrumbList\",\"@id\":\"https:\/\/www.kolumbuscigars.com\/es\/nuestros-humidores\/#breadcrumb\",\"itemListElement\":[{\"@type\":\"ListItem\",\"position\":1,\"name\":\"Home\",\"item\":\"https:\/\/www.kolumbuscigars.com\/es\/\"},{\"@type\":\"ListItem\",\"position\":2,\"name\":\"SOBRE NUESTROS HUMIDORES\"}]},{\"@type\":\"WebSite\",\"@id\":\"https:\/\/www.kolumbuscigars.com\/#website\",\"url\":\"https:\/\/www.kolumbuscigars.com\/\",\"name\":\"KOLUMBUS Cigars\",\"description\":\"Premium Cigars From La Palma\",\"potentialAction\":[{\"@type\":\"SearchAction\",\"target\":{\"@type\":\"EntryPoint\",\"urlTemplate\":\"https:\/\/www.kolumbuscigars.com\/?s={search_term_string}\"},\"query-input\":\"required name=search_term_string\"}],\"inLanguage\":\"es\"}]}<\/script>\n<!-- \/ Yoast SEO plugin. -->","yoast_head_json":{"title":"SOBRE NUESTROS HUMIDORES - KOLUMBUS Cigars","robots":{"index":"index","follow":"follow","max-snippet":"max-snippet:-1","max-image-preview":"max-image-preview:large","max-video-preview":"max-video-preview:-1"},"canonical":"https:\/\/www.kolumbuscigars.com\/es\/nuestros-humidores\/","og_locale":"es_ES","og_type":"article","og_title":"SOBRE NUESTROS HUMIDORES - KOLUMBUS Cigars","og_description":"Dise\u00f1o y construcci\u00f3n El dise\u00f1o y construcci\u00f3n por capas de nuestros humidores garantiza la m\u00e1xima robustez, a la vez que un perfecto aislamiento del interior. Aunque el exterior sufra cualquier rotura o deterioro grave, el humidor seguir\u00e1 haciendo el trabajo para el que fue concebido: conservar sus cigarros en perfecto estado. Cinco capas forman las [&hellip;]","og_url":"https:\/\/www.kolumbuscigars.com\/es\/nuestros-humidores\/","og_site_name":"KOLUMBUS Cigars","article_modified_time":"2015-07-29T08:09:34+00:00","og_image":[{"url":"http:\/\/kolumbuscigars.com\/wp-content\/uploads\/2015\/07\/corte_construccion.jpg"}],"twitter_card":"summary_large_image","twitter_misc":{"Tiempo de lectura":"10 minutos"},"schema":{"@context":"https:\/\/schema.org","@graph":[{"@type":"WebPage","@id":"https:\/\/www.kolumbuscigars.com\/es\/nuestros-humidores\/","url":"https:\/\/www.kolumbuscigars.com\/es\/nuestros-humidores\/","name":"SOBRE NUESTROS HUMIDORES - KOLUMBUS Cigars","isPartOf":{"@id":"https:\/\/www.kolumbuscigars.com\/#website"},"datePublished":"2015-07-03T16:35:00+00:00","dateModified":"2015-07-29T08:09:34+00:00","breadcrumb":{"@id":"https:\/\/www.kolumbuscigars.com\/es\/nuestros-humidores\/#breadcrumb"},"inLanguage":"es","potentialAction":[{"@type":"ReadAction","target":["https:\/\/www.kolumbuscigars.com\/es\/nuestros-humidores\/"]}]},{"@type":"BreadcrumbList","@id":"https:\/\/www.kolumbuscigars.com\/es\/nuestros-humidores\/#breadcrumb","itemListElement":[{"@type":"ListItem","position":1,"name":"Home","item":"https:\/\/www.kolumbuscigars.com\/es\/"},{"@type":"ListItem","position":2,"name":"SOBRE NUESTROS HUMIDORES"}]},{"@type":"WebSite","@id":"https:\/\/www.kolumbuscigars.com\/#website","url":"https:\/\/www.kolumbuscigars.com\/","name":"KOLUMBUS Cigars","description":"Premium Cigars From La Palma","potentialAction":[{"@type":"SearchAction","target":{"@type":"EntryPoint","urlTemplate":"https:\/\/www.kolumbuscigars.com\/?s={search_term_string}"},"query-input":"required name=search_term_string"}],"inLanguage":"es"}]}},"_links":{"self":[{"href":"https:\/\/www.kolumbuscigars.com\/es\/wp-json\/wp\/v2\/pages\/2092"}],"collection":[{"href":"https:\/\/www.kolumbuscigars.com\/es\/wp-json\/wp\/v2\/pages"}],"about":[{"href":"https:\/\/www.kolumbuscigars.com\/es\/wp-json\/wp\/v2\/types\/page"}],"author":[{"embeddable":true,"href":"https:\/\/www.kolumbuscigars.com\/es\/wp-json\/wp\/v2\/users\/1"}],"replies":[{"embeddable":true,"href":"https:\/\/www.kolumbuscigars.com\/es\/wp-json\/wp\/v2\/comments?post=2092"}],"version-history":[{"count":36,"href":"https:\/\/www.kolumbuscigars.com\/es\/wp-json\/wp\/v2\/pages\/2092\/revisions"}],"predecessor-version":[{"id":2263,"href":"https:\/\/www.kolumbuscigars.com\/es\/wp-json\/wp\/v2\/pages\/2092\/revisions\/2263"}],"wp:attachment":[{"href":"https:\/\/www.kolumbuscigars.com\/es\/wp-json\/wp\/v2\/media?parent=2092"}],"curies":[{"name":"wp","href":"https:\/\/api.w.org\/{rel}","templated":true}]}}