{"id":3281,"date":"2016-03-13T19:56:42","date_gmt":"2016-03-13T19:56:42","guid":{"rendered":"http:\/\/kolumbuscigars.com\/?page_id=3281"},"modified":"2016-10-04T12:39:22","modified_gmt":"2016-10-04T12:39:22","slug":"prensa-2","status":"publish","type":"page","link":"https:\/\/www.kolumbuscigars.com\/es\/prensa-2\/","title":{"rendered":"PRENSA 2"},"content":{"rendered":"<div class=\"well   \"><\/p>\n<p><ul class=\"list-group \"><li class=\"list-group-item\"><span class=\"glyphicon glyphicon-plus\"><\/span> \u00a0<a href=\"http:\/\/kolumbuscigars.com\/wp-content\/uploads\/2016\/09\/K-LGE.pdf\" target=\"_blank\">AMISTAD Y PUROS<span style=\"color: #000000;\">\u00a0 \u2022 \u00a0La Gaveta Econ\u00f3mica<\/span><span style=\"color: #000000;\">\u00a0 \u2022 \u00a025 de septiembre\u00a0de 2016<\/span><\/a><\/li><\/p>\n<p><li class=\"list-group-item\"><span class=\"glyphicon glyphicon-plus\"><\/span> \u00a0<a href=\"http:\/\/kolumbuscigars.com\/wp-content\/uploads\/2016\/09\/K-DdA.pdf\" target=\"_blank\">AM\u00c9RICA DESCUBRE KOLUMBUS<span style=\"color: #000000;\">\u00a0 \u2022 \u00a0Diario de Avisos<\/span><span style=\"color: #000000;\">\u00a0 \u2022 \u00a018 de septiembre\u00a0de 2016<\/span><\/a><\/li><\/p>\n<p><li class=\"list-group-item\"><span class=\"glyphicon glyphicon-plus\"><\/span> \u00a0<a href=\"http:\/\/www.loquehemosfumado.com\/tabaqueria-metropolis-en-las-palmas-de-gran-canaria\/\" target=\"_blank\">TABAQUER\u00cdA METR\u00d3POLIS, EN GRAN CANARIA<span style=\"color: #000000;\">\u00a0 \u2022 \u00a0Lo Que Hemos Fumado<\/span><span style=\"color: #000000;\">\u00a0 \u2022 \u00a09 de agosto de 2016<\/span><\/a><\/li><\/p>\n<p><li class=\"list-group-item\"><span class=\"glyphicon glyphicon-plus\"><\/span> \u00a0<a href=\"http:\/\/www.theluxonomist.es\/2016\/07\/28\/cada-habano-con-su-combinado\/bernardo-y-peyro\" target=\"_blank\">CADA HABANO, CON SU COMBINADO<span style=\"color: #000000;\">\u00a0 \u2022 \u00a0The Luxonomist<\/span><span style=\"color: #000000;\">\u00a0 \u2022 \u00a028 de julio de 2016<\/span><\/a><\/li><\/p>\n<p><li class=\"list-group-item\"><span class=\"glyphicon glyphicon-plus\"><\/span> \u00a0<a href=\"https:\/\/youtu.be\/NRDa74qhZLQ\" target=\"_blank\">K-ROJO ROBUSTITO CIGAR VIDEO REVIEW<span style=\"color: #000000;\">\u00a0 \u2022 \u00a0JJ<\/span><span style=\"color: #000000;\">\u00a0Cigar Review \u00a0\u2022 \u00a024 de junio, 2016<\/span><\/a><\/li><\/p>\n<p><li class=\"list-group-item\"><span class=\"glyphicon glyphicon-plus\"><\/span> \u00a0<a href=\"http:\/\/www.expansion.com\/fueradeserie\/personajes\/2016\/06\/22\/576a538346163f05488b457e.html\" target=\"_blank\">MIGUEL \u00c1NGEL JIM\u00c9NEZ, EL GOLFISTA MALAGUE\u00d1O<span style=\"color: #000000;\">\u00a0 \u2022 \u00a0Fuera de Serie\/Expansi\u00f3n<\/span><span style=\"color: #000000;\">\u00a0 \u2022 \u00a023 de junio, 2016<\/span><\/a><\/li><\/p>\n<p><li class=\"list-group-item\"><span class=\"glyphicon glyphicon-plus\"><\/span> \u00a0<a href=\"https:\/\/garrettdjohnson.wordpress.com\/2016\/06\/20\/kolumbus-cigars-k-rojo-robustito\/\" target=\"_blank\">KOLUMBUS CIGARS K-ROJO ROBUSTITO<span style=\"color: #000000;\">\u00a0 \u2022 \u00a0<\/span><span style=\"color: #000000;\">The Smooth Draw Cigar Review \u00a0\u2022 \u00a020 de junio, 2016<\/span><\/a><\/li><\/p>\n<p><li class=\"list-group-item\"><span class=\"glyphicon glyphicon-plus\"><\/span> \u00a0<a href=\"http:\/\/www.gentlemensavenue.com\/kolumbus\/\" target=\"_blank\">A CIGAR FIT FOR AN ADMIRAL<span style=\"color: #000000;\">\u00a0 \u2022 \u00a0Gentlemen&#8217;s Avenue \u00a0\u2022 \u00a018 de junio, 2016<\/span><\/a><\/li><\/p>\n<p><li class=\"list-group-item\"><span class=\"glyphicon glyphicon-plus\"><\/span> \u00a0<a href=\"https:\/\/garrettdjohnson.wordpress.com\/2016\/05\/29\/kolumbus-k-negro-robusto\/\" target=\"_blank\">KOLUMBUS\u00a0K-NEGRO ROBUSTO<span style=\"color: #000000;\">\u00a0 \u2022 \u00a0The Smooth Draw Cigar Review\u00a0 \u2022 \u00a029 de mayo, 2016<\/span><\/a><\/li><\/p>\n<p><li class=\"list-group-item\"><span class=\"glyphicon glyphicon-plus\"><\/span> \u00a0<a href=\"https:\/\/garrettdjohnson.wordpress.com\/2016\/05\/09\/kolumbus-cigars\/\" target=\"_blank\">THE CIGAR: K-AZUL PIRAMIDE<span style=\"color: #000000;\">\u00a0 \u2022 \u00a0The Smooth Draw Cigar Review\u00a0 \u2022 \u00a09 de mayo, 2016<\/span><\/a><\/li><\/p>\n<p><li class=\"list-group-item\"><span class=\"glyphicon glyphicon-plus\"><\/span> \u00a0<a href=\"http:\/\/www.theluxonomist.es\/2016\/04\/28\/los-puros-espanoles-que-no-conocias\/bernardo-y-peyro\" target=\"_blank\">LOS PUROS ESPA\u00d1OLES QUE NO CONOC\u00cdAS<span style=\"color: #000000;\">\u00a0 \u2022 \u00a0The Luxonomist \u00a0\u2022 \u00a028 de abril, 2016<\/span><\/a><\/li><\/p>\n<p><li class=\"list-group-item\"><span class=\"glyphicon glyphicon-plus\"><\/span> \u00a0<a href=\"https:\/\/irvcigarbroker.wordpress.com\/2016\/04\/18\/kolumbus-cigar-amy\/\" target=\"_blank\">KOLUMBUS CIGAR &amp; AMY<span style=\"color: #000000;\">\u00a0 \u2022\u00a0\u00a0IrvCigarBroker \u00a0\u2022 \u00a018 de abril, 2016<\/span><\/a><\/li><\/p>\n<p><li class=\"list-group-item\"><span class=\"glyphicon glyphicon-plus\"><\/span> \u00a0<a href=\"http:\/\/cigarsages.com\/kolumbus-cigars-k-negro-robusto-review\/\" target=\"_blank\">KOLUMBUS CIGARS K-NEGRO ROBUSTO REVIEW<span style=\"color: #000000;\">\u00a0 \u2022 \u00a0Cigar Sages\u00a0 \u2022 \u00a012 de abril, 2016<\/span><\/a><\/li><\/p>\n<p><li class=\"list-group-item\"><span class=\"glyphicon glyphicon-plus\"><\/span> \u00a0<a href=\"http:\/\/kolumbuscigars.com\/wp-content\/uploads\/2016\/04\/LQHF_4.pdf\" target=\"_blank\">OPORTOS Y HABANOS<span style=\"color: #000000;\"> \u00a0\u2022 \u00a0Lo Que Hemos Fumado \u00a0\u2022 \u00a01 de febrero, 2016<\/span><\/a><\/li><\/p>\n<p><li class=\"list-group-item\"><span class=\"glyphicon glyphicon-plus\"><\/span> \u00a0<a href=\"http:\/\/kolumbuscigars.com\/wp-content\/uploads\/2016\/04\/ICB_3.pdf\" target=\"_blank\">A\u00a0CAULDRON OF CIGARS<span style=\"color: #000000;\">\u00a0 \u2022 \u00a0IrvCigarBroker\u00a0 \u2022 \u00a04 de enero, 2016<\/span><\/a><\/li><\/p>\n<p><li class=\"list-group-item\"><span class=\"glyphicon glyphicon-plus\"><\/span> \u00a0<a href=\"http:\/\/kolumbuscigars.com\/wp-content\/uploads\/2016\/04\/ICB_1.pdf\" target=\"_blank\">AN EXCHANGE<span style=\"color: #000000;\">\u00a0 \u2022 \u00a0IrvCigarBroker\u00a0 \u2022 \u00a013 de noviembre, 2015<\/span><\/a><\/li><\/p>\n<p><li class=\"list-group-item\"><span class=\"glyphicon glyphicon-plus\"><\/span> \u00a0<a href=\"http:\/\/kolumbuscigars.com\/wp-content\/uploads\/2016\/04\/LQHF_3.pdf\" target=\"_blank\">REGALAR CIGARROS<span style=\"color: #000000;\"> \u00a0\u2022 \u00a0Lo Que Hemos Fumado \u00a0\u2022 \u00a02 de noviembre, 2015<\/span><\/a><\/li><\/p>\n<p><li class=\"list-group-item\"><span class=\"glyphicon glyphicon-plus\"><\/span> \u00a0<a href=\"http:\/\/kolumbuscigars.com\/wp-content\/uploads\/2016\/04\/LQHF_2.pdf\" target=\"_blank\">KOLUMBUS, PIR\u00c1MIDE K-AZUL<span style=\"color: #000000;\"> \u00a0\u2022 \u00a0Lo Que Hemos Fumado \u00a0\u2022 \u00a023 de septiembre, 2015<\/span><\/a><\/li><\/p>\n<p><li class=\"list-group-item\"><span class=\"glyphicon glyphicon-plus\"><\/span> \u00a0<a href=\"http:\/\/kolumbuscigars.com\/wp-content\/uploads\/2016\/04\/ICB_2.pdf\" target=\"_blank\">AMERICA DISCOVERS KOLUMBUS<span style=\"color: #000000;\">\u00a0 \u2022 \u00a0IrvCigarBroker\u00a0 \u2022 \u00a017 de septiembre, 2015<\/span><\/a><\/li><\/p>\n<p><li class=\"list-group-item\"><span class=\"glyphicon glyphicon-plus\"><\/span> \u00a0<a href=\"http:\/\/kolumbuscigars.com\/wp-content\/uploads\/2016\/04\/LQHF_1.pdf\" target=\"_blank\">LOS TABACOS DE CANARIAS<span style=\"color: #000000;\"> \u00a0\u2022 \u00a0Lo Que Hemos Fumado \u00a0\u2022 \u00a08 de junio, 2015<\/span><\/a><\/li><\/p>\n<p><\/ul><\/p>\n<p><\/div>\n","protected":false},"excerpt":{"rendered":"\u00a0AMISTAD Y PUROS\u00a0 \u2022 \u00a0La Gaveta Econ\u00f3mica\u00a0 \u2022 \u00a025 de septiembre\u00a0de 2016 \u00a0AM\u00c9RICA DESCUBRE KOLUMBUS\u00a0 \u2022 \u00a0Diario de Avisos\u00a0 \u2022 \u00a018 de septiembre\u00a0de 2016 \u00a0TABAQUER\u00cdA METR\u00d3POLIS, EN GRAN CANARIA\u00a0 \u2022 \u00a0Lo Que Hemos Fumado\u00a0 \u2022 \u00a09 de agosto de 2016 \u00a0CADA HABANO, CON SU COMBINADO\u00a0 \u2022 \u00a0The Luxonomist\u00a0 \u2022 \u00a028 de julio de 2016 \u00a0K-ROJO [...]","protected":false},"author":1,"featured_media":0,"parent":0,"menu_order":0,"comment_status":"closed","ping_status":"closed","template":"","meta":[],"yoast_head":"<!-- This site is optimized with the Yoast SEO plugin v20.5 - https:\/\/yoast.com\/wordpress\/plugins\/seo\/ -->\n<title>PRENSA 2 - KOLUMBUS Cigars<\/title>\n<meta name=\"robots\" content=\"index, follow, max-snippet:-1, max-image-preview:large, max-video-preview:-1\" \/>\n<link rel=\"canonical\" href=\"https:\/\/www.kolumbuscigars.com\/es\/prensa-2\/\" \/>\n<meta property=\"og:locale\" content=\"es_ES\" \/>\n<meta property=\"og:type\" content=\"article\" \/>\n<meta property=\"og:title\" content=\"PRENSA 2 - KOLUMBUS Cigars\" \/>\n<meta property=\"og:url\" content=\"https:\/\/www.kolumbuscigars.com\/es\/prensa-2\/\" \/>\n<meta property=\"og:site_name\" content=\"KOLUMBUS Cigars\" \/>\n<meta property=\"article:modified_time\" content=\"2016-10-04T12:39:22+00:00\" \/>\n<meta name=\"twitter:card\" content=\"summary_large_image\" \/>\n<meta name=\"twitter:label1\" content=\"Tiempo de lectura\" \/>\n\t<meta name=\"twitter:data1\" content=\"1 minuto\" \/>\n<script type=\"application\/ld+json\" class=\"yoast-schema-graph\">{\"@context\":\"https:\/\/schema.org\",\"@graph\":[{\"@type\":\"WebPage\",\"@id\":\"https:\/\/www.kolumbuscigars.com\/es\/prensa-2\/\",\"url\":\"https:\/\/www.kolumbuscigars.com\/es\/prensa-2\/\",\"name\":\"PRENSA 2 - KOLUMBUS Cigars\",\"isPartOf\":{\"@id\":\"https:\/\/www.kolumbuscigars.com\/#website\"},\"datePublished\":\"2016-03-13T19:56:42+00:00\",\"dateModified\":\"2016-10-04T12:39:22+00:00\",\"breadcrumb\":{\"@id\":\"https:\/\/www.kolumbuscigars.com\/es\/prensa-2\/#breadcrumb\"},\"inLanguage\":\"es\",\"potentialAction\":[{\"@type\":\"ReadAction\",\"target\":[\"https:\/\/www.kolumbuscigars.com\/es\/prensa-2\/\"]}]},{\"@type\":\"BreadcrumbList\",\"@id\":\"https:\/\/www.kolumbuscigars.com\/es\/prensa-2\/#breadcrumb\",\"itemListElement\":[{\"@type\":\"ListItem\",\"position\":1,\"name\":\"Home\",\"item\":\"https:\/\/www.kolumbuscigars.com\/es\/\"},{\"@type\":\"ListItem\",\"position\":2,\"name\":\"PRENSA 2\"}]},{\"@type\":\"WebSite\",\"@id\":\"https:\/\/www.kolumbuscigars.com\/#website\",\"url\":\"https:\/\/www.kolumbuscigars.com\/\",\"name\":\"KOLUMBUS Cigars\",\"description\":\"Premium Cigars From La Palma\",\"potentialAction\":[{\"@type\":\"SearchAction\",\"target\":{\"@type\":\"EntryPoint\",\"urlTemplate\":\"https:\/\/www.kolumbuscigars.com\/?s={search_term_string}\"},\"query-input\":\"required name=search_term_string\"}],\"inLanguage\":\"es\"}]}<\/script>\n<!-- \/ Yoast SEO plugin. -->","yoast_head_json":{"title":"PRENSA 2 - KOLUMBUS Cigars","robots":{"index":"index","follow":"follow","max-snippet":"max-snippet:-1","max-image-preview":"max-image-preview:large","max-video-preview":"max-video-preview:-1"},"canonical":"https:\/\/www.kolumbuscigars.com\/es\/prensa-2\/","og_locale":"es_ES","og_type":"article","og_title":"PRENSA 2 - KOLUMBUS Cigars","og_url":"https:\/\/www.kolumbuscigars.com\/es\/prensa-2\/","og_site_name":"KOLUMBUS Cigars","article_modified_time":"2016-10-04T12:39:22+00:00","twitter_card":"summary_large_image","twitter_misc":{"Tiempo de lectura":"1 minuto"},"schema":{"@context":"https:\/\/schema.org","@graph":[{"@type":"WebPage","@id":"https:\/\/www.kolumbuscigars.com\/es\/prensa-2\/","url":"https:\/\/www.kolumbuscigars.com\/es\/prensa-2\/","name":"PRENSA 2 - KOLUMBUS Cigars","isPartOf":{"@id":"https:\/\/www.kolumbuscigars.com\/#website"},"datePublished":"2016-03-13T19:56:42+00:00","dateModified":"2016-10-04T12:39:22+00:00","breadcrumb":{"@id":"https:\/\/www.kolumbuscigars.com\/es\/prensa-2\/#breadcrumb"},"inLanguage":"es","potentialAction":[{"@type":"ReadAction","target":["https:\/\/www.kolumbuscigars.com\/es\/prensa-2\/"]}]},{"@type":"BreadcrumbList","@id":"https:\/\/www.kolumbuscigars.com\/es\/prensa-2\/#breadcrumb","itemListElement":[{"@type":"ListItem","position":1,"name":"Home","item":"https:\/\/www.kolumbuscigars.com\/es\/"},{"@type":"ListItem","position":2,"name":"PRENSA 2"}]},{"@type":"WebSite","@id":"https:\/\/www.kolumbuscigars.com\/#website","url":"https:\/\/www.kolumbuscigars.com\/","name":"KOLUMBUS Cigars","description":"Premium Cigars From La Palma","potentialAction":[{"@type":"SearchAction","target":{"@type":"EntryPoint","urlTemplate":"https:\/\/www.kolumbuscigars.com\/?s={search_term_string}"},"query-input":"required name=search_term_string"}],"inLanguage":"es"}]}},"_links":{"self":[{"href":"https:\/\/www.kolumbuscigars.com\/es\/wp-json\/wp\/v2\/pages\/3281"}],"collection":[{"href":"https:\/\/www.kolumbuscigars.com\/es\/wp-json\/wp\/v2\/pages"}],"about":[{"href":"https:\/\/www.kolumbuscigars.com\/es\/wp-json\/wp\/v2\/types\/page"}],"author":[{"embeddable":true,"href":"https:\/\/www.kolumbuscigars.com\/es\/wp-json\/wp\/v2\/users\/1"}],"replies":[{"embeddable":true,"href":"https:\/\/www.kolumbuscigars.com\/es\/wp-json\/wp\/v2\/comments?post=3281"}],"version-history":[{"count":32,"href":"https:\/\/www.kolumbuscigars.com\/es\/wp-json\/wp\/v2\/pages\/3281\/revisions"}],"predecessor-version":[{"id":3751,"href":"https:\/\/www.kolumbuscigars.com\/es\/wp-json\/wp\/v2\/pages\/3281\/revisions\/3751"}],"wp:attachment":[{"href":"https:\/\/www.kolumbuscigars.com\/es\/wp-json\/wp\/v2\/media?parent=3281"}],"curies":[{"name":"wp","href":"https:\/\/api.w.org\/{rel}","templated":true}]}}