{"id":1032,"date":"2014-12-04T14:08:21","date_gmt":"2014-12-04T14:08:21","guid":{"rendered":"http:\/\/kolumbuscigars.com\/product\/k-rojo-2\/"},"modified":"2015-07-20T15:37:26","modified_gmt":"2015-07-20T15:37:26","slug":"k-rojo","status":"publish","type":"product","link":"https:\/\/www.kolumbuscigars.com\/es\/product\/k-rojo\/","title":{"rendered":"K-Rojo"},"content":{"rendered":"<p><span style=\"color: #917b4c;\"><strong><strong>\u2022 <\/strong><\/strong><\/span><strong><strong>Presenta<\/strong><\/strong><strong>ci\u00f3n:\u00a0<\/strong>cajas de madera de cedro de 8 cigarros Premium, totalmente hechos a mano.<br \/><span style=\"color: #917b4c;\"><strong><strong>\u2022 <\/strong><\/strong><\/span><strong>Composici\u00f3n:<\/strong> tripas largas de tabaco 100% natural, a\u00f1ejado en c\u00e1maras de cedro espa\u00f1ol.<br \/><span style=\"color: #917b4c;\"><strong><strong>\u2022 <\/strong><\/strong><\/span><strong>Tabaco:<\/strong> tripa de bre\u00f1a, capote cubano y capa clara connecticut.<br \/><span style=\"color: #917b4c;\"><strong><strong>\u2022 <\/strong><\/strong><\/span><strong>Sabor:<\/strong> muy equilibrado, con sabores frescos a especias, inicios dulzones y delicadamente picantes. Recuerdos a frutos rojos, nuez moscada y cedro.<br \/><span style=\"color: #917b4c;\"><strong><strong>\u2022 <\/strong><\/strong><\/span><strong>Aroma:<\/strong> intenso, a tabaco bien a\u00f1ejado, maderas nobles, con notas a vainilla y romero.<br \/><span style=\"color: #917b4c;\"><strong><strong>\u2022 <\/strong><\/strong><\/span><strong>Fortaleza:<\/strong> suave\/media.<br \/><span style=\"color: #917b4c;\"><strong><strong>\u2022 <\/strong><\/strong><\/span><strong>Tiro:<\/strong> excelente.<br \/><span style=\"color: #917b4c;\"><strong><strong>\u2022 <\/strong><\/strong><\/span><strong>Combusti\u00f3n:<\/strong>\u00a0magn\u00edfica, muy pareja y homog\u00e9nea durante toda la fumada.<br \/><span style=\"color: #917b4c;\"><strong><strong>\u2022 <\/strong><\/strong><\/span><strong>Ceniza:<\/strong> gris clara densa.<br \/><span style=\"color: #917b4c;\"><strong><strong>\u2022 <\/strong><\/strong><\/span><strong>Tiempo de fumada:<\/strong> aproximadamente 45\u00a0minutos.<\/p>\n","protected":false},"excerpt":{"rendered":"<h4>Caja de 8 puros Robusto Premium<\/h4>\n<p><strong><span style=\"color: #917b4c;\">\u2022 <\/span>Longitud:<\/strong> 124 mm<br \/><span style=\"line-height: 1.5;\"><strong><span style=\"color: #917b4c;\">\u2022 <\/span>Di\u00e1metro:<\/strong> 9,84 mm<br \/><\/span><span style=\"line-height: 1.5;\"><strong><span style=\"color: #917b4c;\">\u2022 <\/span>Cepo:<\/strong> 50<\/span><\/p>\n<p>\u00a0<\/p>\n","protected":false},"featured_media":1132,"comment_status":"open","ping_status":"closed","template":"","meta":[],"product_cat":[100,101],"product_tag":[],"yoast_head":"<!-- This site is optimized with the Yoast SEO plugin v20.5 - https:\/\/yoast.com\/wordpress\/plugins\/seo\/ -->\n<title>K-Rojo - KOLUMBUS Cigars<\/title>\n<meta name=\"robots\" content=\"index, follow, max-snippet:-1, max-image-preview:large, max-video-preview:-1\" \/>\n<link rel=\"canonical\" href=\"https:\/\/www.kolumbuscigars.com\/es\/product\/k-rojo\/\" \/>\n<meta property=\"og:locale\" content=\"es_ES\" \/>\n<meta property=\"og:type\" content=\"article\" \/>\n<meta property=\"og:title\" content=\"K-Rojo - KOLUMBUS Cigars\" \/>\n<meta property=\"og:description\" content=\"Caja de 8 puros Robusto Premium\u2022 Longitud: 124 mm\u2022 Di\u00e1metro: 9,84 mm\u2022 Cepo: 50\u00a0\" \/>\n<meta property=\"og:url\" content=\"https:\/\/www.kolumbuscigars.com\/es\/product\/k-rojo\/\" \/>\n<meta property=\"og:site_name\" content=\"KOLUMBUS Cigars\" \/>\n<meta property=\"article:modified_time\" content=\"2015-07-20T15:37:26+00:00\" \/>\n<meta property=\"og:image\" content=\"https:\/\/www.kolumbuscigars.com\/wp-content\/uploads\/2014\/12\/kolumbusred-foto1.jpg\" \/>\n\t<meta property=\"og:image:width\" content=\"707\" \/>\n\t<meta property=\"og:image:height\" content=\"707\" \/>\n\t<meta property=\"og:image:type\" content=\"image\/jpeg\" \/>\n<meta name=\"twitter:card\" content=\"summary_large_image\" \/>\n<meta name=\"twitter:label1\" content=\"Tiempo de lectura\" \/>\n\t<meta name=\"twitter:data1\" content=\"1 minuto\" \/>\n<script type=\"application\/ld+json\" class=\"yoast-schema-graph\">{\"@context\":\"https:\/\/schema.org\",\"@graph\":[{\"@type\":\"WebPage\",\"@id\":\"https:\/\/www.kolumbuscigars.com\/es\/product\/k-rojo\/\",\"url\":\"https:\/\/www.kolumbuscigars.com\/es\/product\/k-rojo\/\",\"name\":\"K-Rojo - KOLUMBUS Cigars\",\"isPartOf\":{\"@id\":\"https:\/\/www.kolumbuscigars.com\/#website\"},\"datePublished\":\"2014-12-04T14:08:21+00:00\",\"dateModified\":\"2015-07-20T15:37:26+00:00\",\"breadcrumb\":{\"@id\":\"https:\/\/www.kolumbuscigars.com\/es\/product\/k-rojo\/#breadcrumb\"},\"inLanguage\":\"es\",\"potentialAction\":[{\"@type\":\"ReadAction\",\"target\":[\"https:\/\/www.kolumbuscigars.com\/es\/product\/k-rojo\/\"]}]},{\"@type\":\"BreadcrumbList\",\"@id\":\"https:\/\/www.kolumbuscigars.com\/es\/product\/k-rojo\/#breadcrumb\",\"itemListElement\":[{\"@type\":\"ListItem\",\"position\":1,\"name\":\"Home\",\"item\":\"https:\/\/www.kolumbuscigars.com\/es\/\"},{\"@type\":\"ListItem\",\"position\":2,\"name\":\"Products\",\"item\":\"https:\/\/www.kolumbuscigars.com\/shop\/\"},{\"@type\":\"ListItem\",\"position\":3,\"name\":\"K-Rojo\"}]},{\"@type\":\"WebSite\",\"@id\":\"https:\/\/www.kolumbuscigars.com\/#website\",\"url\":\"https:\/\/www.kolumbuscigars.com\/\",\"name\":\"KOLUMBUS Cigars\",\"description\":\"Premium Cigars From La Palma\",\"potentialAction\":[{\"@type\":\"SearchAction\",\"target\":{\"@type\":\"EntryPoint\",\"urlTemplate\":\"https:\/\/www.kolumbuscigars.com\/?s={search_term_string}\"},\"query-input\":\"required name=search_term_string\"}],\"inLanguage\":\"es\"}]}<\/script>\n<!-- \/ Yoast SEO plugin. -->","yoast_head_json":{"title":"K-Rojo - KOLUMBUS Cigars","robots":{"index":"index","follow":"follow","max-snippet":"max-snippet:-1","max-image-preview":"max-image-preview:large","max-video-preview":"max-video-preview:-1"},"canonical":"https:\/\/www.kolumbuscigars.com\/es\/product\/k-rojo\/","og_locale":"es_ES","og_type":"article","og_title":"K-Rojo - KOLUMBUS Cigars","og_description":"Caja de 8 puros Robusto Premium\u2022 Longitud: 124 mm\u2022 Di\u00e1metro: 9,84 mm\u2022 Cepo: 50\u00a0","og_url":"https:\/\/www.kolumbuscigars.com\/es\/product\/k-rojo\/","og_site_name":"KOLUMBUS Cigars","article_modified_time":"2015-07-20T15:37:26+00:00","og_image":[{"width":707,"height":707,"url":"https:\/\/www.kolumbuscigars.com\/wp-content\/uploads\/2014\/12\/kolumbusred-foto1.jpg","type":"image\/jpeg"}],"twitter_card":"summary_large_image","twitter_misc":{"Tiempo de lectura":"1 minuto"},"schema":{"@context":"https:\/\/schema.org","@graph":[{"@type":"WebPage","@id":"https:\/\/www.kolumbuscigars.com\/es\/product\/k-rojo\/","url":"https:\/\/www.kolumbuscigars.com\/es\/product\/k-rojo\/","name":"K-Rojo - KOLUMBUS Cigars","isPartOf":{"@id":"https:\/\/www.kolumbuscigars.com\/#website"},"datePublished":"2014-12-04T14:08:21+00:00","dateModified":"2015-07-20T15:37:26+00:00","breadcrumb":{"@id":"https:\/\/www.kolumbuscigars.com\/es\/product\/k-rojo\/#breadcrumb"},"inLanguage":"es","potentialAction":[{"@type":"ReadAction","target":["https:\/\/www.kolumbuscigars.com\/es\/product\/k-rojo\/"]}]},{"@type":"BreadcrumbList","@id":"https:\/\/www.kolumbuscigars.com\/es\/product\/k-rojo\/#breadcrumb","itemListElement":[{"@type":"ListItem","position":1,"name":"Home","item":"https:\/\/www.kolumbuscigars.com\/es\/"},{"@type":"ListItem","position":2,"name":"Products","item":"https:\/\/www.kolumbuscigars.com\/shop\/"},{"@type":"ListItem","position":3,"name":"K-Rojo"}]},{"@type":"WebSite","@id":"https:\/\/www.kolumbuscigars.com\/#website","url":"https:\/\/www.kolumbuscigars.com\/","name":"KOLUMBUS Cigars","description":"Premium Cigars From La Palma","potentialAction":[{"@type":"SearchAction","target":{"@type":"EntryPoint","urlTemplate":"https:\/\/www.kolumbuscigars.com\/?s={search_term_string}"},"query-input":"required name=search_term_string"}],"inLanguage":"es"}]}},"_links":{"self":[{"href":"https:\/\/www.kolumbuscigars.com\/es\/wp-json\/wp\/v3\/product\/1032"}],"collection":[{"href":"https:\/\/www.kolumbuscigars.com\/es\/wp-json\/wp\/v3\/product"}],"about":[{"href":"https:\/\/www.kolumbuscigars.com\/es\/wp-json\/wp\/v2\/types\/product"}],"replies":[{"embeddable":true,"href":"https:\/\/www.kolumbuscigars.com\/es\/wp-json\/wp\/v2\/comments?post=1032"}],"wp:featuredmedia":[{"embeddable":true,"href":"https:\/\/www.kolumbuscigars.com\/es\/wp-json\/wp\/v2\/media\/1132"}],"wp:attachment":[{"href":"https:\/\/www.kolumbuscigars.com\/es\/wp-json\/wp\/v2\/media?parent=1032"}],"wp:term":[{"taxonomy":"product_cat","embeddable":true,"href":"https:\/\/www.kolumbuscigars.com\/es\/wp-json\/wp\/v2\/product_cat?post=1032"},{"taxonomy":"product_tag","embeddable":true,"href":"https:\/\/www.kolumbuscigars.com\/es\/wp-json\/wp\/v2\/product_tag?post=1032"}],"curies":[{"name":"wp","href":"https:\/\/api.w.org\/{rel}","templated":true}]}}