{"id":1034,"date":"2014-12-04T11:53:39","date_gmt":"2014-12-04T11:53:39","guid":{"rendered":"http:\/\/kolumbuscigars.com\/product\/k-negro-2\/"},"modified":"2024-03-18T03:59:31","modified_gmt":"2024-03-18T03:59:31","slug":"k-negro","status":"publish","type":"product","link":"https:\/\/www.kolumbuscigars.com\/es\/product\/k-negro\/","title":{"rendered":"K-Negro"},"content":{"rendered":"<p><strong><strong><span style=\"color: #917b4c;\">\u2022<\/span> Presenta<\/strong><\/strong><strong>ci\u00f3n:\u00a0<\/strong>cajas de madera de cedro de 8 cigarros Premium, totalmente hechos a mano..<br \/><strong><strong><span style=\"color: #917b4c;\">\u2022<\/span> <\/strong><\/strong><strong>Composici\u00f3n:<\/strong> tripas largas de tabaco 100% natural, a\u00f1ejado en c\u00e1maras de cedro espa\u00f1ol.<br \/> <strong><strong><span style=\"color: #917b4c;\">\u2022<\/span> <\/strong><\/strong><strong>Tabaco:<\/strong> tripa de bre\u00f1a, capote cubano y capa clara connecticut.<br \/> <strong><strong><span style=\"color: #917b4c;\">\u2022<\/span> <\/strong><\/strong><strong>Sabor:<\/strong> muy equilibrado, con sabores frescos a especias, inicios dulzones y delicadamente picantes. Recuerdos a frutos rojos, nuez moscada y cedro.<br \/> <strong><strong><span style=\"color: #917b4c;\">\u2022<\/span> <\/strong><\/strong><strong>Aroma:<\/strong> intenso, a tabaco bien a\u00f1ejado, maderas nobles, con notas a vainilla y romero.<br \/> <strong><strong><span style=\"color: #917b4c;\">\u2022<\/span> <\/strong><\/strong><strong>Fortaleza:<\/strong> suave\/media.<br \/> <strong><strong><span style=\"color: #917b4c;\">\u2022<\/span> <\/strong><\/strong><strong>Tiro:<\/strong> excelente.<br \/> <strong><strong><span style=\"color: #917b4c;\">\u2022<\/span> <\/strong><\/strong><strong>Combusti\u00f3n:<\/strong>\u00a0magn\u00edfica, muy pareja y homog\u00e9nea durante toda la fumada.<br \/> <strong><strong><span style=\"color: #917b4c;\">\u2022<\/span> <\/strong><\/strong><strong>Ceniza:<\/strong> gris clara densa.<br \/> <strong><strong><span style=\"color: #917b4c;\">\u2022<\/span> <\/strong><\/strong><strong>Tiempo de fumada:<\/strong> aproximadamente\u00a060 minutos.<\/p>\n","protected":false},"excerpt":{"rendered":"<h4>Caja de 8 puros Piramide Premium<\/h4>\n<p><strong><span style=\"color: #917b4c;\">\u2022 <\/span>Longitud:<\/strong> 156 mm<br \/><strong style=\"line-height: 1.5;\"><strong><span style=\"color: #917b4c;\">\u2022 <\/span><\/strong>Di\u00e1metro:<\/strong><span style=\"line-height: 1.5;\"> 20,64 mm<br \/><\/span><strong style=\"line-height: 1.5;\"><strong><span style=\"color: #917b4c;\">\u2022 <\/span><\/strong>Cepo:<\/strong><span style=\"line-height: 1.5;\"> 52<\/span><\/p>\n<p>\u00a0<\/p>\n","protected":false},"featured_media":1126,"comment_status":"open","ping_status":"closed","template":"","meta":[],"product_cat":[100,101],"product_tag":[],"yoast_head":"<!-- This site is optimized with the Yoast SEO plugin v20.5 - https:\/\/yoast.com\/wordpress\/plugins\/seo\/ -->\n<title>K-Negro - KOLUMBUS Cigars<\/title>\n<meta name=\"robots\" content=\"index, follow, max-snippet:-1, max-image-preview:large, max-video-preview:-1\" \/>\n<link rel=\"canonical\" href=\"https:\/\/www.kolumbuscigars.com\/product\/k-negro\/\" \/>\n<meta property=\"og:locale\" content=\"es_ES\" \/>\n<meta property=\"og:type\" content=\"article\" \/>\n<meta property=\"og:title\" content=\"K-Negro - KOLUMBUS Cigars\" \/>\n<meta property=\"og:description\" content=\"Caja de 8 puros Piramide Premium \u2022 Longitud: 156 mm\u2022 Di\u00e1metro: 20,64 mm\u2022 Cepo: 52 \u00a0\" \/>\n<meta property=\"og:url\" content=\"https:\/\/www.kolumbuscigars.com\/product\/k-negro\/\" \/>\n<meta property=\"og:site_name\" content=\"KOLUMBUS Cigars\" \/>\n<meta property=\"article:modified_time\" content=\"2024-03-18T03:59:31+00:00\" \/>\n<meta property=\"og:image\" content=\"https:\/\/www.kolumbuscigars.com\/wp-content\/uploads\/2014\/12\/kolumbusblack-foto1.jpg\" \/>\n\t<meta property=\"og:image:width\" content=\"707\" \/>\n\t<meta property=\"og:image:height\" content=\"707\" \/>\n\t<meta property=\"og:image:type\" content=\"image\/jpeg\" \/>\n<meta name=\"twitter:card\" content=\"summary_large_image\" \/>\n<meta name=\"twitter:label1\" content=\"Tiempo de lectura\" \/>\n\t<meta name=\"twitter:data1\" content=\"1 minuto\" \/>\n<script type=\"application\/ld+json\" class=\"yoast-schema-graph\">{\"@context\":\"https:\/\/schema.org\",\"@graph\":[{\"@type\":\"WebPage\",\"@id\":\"https:\/\/www.kolumbuscigars.com\/product\/k-negro\/\",\"url\":\"https:\/\/www.kolumbuscigars.com\/product\/k-negro\/\",\"name\":\"K-Negro - KOLUMBUS Cigars\",\"isPartOf\":{\"@id\":\"https:\/\/www.kolumbuscigars.com\/#website\"},\"datePublished\":\"2014-12-04T11:53:39+00:00\",\"dateModified\":\"2024-03-18T03:59:31+00:00\",\"breadcrumb\":{\"@id\":\"https:\/\/www.kolumbuscigars.com\/product\/k-negro\/#breadcrumb\"},\"inLanguage\":\"es\",\"potentialAction\":[{\"@type\":\"ReadAction\",\"target\":[\"https:\/\/www.kolumbuscigars.com\/product\/k-negro\/\"]}]},{\"@type\":\"BreadcrumbList\",\"@id\":\"https:\/\/www.kolumbuscigars.com\/product\/k-negro\/#breadcrumb\",\"itemListElement\":[{\"@type\":\"ListItem\",\"position\":1,\"name\":\"Home\",\"item\":\"https:\/\/www.kolumbuscigars.com\/es\/\"},{\"@type\":\"ListItem\",\"position\":2,\"name\":\"Products\",\"item\":\"https:\/\/www.kolumbuscigars.com\/shop\/\"},{\"@type\":\"ListItem\",\"position\":3,\"name\":\"K-Negro\"}]},{\"@type\":\"WebSite\",\"@id\":\"https:\/\/www.kolumbuscigars.com\/#website\",\"url\":\"https:\/\/www.kolumbuscigars.com\/\",\"name\":\"KOLUMBUS Cigars\",\"description\":\"Premium Cigars From La Palma\",\"potentialAction\":[{\"@type\":\"SearchAction\",\"target\":{\"@type\":\"EntryPoint\",\"urlTemplate\":\"https:\/\/www.kolumbuscigars.com\/?s={search_term_string}\"},\"query-input\":\"required name=search_term_string\"}],\"inLanguage\":\"es\"}]}<\/script>\n<!-- \/ Yoast SEO plugin. -->","yoast_head_json":{"title":"K-Negro - KOLUMBUS Cigars","robots":{"index":"index","follow":"follow","max-snippet":"max-snippet:-1","max-image-preview":"max-image-preview:large","max-video-preview":"max-video-preview:-1"},"canonical":"https:\/\/www.kolumbuscigars.com\/product\/k-negro\/","og_locale":"es_ES","og_type":"article","og_title":"K-Negro - KOLUMBUS Cigars","og_description":"Caja de 8 puros Piramide Premium \u2022 Longitud: 156 mm\u2022 Di\u00e1metro: 20,64 mm\u2022 Cepo: 52 \u00a0","og_url":"https:\/\/www.kolumbuscigars.com\/product\/k-negro\/","og_site_name":"KOLUMBUS Cigars","article_modified_time":"2024-03-18T03:59:31+00:00","og_image":[{"width":707,"height":707,"url":"https:\/\/www.kolumbuscigars.com\/wp-content\/uploads\/2014\/12\/kolumbusblack-foto1.jpg","type":"image\/jpeg"}],"twitter_card":"summary_large_image","twitter_misc":{"Tiempo de lectura":"1 minuto"},"schema":{"@context":"https:\/\/schema.org","@graph":[{"@type":"WebPage","@id":"https:\/\/www.kolumbuscigars.com\/product\/k-negro\/","url":"https:\/\/www.kolumbuscigars.com\/product\/k-negro\/","name":"K-Negro - KOLUMBUS Cigars","isPartOf":{"@id":"https:\/\/www.kolumbuscigars.com\/#website"},"datePublished":"2014-12-04T11:53:39+00:00","dateModified":"2024-03-18T03:59:31+00:00","breadcrumb":{"@id":"https:\/\/www.kolumbuscigars.com\/product\/k-negro\/#breadcrumb"},"inLanguage":"es","potentialAction":[{"@type":"ReadAction","target":["https:\/\/www.kolumbuscigars.com\/product\/k-negro\/"]}]},{"@type":"BreadcrumbList","@id":"https:\/\/www.kolumbuscigars.com\/product\/k-negro\/#breadcrumb","itemListElement":[{"@type":"ListItem","position":1,"name":"Home","item":"https:\/\/www.kolumbuscigars.com\/es\/"},{"@type":"ListItem","position":2,"name":"Products","item":"https:\/\/www.kolumbuscigars.com\/shop\/"},{"@type":"ListItem","position":3,"name":"K-Negro"}]},{"@type":"WebSite","@id":"https:\/\/www.kolumbuscigars.com\/#website","url":"https:\/\/www.kolumbuscigars.com\/","name":"KOLUMBUS Cigars","description":"Premium Cigars From La Palma","potentialAction":[{"@type":"SearchAction","target":{"@type":"EntryPoint","urlTemplate":"https:\/\/www.kolumbuscigars.com\/?s={search_term_string}"},"query-input":"required name=search_term_string"}],"inLanguage":"es"}]}},"_links":{"self":[{"href":"https:\/\/www.kolumbuscigars.com\/es\/wp-json\/wp\/v3\/product\/1034"}],"collection":[{"href":"https:\/\/www.kolumbuscigars.com\/es\/wp-json\/wp\/v3\/product"}],"about":[{"href":"https:\/\/www.kolumbuscigars.com\/es\/wp-json\/wp\/v2\/types\/product"}],"replies":[{"embeddable":true,"href":"https:\/\/www.kolumbuscigars.com\/es\/wp-json\/wp\/v2\/comments?post=1034"}],"wp:featuredmedia":[{"embeddable":true,"href":"https:\/\/www.kolumbuscigars.com\/es\/wp-json\/wp\/v2\/media\/1126"}],"wp:attachment":[{"href":"https:\/\/www.kolumbuscigars.com\/es\/wp-json\/wp\/v2\/media?parent=1034"}],"wp:term":[{"taxonomy":"product_cat","embeddable":true,"href":"https:\/\/www.kolumbuscigars.com\/es\/wp-json\/wp\/v2\/product_cat?post=1034"},{"taxonomy":"product_tag","embeddable":true,"href":"https:\/\/www.kolumbuscigars.com\/es\/wp-json\/wp\/v2\/product_tag?post=1034"}],"curies":[{"name":"wp","href":"https:\/\/api.w.org\/{rel}","templated":true}]}}