{"id":2154,"date":"2015-07-03T17:02:13","date_gmt":"2015-07-03T17:02:13","guid":{"rendered":"http:\/\/kolumbuscigars.com\/product\/red-2\/"},"modified":"2015-12-16T17:41:11","modified_gmt":"2015-12-16T17:41:11","slug":"red-2","status":"publish","type":"product","link":"https:\/\/www.kolumbuscigars.com\/es\/product\/red-2\/","title":{"rendered":"Red"},"content":{"rendered":"<div class=\"separador_circulo_titulo\">\n<div class=\"separador_circulo_titulo\"><strong>Tipos de madera<\/strong><\/div>\n<div class=\"descripcion_maderas_resumen\">Este humidor ha sido fabricado con los siguientes tipos de madera:<strong><br \/><\/strong><strong><br \/><\/strong><\/div>\n<div class=\"row \">\n<div class=\"col-lg-4 col-md-12 col-xs-12 col-sm-12\">\n<p><img decoding=\"async\" loading=\"lazy\" src=\"http:\/\/www.lacamerahumidors.com\/img\/maderas\/PADOUK.jpg\" alt=\"PADOUK\" width=\"233\" height=\"37\" \/><\/p>\n<p><strong>PADOUK<br \/><\/strong><em>Pterocarpus xoyauxii<\/em><\/p>\n<p>De intenso color rojo con vetas m\u00e1s oscuras, que cambia con los a\u00f1os hacia un marr\u00f3n p\u00farpura, es una madera de gran dureza, pesada y de textura y grano gruesos.<\/p>\n<p><strong>Origen<br \/><\/strong>\u00c1frica Central y Occidental.<\/p>\n<p><strong>Nombres<br \/><\/strong>Padouk, Palo rojo, Madera de coral, ba, corail, epion, mohingu\u00e9, mueng\u00e9, ndimbo, boisulu, kis\u00e9s\u00e9, mukala, ngula, wele, arapka, osun, African coralwood, African padouk, Barwood, Gabon padouk, Large fruited camwood, Redwood.<\/p>\n<\/div>\n<div class=\"col-lg-4 col-md-12 col-xs-12 col-sm-12\">\n<p><img decoding=\"async\" loading=\"lazy\" src=\"http:\/\/www.lacamerahumidors.com\/img\/maderas\/EBANO.jpg\" alt=\"EBANO\" width=\"233\" height=\"37\" \/><\/p>\n<p><strong>\u00c9BANO DE \u00c1FRICA<br \/><\/strong><em>Diospyros crassiflora<\/em><\/p>\n<p>De un exquisito color negro con alguna mancha gris claro o beis, es una madera muy dura y muy pesada (se hunde en el agua) de textura muy fina y uniforme.<\/p>\n<p><strong>Origen<\/strong><br \/>\u00c1frica Central y Occidental.<\/p>\n<p><strong>Nombres<\/strong><br \/>\u00c9bano, Mgiriti, Msindi (Tanzania), Omenowa, Kanran, Nyareti, Kukuo, African Ebony.<\/p>\n<\/div>\n<div class=\"col-lg-4 col-md-12 col-xs-12 col-sm-12\">\n<p><img decoding=\"async\" loading=\"lazy\" src=\"http:\/\/www.lacamerahumidors.com\/img\/maderas\/SICOMORO.jpg\" alt=\"SICOMORO\" width=\"233\" height=\"37\" \/><\/p>\n<p><strong>SICOMORO<br \/><\/strong><em>Acer pseudoplatanus<\/em><\/p>\n<p>De color p\u00e1lido, casi blanco, posee una textura muy fina, en ocasiones de ondulada, siendo \u00e9sta muy apreciada.<\/p>\n<p><strong>Origen<\/strong><br \/>Centro y Sur de Europa.<\/p>\n<p><strong>Nombres<br \/><\/strong>Sicomoro, Arce Europeo, Arce Blanco, Falso Pl\u00e1tano, Blada, Sycamore Maple.<\/p>\n<\/div>\n<\/div>\n<div class=\"row \">\n<div class=\"col-lg-4 col-md-12 col-xs-12 col-sm-12\">\n<p><img decoding=\"async\" loading=\"lazy\" src=\"http:\/\/www.lacamerahumidors.com\/img\/maderas\/CEDRO.jpg\" alt=\"CEDRO AMERICANO\" width=\"233\" height=\"37\" \/><\/p>\n<p><strong>CEDRO ESPA\u00d1OL<br \/><\/strong><em>Cedrela odorata<\/em><\/p>\n<p>Madera de color rosa a marr\u00f3n, con tonos rojizos. Blanda con textura uniforme y peso medio.<\/p>\n<p>Su agradable aroma es un repelente natural de insectos, gracias a esta caracter\u00edstica, y de su higroscopia, ha sido utilizada durante siglos para la fabricaci\u00f3n de humidores.<\/p>\n<p><strong>Origen<\/strong><br \/>Am\u00e9rica Central y del Sur.<\/p>\n<p><strong>Nombres<\/strong><br \/>Cedro Americano, Cedro del Brasil, Cedro espa\u00f1ol, Cedro sudamericano, Cedro cigarrera, Cedro Amargo, Cedro Real, Cedro Colorado, Cedro oloroso, Acajou, Cigar box Cedar, Spanish Cedar, American Cedar, Brazilian Mahogany.<\/p>\n<\/div>\n<\/div>\n<\/div>\n","protected":false},"excerpt":{"rendered":"<h4>Padouk, sicomoro\u00a0y \u00e9bano.<\/h4>\n<h4>105 puros<\/h4>\n<p>\u00a0<\/p>\n<p><strong>\u2022 <\/strong>Completo con higr\u00f3metro digital calibrable Xikar, sistema de humidificaci\u00f3n y dos separadores.<br \/><strong>\u2022 <\/strong>Interior de cedro espa\u00f1ol macizo.<br \/><strong>\u2022 <\/strong>Int: 25,5\u00a0x 25,5\u00a0x 8\u00a0cm \/ Ext: 31,5\u00a0x 31,5\u00a0x 14,5\u00a0cm<\/p>\n<p>\u00a0<\/p>\n<p><em><em><a href=\"http:\/\/kolumbuscigars.com\/es\/nuestros-humidores\/\"><em>[icon type=\"glyphicon glyphicon-info-sign\" color=\"#917b4c\" fontsize=\"16\"]\u00a0 <\/em>M\u00e1s informaci\u00f3n acerca de nuestros\u00a0humidores<\/a><\/em><\/em><\/p>\n<p>\u00a0<\/p>\n","protected":false},"featured_media":2166,"comment_status":"closed","ping_status":"closed","template":"","meta":[],"product_cat":[100],"product_tag":[],"yoast_head":"<!-- This site is optimized with the Yoast SEO plugin v20.5 - https:\/\/yoast.com\/wordpress\/plugins\/seo\/ -->\n<title>Red - KOLUMBUS Cigars<\/title>\n<meta name=\"robots\" content=\"index, follow, max-snippet:-1, max-image-preview:large, max-video-preview:-1\" \/>\n<link rel=\"canonical\" href=\"https:\/\/www.kolumbuscigars.com\/es\/product\/red-2\/\" \/>\n<meta property=\"og:locale\" content=\"es_ES\" \/>\n<meta property=\"og:type\" content=\"article\" \/>\n<meta property=\"og:title\" content=\"Red - KOLUMBUS Cigars\" \/>\n<meta property=\"og:description\" content=\"Padouk, sicomoro\u00a0y \u00e9bano.105 puros\u00a0\u2022 Completo con higr\u00f3metro digital calibrable Xikar, sistema de humidificaci\u00f3n y dos separadores.\u2022 Interior de cedro espa\u00f1ol macizo.\u2022 Int: 25,5\u00a0x 25,5\u00a0x 8\u00a0cm \/ Ext: 31,5\u00a0x 31,5\u00a0x 14,5\u00a0cm\u00a0\u00a0 M\u00e1s informaci\u00f3n acerca de nuestros\u00a0humidores\u00a0\" \/>\n<meta property=\"og:url\" content=\"https:\/\/www.kolumbuscigars.com\/es\/product\/red-2\/\" \/>\n<meta property=\"og:site_name\" content=\"KOLUMBUS Cigars\" \/>\n<meta property=\"article:modified_time\" content=\"2015-12-16T17:41:11+00:00\" \/>\n<meta property=\"og:image\" content=\"https:\/\/www.kolumbuscigars.com\/wp-content\/uploads\/2015\/07\/Red_1.jpg\" \/>\n\t<meta property=\"og:image:width\" content=\"667\" \/>\n\t<meta property=\"og:image:height\" content=\"440\" \/>\n\t<meta property=\"og:image:type\" content=\"image\/jpeg\" \/>\n<meta name=\"twitter:card\" content=\"summary_large_image\" \/>\n<meta name=\"twitter:label1\" content=\"Tiempo de lectura\" \/>\n\t<meta name=\"twitter:data1\" content=\"1 minuto\" \/>\n<script type=\"application\/ld+json\" class=\"yoast-schema-graph\">{\"@context\":\"https:\/\/schema.org\",\"@graph\":[{\"@type\":\"WebPage\",\"@id\":\"https:\/\/www.kolumbuscigars.com\/es\/product\/red-2\/\",\"url\":\"https:\/\/www.kolumbuscigars.com\/es\/product\/red-2\/\",\"name\":\"Red - KOLUMBUS Cigars\",\"isPartOf\":{\"@id\":\"https:\/\/www.kolumbuscigars.com\/#website\"},\"datePublished\":\"2015-07-03T17:02:13+00:00\",\"dateModified\":\"2015-12-16T17:41:11+00:00\",\"breadcrumb\":{\"@id\":\"https:\/\/www.kolumbuscigars.com\/es\/product\/red-2\/#breadcrumb\"},\"inLanguage\":\"es\",\"potentialAction\":[{\"@type\":\"ReadAction\",\"target\":[\"https:\/\/www.kolumbuscigars.com\/es\/product\/red-2\/\"]}]},{\"@type\":\"BreadcrumbList\",\"@id\":\"https:\/\/www.kolumbuscigars.com\/es\/product\/red-2\/#breadcrumb\",\"itemListElement\":[{\"@type\":\"ListItem\",\"position\":1,\"name\":\"Home\",\"item\":\"https:\/\/www.kolumbuscigars.com\/es\/\"},{\"@type\":\"ListItem\",\"position\":2,\"name\":\"Products\",\"item\":\"https:\/\/www.kolumbuscigars.com\/shop\/\"},{\"@type\":\"ListItem\",\"position\":3,\"name\":\"Red\"}]},{\"@type\":\"WebSite\",\"@id\":\"https:\/\/www.kolumbuscigars.com\/#website\",\"url\":\"https:\/\/www.kolumbuscigars.com\/\",\"name\":\"KOLUMBUS Cigars\",\"description\":\"Premium Cigars From La Palma\",\"potentialAction\":[{\"@type\":\"SearchAction\",\"target\":{\"@type\":\"EntryPoint\",\"urlTemplate\":\"https:\/\/www.kolumbuscigars.com\/?s={search_term_string}\"},\"query-input\":\"required name=search_term_string\"}],\"inLanguage\":\"es\"}]}<\/script>\n<!-- \/ Yoast SEO plugin. -->","yoast_head_json":{"title":"Red - KOLUMBUS Cigars","robots":{"index":"index","follow":"follow","max-snippet":"max-snippet:-1","max-image-preview":"max-image-preview:large","max-video-preview":"max-video-preview:-1"},"canonical":"https:\/\/www.kolumbuscigars.com\/es\/product\/red-2\/","og_locale":"es_ES","og_type":"article","og_title":"Red - KOLUMBUS Cigars","og_description":"Padouk, sicomoro\u00a0y \u00e9bano.105 puros\u00a0\u2022 Completo con higr\u00f3metro digital calibrable Xikar, sistema de humidificaci\u00f3n y dos separadores.\u2022 Interior de cedro espa\u00f1ol macizo.\u2022 Int: 25,5\u00a0x 25,5\u00a0x 8\u00a0cm \/ Ext: 31,5\u00a0x 31,5\u00a0x 14,5\u00a0cm\u00a0\u00a0 M\u00e1s informaci\u00f3n acerca de nuestros\u00a0humidores\u00a0","og_url":"https:\/\/www.kolumbuscigars.com\/es\/product\/red-2\/","og_site_name":"KOLUMBUS Cigars","article_modified_time":"2015-12-16T17:41:11+00:00","og_image":[{"width":667,"height":440,"url":"https:\/\/www.kolumbuscigars.com\/wp-content\/uploads\/2015\/07\/Red_1.jpg","type":"image\/jpeg"}],"twitter_card":"summary_large_image","twitter_misc":{"Tiempo de lectura":"1 minuto"},"schema":{"@context":"https:\/\/schema.org","@graph":[{"@type":"WebPage","@id":"https:\/\/www.kolumbuscigars.com\/es\/product\/red-2\/","url":"https:\/\/www.kolumbuscigars.com\/es\/product\/red-2\/","name":"Red - KOLUMBUS Cigars","isPartOf":{"@id":"https:\/\/www.kolumbuscigars.com\/#website"},"datePublished":"2015-07-03T17:02:13+00:00","dateModified":"2015-12-16T17:41:11+00:00","breadcrumb":{"@id":"https:\/\/www.kolumbuscigars.com\/es\/product\/red-2\/#breadcrumb"},"inLanguage":"es","potentialAction":[{"@type":"ReadAction","target":["https:\/\/www.kolumbuscigars.com\/es\/product\/red-2\/"]}]},{"@type":"BreadcrumbList","@id":"https:\/\/www.kolumbuscigars.com\/es\/product\/red-2\/#breadcrumb","itemListElement":[{"@type":"ListItem","position":1,"name":"Home","item":"https:\/\/www.kolumbuscigars.com\/es\/"},{"@type":"ListItem","position":2,"name":"Products","item":"https:\/\/www.kolumbuscigars.com\/shop\/"},{"@type":"ListItem","position":3,"name":"Red"}]},{"@type":"WebSite","@id":"https:\/\/www.kolumbuscigars.com\/#website","url":"https:\/\/www.kolumbuscigars.com\/","name":"KOLUMBUS Cigars","description":"Premium Cigars From La Palma","potentialAction":[{"@type":"SearchAction","target":{"@type":"EntryPoint","urlTemplate":"https:\/\/www.kolumbuscigars.com\/?s={search_term_string}"},"query-input":"required name=search_term_string"}],"inLanguage":"es"}]}},"_links":{"self":[{"href":"https:\/\/www.kolumbuscigars.com\/es\/wp-json\/wp\/v3\/product\/2154"}],"collection":[{"href":"https:\/\/www.kolumbuscigars.com\/es\/wp-json\/wp\/v3\/product"}],"about":[{"href":"https:\/\/www.kolumbuscigars.com\/es\/wp-json\/wp\/v2\/types\/product"}],"replies":[{"embeddable":true,"href":"https:\/\/www.kolumbuscigars.com\/es\/wp-json\/wp\/v2\/comments?post=2154"}],"wp:featuredmedia":[{"embeddable":true,"href":"https:\/\/www.kolumbuscigars.com\/es\/wp-json\/wp\/v2\/media\/2166"}],"wp:attachment":[{"href":"https:\/\/www.kolumbuscigars.com\/es\/wp-json\/wp\/v2\/media?parent=2154"}],"wp:term":[{"taxonomy":"product_cat","embeddable":true,"href":"https:\/\/www.kolumbuscigars.com\/es\/wp-json\/wp\/v2\/product_cat?post=2154"},{"taxonomy":"product_tag","embeddable":true,"href":"https:\/\/www.kolumbuscigars.com\/es\/wp-json\/wp\/v2\/product_tag?post=2154"}],"curies":[{"name":"wp","href":"https:\/\/api.w.org\/{rel}","templated":true}]}}