{"id":2615,"date":"2015-10-13T17:11:17","date_gmt":"2015-10-13T17:11:17","guid":{"rendered":"http:\/\/kolumbuscigars.com\/es\/producto\/k-azul-copy-copy\/"},"modified":"2021-03-31T13:55:13","modified_gmt":"2021-03-31T13:55:13","slug":"k-azul_robusto","status":"publish","type":"product","link":"https:\/\/www.kolumbuscigars.com\/es\/product\/k-azul_robusto\/","title":{"rendered":"K-Azul Robusto"},"content":{"rendered":"","protected":false},"excerpt":{"rendered":"<h4>Caja de 8 puros Robusto Premium<\/h4>\n<p><strong><span style=\"color: #917b4c;\">\u2022 <\/span>Longitud:<\/strong> 124 mm<br \/>\n<strong><span style=\"color: #917b4c;\">\u2022 <\/span><\/strong><span style=\"line-height: 1.5;\"><strong>Di\u00e1metro:<\/strong> 19,84 mm<br \/>\n<\/span><strong><span style=\"color: #917b4c;\">\u2022 <\/span><\/strong><span style=\"line-height: 1.5;\"><strong>Cepo:<\/strong> 50<\/span><\/p>\n<p><strong><strong><strong><span style=\"color: #917b4c;\">\u2022 <\/span><\/strong>Presenta<\/strong><\/strong><strong>ci\u00f3n:\u00a0<\/strong>cajas de madera de cedro de 8 cigarros Premium, totalmente hechos a mano.<br \/>\n<strong><strong><span style=\"color: #917b4c;\">\u2022 <\/span><\/strong>Composici\u00f3n:<\/strong> tripa larga de tabaco 100% natural, a\u00f1ejado en c\u00e1maras de cedro espa\u00f1ol.<br \/>\n<strong><strong><span style=\"color: #917b4c;\">\u2022 <\/span><\/strong>Tabaco:<\/strong> tripa de Bre\u00f1a y capa clara Connecticut.<br \/>\n<strong><strong><span style=\"color: #917b4c;\">\u2022 <\/span><\/strong>Sabor:<\/strong> muy equilibrado, floral, fresco y especiado. Inicios dulzones y delicadamente picantes. Recuerdos a frutos rojos y cedro.<br \/>\n<strong><strong><span style=\"color: #917b4c;\">\u2022 <\/span><\/strong>Aroma:<\/strong> intenso, a tabaco bien a\u00f1ejado, maderas nobles, con notas a vainilla y romero.<br \/>\n<strong><strong><span style=\"color: #917b4c;\">\u2022 <\/span><\/strong>Fortaleza:<\/strong> suave.<br \/>\n<strong><strong><span style=\"color: #917b4c;\">\u2022 <\/span><\/strong>Tiro:<\/strong> excelente.<br \/>\n<strong><strong><span style=\"color: #917b4c;\">\u2022 <\/span><\/strong>Combusti\u00f3n:<\/strong>\u00a0magn\u00edfica, muy pareja y homog\u00e9nea.<br \/>\n<strong><strong><span style=\"color: #917b4c;\">\u2022 <\/span><\/strong>Ceniza:<\/strong> gris clara densa.<br \/>\n<strong><strong><span style=\"color: #917b4c;\">\u2022 <\/span><\/strong>Tiempo de fumada:<\/strong> aprox. 45\u00a0min.<\/p>\n","protected":false},"featured_media":3025,"comment_status":"closed","ping_status":"closed","template":"","meta":[],"product_cat":[101],"product_tag":[],"yoast_head":"<!-- This site is optimized with the Yoast SEO plugin v20.5 - https:\/\/yoast.com\/wordpress\/plugins\/seo\/ -->\n<title>K-Azul Robusto - KOLUMBUS Cigars<\/title>\n<meta name=\"robots\" content=\"index, follow, max-snippet:-1, max-image-preview:large, max-video-preview:-1\" \/>\n<link rel=\"canonical\" href=\"https:\/\/www.kolumbuscigars.com\/es\/product\/k-azul_robusto\/\" \/>\n<meta property=\"og:locale\" content=\"es_ES\" \/>\n<meta property=\"og:type\" content=\"article\" \/>\n<meta property=\"og:title\" content=\"K-Azul Robusto - KOLUMBUS Cigars\" \/>\n<meta property=\"og:description\" content=\"Caja de 8 puros Robusto Premium \u2022 Longitud: 124 mm \u2022 Di\u00e1metro: 19,84 mm \u2022 Cepo: 50  \u2022 Presentaci\u00f3n:\u00a0cajas de madera de cedro de 8 cigarros Premium, totalmente hechos a mano. \u2022 Composici\u00f3n: tripa larga de tabaco 100% natural, a\u00f1ejado en c\u00e1maras de cedro espa\u00f1ol. \u2022 Tabaco: tripa de Bre\u00f1a y capa clara Connecticut. \u2022 Sabor: muy equilibrado, floral, fresco y especiado. Inicios dulzones y delicadamente picantes. Recuerdos a frutos rojos y cedro. \u2022 Aroma: intenso, a tabaco bien a\u00f1ejado, maderas nobles, con notas a vainilla y romero. \u2022 Fortaleza: suave. \u2022 Tiro: excelente. \u2022 Combusti\u00f3n:\u00a0magn\u00edfica, muy pareja y homog\u00e9nea. \u2022 Ceniza: gris clara densa. \u2022 Tiempo de fumada: aprox. 45\u00a0min.\" \/>\n<meta property=\"og:url\" content=\"https:\/\/www.kolumbuscigars.com\/es\/product\/k-azul_robusto\/\" \/>\n<meta property=\"og:site_name\" content=\"KOLUMBUS Cigars\" \/>\n<meta property=\"article:modified_time\" content=\"2021-03-31T13:55:13+00:00\" \/>\n<meta property=\"og:image\" content=\"https:\/\/www.kolumbuscigars.com\/wp-content\/uploads\/2015\/12\/K-Azul_r1.jpg\" \/>\n\t<meta property=\"og:image:width\" content=\"694\" \/>\n\t<meta property=\"og:image:height\" content=\"694\" \/>\n\t<meta property=\"og:image:type\" content=\"image\/jpeg\" \/>\n<meta name=\"twitter:card\" content=\"summary_large_image\" \/>\n<script type=\"application\/ld+json\" class=\"yoast-schema-graph\">{\"@context\":\"https:\/\/schema.org\",\"@graph\":[{\"@type\":\"WebPage\",\"@id\":\"https:\/\/www.kolumbuscigars.com\/es\/product\/k-azul_robusto\/\",\"url\":\"https:\/\/www.kolumbuscigars.com\/es\/product\/k-azul_robusto\/\",\"name\":\"K-Azul Robusto - KOLUMBUS Cigars\",\"isPartOf\":{\"@id\":\"https:\/\/www.kolumbuscigars.com\/#website\"},\"datePublished\":\"2015-10-13T17:11:17+00:00\",\"dateModified\":\"2021-03-31T13:55:13+00:00\",\"breadcrumb\":{\"@id\":\"https:\/\/www.kolumbuscigars.com\/es\/product\/k-azul_robusto\/#breadcrumb\"},\"inLanguage\":\"es\",\"potentialAction\":[{\"@type\":\"ReadAction\",\"target\":[\"https:\/\/www.kolumbuscigars.com\/es\/product\/k-azul_robusto\/\"]}]},{\"@type\":\"BreadcrumbList\",\"@id\":\"https:\/\/www.kolumbuscigars.com\/es\/product\/k-azul_robusto\/#breadcrumb\",\"itemListElement\":[{\"@type\":\"ListItem\",\"position\":1,\"name\":\"Home\",\"item\":\"https:\/\/www.kolumbuscigars.com\/es\/\"},{\"@type\":\"ListItem\",\"position\":2,\"name\":\"Products\",\"item\":\"https:\/\/www.kolumbuscigars.com\/shop\/\"},{\"@type\":\"ListItem\",\"position\":3,\"name\":\"K-Azul Robusto\"}]},{\"@type\":\"WebSite\",\"@id\":\"https:\/\/www.kolumbuscigars.com\/#website\",\"url\":\"https:\/\/www.kolumbuscigars.com\/\",\"name\":\"KOLUMBUS Cigars\",\"description\":\"Premium Cigars From La Palma\",\"potentialAction\":[{\"@type\":\"SearchAction\",\"target\":{\"@type\":\"EntryPoint\",\"urlTemplate\":\"https:\/\/www.kolumbuscigars.com\/?s={search_term_string}\"},\"query-input\":\"required name=search_term_string\"}],\"inLanguage\":\"es\"}]}<\/script>\n<!-- \/ Yoast SEO plugin. -->","yoast_head_json":{"title":"K-Azul Robusto - KOLUMBUS Cigars","robots":{"index":"index","follow":"follow","max-snippet":"max-snippet:-1","max-image-preview":"max-image-preview:large","max-video-preview":"max-video-preview:-1"},"canonical":"https:\/\/www.kolumbuscigars.com\/es\/product\/k-azul_robusto\/","og_locale":"es_ES","og_type":"article","og_title":"K-Azul Robusto - KOLUMBUS Cigars","og_description":"Caja de 8 puros Robusto Premium \u2022 Longitud: 124 mm \u2022 Di\u00e1metro: 19,84 mm \u2022 Cepo: 50  \u2022 Presentaci\u00f3n:\u00a0cajas de madera de cedro de 8 cigarros Premium, totalmente hechos a mano. \u2022 Composici\u00f3n: tripa larga de tabaco 100% natural, a\u00f1ejado en c\u00e1maras de cedro espa\u00f1ol. \u2022 Tabaco: tripa de Bre\u00f1a y capa clara Connecticut. \u2022 Sabor: muy equilibrado, floral, fresco y especiado. Inicios dulzones y delicadamente picantes. Recuerdos a frutos rojos y cedro. \u2022 Aroma: intenso, a tabaco bien a\u00f1ejado, maderas nobles, con notas a vainilla y romero. \u2022 Fortaleza: suave. \u2022 Tiro: excelente. \u2022 Combusti\u00f3n:\u00a0magn\u00edfica, muy pareja y homog\u00e9nea. \u2022 Ceniza: gris clara densa. \u2022 Tiempo de fumada: aprox. 45\u00a0min.","og_url":"https:\/\/www.kolumbuscigars.com\/es\/product\/k-azul_robusto\/","og_site_name":"KOLUMBUS Cigars","article_modified_time":"2021-03-31T13:55:13+00:00","og_image":[{"width":694,"height":694,"url":"https:\/\/www.kolumbuscigars.com\/wp-content\/uploads\/2015\/12\/K-Azul_r1.jpg","type":"image\/jpeg"}],"twitter_card":"summary_large_image","schema":{"@context":"https:\/\/schema.org","@graph":[{"@type":"WebPage","@id":"https:\/\/www.kolumbuscigars.com\/es\/product\/k-azul_robusto\/","url":"https:\/\/www.kolumbuscigars.com\/es\/product\/k-azul_robusto\/","name":"K-Azul Robusto - KOLUMBUS Cigars","isPartOf":{"@id":"https:\/\/www.kolumbuscigars.com\/#website"},"datePublished":"2015-10-13T17:11:17+00:00","dateModified":"2021-03-31T13:55:13+00:00","breadcrumb":{"@id":"https:\/\/www.kolumbuscigars.com\/es\/product\/k-azul_robusto\/#breadcrumb"},"inLanguage":"es","potentialAction":[{"@type":"ReadAction","target":["https:\/\/www.kolumbuscigars.com\/es\/product\/k-azul_robusto\/"]}]},{"@type":"BreadcrumbList","@id":"https:\/\/www.kolumbuscigars.com\/es\/product\/k-azul_robusto\/#breadcrumb","itemListElement":[{"@type":"ListItem","position":1,"name":"Home","item":"https:\/\/www.kolumbuscigars.com\/es\/"},{"@type":"ListItem","position":2,"name":"Products","item":"https:\/\/www.kolumbuscigars.com\/shop\/"},{"@type":"ListItem","position":3,"name":"K-Azul Robusto"}]},{"@type":"WebSite","@id":"https:\/\/www.kolumbuscigars.com\/#website","url":"https:\/\/www.kolumbuscigars.com\/","name":"KOLUMBUS Cigars","description":"Premium Cigars From La Palma","potentialAction":[{"@type":"SearchAction","target":{"@type":"EntryPoint","urlTemplate":"https:\/\/www.kolumbuscigars.com\/?s={search_term_string}"},"query-input":"required name=search_term_string"}],"inLanguage":"es"}]}},"_links":{"self":[{"href":"https:\/\/www.kolumbuscigars.com\/es\/wp-json\/wp\/v3\/product\/2615"}],"collection":[{"href":"https:\/\/www.kolumbuscigars.com\/es\/wp-json\/wp\/v3\/product"}],"about":[{"href":"https:\/\/www.kolumbuscigars.com\/es\/wp-json\/wp\/v2\/types\/product"}],"replies":[{"embeddable":true,"href":"https:\/\/www.kolumbuscigars.com\/es\/wp-json\/wp\/v2\/comments?post=2615"}],"wp:featuredmedia":[{"embeddable":true,"href":"https:\/\/www.kolumbuscigars.com\/es\/wp-json\/wp\/v2\/media\/3025"}],"wp:attachment":[{"href":"https:\/\/www.kolumbuscigars.com\/es\/wp-json\/wp\/v2\/media?parent=2615"}],"wp:term":[{"taxonomy":"product_cat","embeddable":true,"href":"https:\/\/www.kolumbuscigars.com\/es\/wp-json\/wp\/v2\/product_cat?post=2615"},{"taxonomy":"product_tag","embeddable":true,"href":"https:\/\/www.kolumbuscigars.com\/es\/wp-json\/wp\/v2\/product_tag?post=2615"}],"curies":[{"name":"wp","href":"https:\/\/api.w.org\/{rel}","templated":true}]}}